{"id":73994,"date":"2024-10-18T20:01:13","date_gmt":"2024-10-18T20:01:13","guid":{"rendered":"https:\/\/staging.nbg.eu\/product\/holosun-hs515cm-red-dot-sight\/"},"modified":"2024-10-25T14:24:54","modified_gmt":"2024-10-25T14:24:54","slug":"holosun-hs515cm-kolimator","status":"publish","type":"product","link":"https:\/\/staging.nbg.eu\/sk\/produkt\/holosun-hs515cm-kolimator\/","title":{"rendered":"Holosun HS515CM &#8211; Kolim\u00e1tor"},"content":{"rendered":"<div class=\"product-description\">\n<h2>Holosun HS515CM &#8211; Kolim\u00e1tor<\/h2>\n<p>HS515CM je 20mm mikro zameriava\u010d pre pu\u0161ky a karab\u00edny. Vyroben\u00fd z hlin\u00edka 7075 a m\u00e1 tieto vlastnosti:<\/p>\n<ul>\n<li>Prieh\u013eadn\u00e9, odn\u00edmate\u013en\u00e9\/oto\u010dn\u00e9 kryty \u0161o\u0161oviek<\/li>\n<li>QD mont\u00e1\u017e s kowitness v dolnej 1\/3 (1,63&#8243;)<\/li>\n<li>Vodotesnos\u0165 a prachotesnos\u0165 IP68<\/li>\n<li>Sol\u00e1rna z\u00e1lo\u017en\u00e1 technol\u00f3gia<\/li>\n<li>Syst\u00e9m s viacer\u00fdmi z\u00e1mermi s \u010dervenou Super LED<\/li>\n<li>10 denn\u00fdch a 2 no\u010dn\u00e9 nastavenia<\/li>\n<li>Technol\u00f3gia aktiv\u00e1cie pohybom<\/li>\n<li>V\u00fddr\u017e bat\u00e9rie a\u017e 50 000 hod\u00edn<\/li>\n<li>V\u00fdmena bat\u00e9rie z boku bez n\u00e1strojov<\/li>\n<\/ul>\n<p>HS515CM je ur\u010den\u00fd pre \u0161portov\u00e9 aj profesion\u00e1lne pou\u017eitie, pon\u00faka nastavenia 0,5 MOA a rozsah pohybu \u00b150 MOA. Je kon\u0161truovan\u00fd na odolnos\u0165 vo\u010di extr\u00e9mnym teplot\u00e1m a vibr\u00e1ci\u00e1m 1000G.<\/p>\n<\/div>\n","protected":false},"excerpt":{"rendered":"<p>Odoln\u00fd 20mm mikro \u010derven\u00fd bodov\u00fd zameriava\u010d pre pu\u0161ky, nap\u00e1jan\u00fd sol\u00e1rnou energiou, vodotesn\u00fd.<\/p>\n","protected":false},"featured_media":72413,"template":"","meta":{"_acf_changed":false},"product_brand":[11442],"product_cat":[13374,13407,13373],"product_tag":[],"class_list":{"0":"post-73994","1":"product","2":"type-product","3":"status-publish","4":"has-post-thumbnail","6":"product_brand-holosun","7":"product_cat-cervene-bodove-mieridla","8":"product_cat-kolimatory-na-pusky","9":"product_cat-mierenie","11":"first","12":"instock","13":"taxable","14":"shipping-taxable","15":"purchasable","16":"product-type-simple"},"acf":[],"_links":{"self":[{"href":"https:\/\/staging.nbg.eu\/sk\/wp-json\/wp\/v2\/product\/73994","targetHints":{"allow":["GET"]}}],"collection":[{"href":"https:\/\/staging.nbg.eu\/sk\/wp-json\/wp\/v2\/product"}],"about":[{"href":"https:\/\/staging.nbg.eu\/sk\/wp-json\/wp\/v2\/types\/product"}],"wp:featuredmedia":[{"embeddable":true,"href":"https:\/\/staging.nbg.eu\/sk\/wp-json\/wp\/v2\/media\/72413"}],"wp:attachment":[{"href":"https:\/\/staging.nbg.eu\/sk\/wp-json\/wp\/v2\/media?parent=73994"}],"wp:term":[{"taxonomy":"product_brand","embeddable":true,"href":"https:\/\/staging.nbg.eu\/sk\/wp-json\/wp\/v2\/product_brand?post=73994"},{"taxonomy":"product_cat","embeddable":true,"href":"https:\/\/staging.nbg.eu\/sk\/wp-json\/wp\/v2\/product_cat?post=73994"},{"taxonomy":"product_tag","embeddable":true,"href":"https:\/\/staging.nbg.eu\/sk\/wp-json\/wp\/v2\/product_tag?post=73994"}],"curies":[{"name":"wp","href":"https:\/\/api.w.org\/{rel}","templated":true}]}}