{"id":73950,"date":"2024-08-16T18:08:29","date_gmt":"2024-08-16T18:08:29","guid":{"rendered":"https:\/\/staging.nbg.eu\/product\/calypso-mini-mini-applied-ballistics-compatible\/"},"modified":"2024-10-25T07:35:21","modified_gmt":"2024-10-25T07:35:21","slug":"calypso-mini-mini-kompatibilny-s-applied-ballistics","status":"publish","type":"product","link":"https:\/\/staging.nbg.eu\/sk\/produkt\/calypso-mini-mini-kompatibilny-s-applied-ballistics\/","title":{"rendered":"Calypso Mini &#8211; Mini Kompatibiln\u00fd s Applied Ballistics"},"content":{"rendered":"<h2>Calypso Mini &#8211; Mini kompatibiln\u00fd s Applied Ballistics<\/h2>\n<p>Calypso Mini je kompaktn\u00fd ultrazvukov\u00fd anemometer a vetern\u00e1 smerovka. Tento pr\u00edstroj s priemerom 43 mm m\u00e1 pokro\u010dil\u00e9 funkcie a odoln\u00fa kon\u0161trukciu.<\/p>\n<h3>Hlavn\u00e9 vlastnosti:<\/h3>\n<ul>\n<li>Ultrazvukov\u00e9 senzory na meranie r\u00fdchlosti a smeru vetra<\/li>\n<li>Bluetooth 5.1 pripojenie s dosahom a\u017e 30 m<\/li>\n<li>Bezdr\u00f4tov\u00e9 QI nab\u00edjanie s v\u00fddr\u017eou bat\u00e9rie 150 hod\u00edn<\/li>\n<li>Hodnotenie vodotesnosti IPX8<\/li>\n<li>Kompatibilita so zariadeniami Android, iOS a Garmin<\/li>\n<li>1\/4&#8243; vn\u00fatorn\u00fd z\u00e1vit pre jednoduch\u00e9 upevnenie na stat\u00edv<\/li>\n<li>Hmotnos\u0165 iba 78 gramov<\/li>\n<\/ul>\n<p>Calypso Mini poskytuje presn\u00e9 merania vetra s rozsahom r\u00fdchlosti 0,5-25 m\/s a presnos\u0165ou smeru \u00b11\u00b0. Jeho odoln\u00e1 kon\u0161trukcia bez pohybliv\u00fdch \u010dast\u00ed zabezpe\u010duje spo\u013eahlivos\u0165 v r\u00f4znych podmienkach. Mo\u017eno ho sp\u00e1rova\u0165 s bezplatnou aplik\u00e1ciou Anemotracker pre zaznamen\u00e1vanie \u00fadajov a inform\u00e1cie o vetre v re\u00e1lnom \u010dase.<\/p>\n<p>Calypso Mini je kompaktn\u00e9 rie\u0161enie na meranie vetra pre n\u00e1morn\u00fdch nad\u0161encov, outdoorov\u00fdch dobrodruhov alebo profesion\u00e1lnych meteorol\u00f3gov.<\/p>\n","protected":false},"excerpt":{"rendered":"<p>Kompaktn\u00fd ultrazvukov\u00fd anemometer s Bluetooth pre presn\u00e9 \u00fadaje o vetre.<\/p>\n","protected":false},"featured_media":23281,"template":"","meta":{"_acf_changed":false},"product_brand":[11186],"product_cat":[13339,13400,13413],"product_tag":[],"class_list":{"0":"post-73950","1":"product","2":"type-product","3":"status-publish","4":"has-post-thumbnail","6":"product_brand-calypso","7":"product_cat-meteorologicke-pristroje","8":"product_cat-nastroje","9":"product_cat-nezaradene","11":"first","12":"instock","13":"taxable","14":"shipping-taxable","15":"purchasable","16":"product-type-simple"},"acf":[],"_links":{"self":[{"href":"https:\/\/staging.nbg.eu\/sk\/wp-json\/wp\/v2\/product\/73950","targetHints":{"allow":["GET"]}}],"collection":[{"href":"https:\/\/staging.nbg.eu\/sk\/wp-json\/wp\/v2\/product"}],"about":[{"href":"https:\/\/staging.nbg.eu\/sk\/wp-json\/wp\/v2\/types\/product"}],"wp:featuredmedia":[{"embeddable":true,"href":"https:\/\/staging.nbg.eu\/sk\/wp-json\/wp\/v2\/media\/23281"}],"wp:attachment":[{"href":"https:\/\/staging.nbg.eu\/sk\/wp-json\/wp\/v2\/media?parent=73950"}],"wp:term":[{"taxonomy":"product_brand","embeddable":true,"href":"https:\/\/staging.nbg.eu\/sk\/wp-json\/wp\/v2\/product_brand?post=73950"},{"taxonomy":"product_cat","embeddable":true,"href":"https:\/\/staging.nbg.eu\/sk\/wp-json\/wp\/v2\/product_cat?post=73950"},{"taxonomy":"product_tag","embeddable":true,"href":"https:\/\/staging.nbg.eu\/sk\/wp-json\/wp\/v2\/product_tag?post=73950"}],"curies":[{"name":"wp","href":"https:\/\/api.w.org\/{rel}","templated":true}]}}