{"id":73741,"date":"2024-10-16T19:50:15","date_gmt":"2024-10-21T08:20:20","guid":{"rendered":"https:\/\/staging.nbg.eu\/product\/casio-gba-800-1aer\/"},"modified":"2024-10-21T08:21:44","modified_gmt":"2024-10-21T08:21:44","slug":"casio-gba-800-1aer","status":"publish","type":"product","link":"https:\/\/staging.nbg.eu\/sk\/produkt\/casio-gba-800-1aer\/","title":{"rendered":"Casio GBA-800-1AER"},"content":{"rendered":"<h2>Hodinky Casio GBA-800-1AER G-SQUAD<\/h2>\n<p>Casio GBA-800-1AER G-SQUAD s\u00fa \u0161portov\u00e9 hodinky pre mestsk\u00fdch \u0161portovcov. Tieto hodinky kombinuj\u00fa odolnos\u0165 G-SHOCK so sledovan\u00edm fitness aktiv\u00edt.<\/p>\n<ul>\n<li>Bluetooth pripojenie pre integr\u00e1ciu s aplik\u00e1ciou CASIO WATCHES<\/li>\n<li>3-osov\u00fd akcelerometer na presn\u00e9 po\u010d\u00edtanie krokov<\/li>\n<li>Prisp\u00f4sobite\u013en\u00e9 \u010dasova\u010de odpo\u010d\u00edtavania a pam\u00e4\u0165 na 200 k\u00f4l<\/li>\n<li>Z\u00e1znam po\u010dtu krokov s piatimi \u00farov\u0148ami intenzity cvi\u010denia<\/li>\n<li>V\u00fdpo\u010det kal\u00f3ri\u00ed a nastavenie cie\u013ea krokov<\/li>\n<li>Automatick\u00e9 nastavenie \u010dasu a svetov\u00fd \u010das pre 300 miest<\/li>\n<li>Dvojit\u00e9 LED osvetlenie pre vidite\u013enos\u0165 pri slabom svetle<\/li>\n<\/ul>\n<p>GBA-800-1AER m\u00e1 m\u00e4kk\u00fd uret\u00e1nov\u00fd remienok s vylep\u0161en\u00fdm prisp\u00f4soben\u00edm. Jeho kompaktn\u00e9 puzdro je vhodn\u00e9 na nosenie pri \u0161porte, beh, tr\u00e9ning a ka\u017edodenn\u00e9 nosenie.<\/p>\n","protected":false},"excerpt":{"rendered":"<p>\u0160portov\u00e9 inteligentn\u00e9 hodinky s krokomerom a synchroniz\u00e1ciou s aplik\u00e1ciou.<\/p>\n","protected":false},"featured_media":71112,"template":"","meta":{"_acf_changed":false},"product_brand":[11212],"product_cat":[13387,13363],"product_tag":[],"class_list":{"0":"post-73741","1":"product","2":"type-product","3":"status-publish","4":"has-post-thumbnail","6":"product_brand-casio","7":"product_cat-edc","8":"product_cat-hodinky","10":"first","11":"instock","12":"taxable","13":"shipping-taxable","14":"purchasable","15":"product-type-simple"},"acf":[],"_links":{"self":[{"href":"https:\/\/staging.nbg.eu\/sk\/wp-json\/wp\/v2\/product\/73741","targetHints":{"allow":["GET"]}}],"collection":[{"href":"https:\/\/staging.nbg.eu\/sk\/wp-json\/wp\/v2\/product"}],"about":[{"href":"https:\/\/staging.nbg.eu\/sk\/wp-json\/wp\/v2\/types\/product"}],"wp:featuredmedia":[{"embeddable":true,"href":"https:\/\/staging.nbg.eu\/sk\/wp-json\/wp\/v2\/media\/71112"}],"wp:attachment":[{"href":"https:\/\/staging.nbg.eu\/sk\/wp-json\/wp\/v2\/media?parent=73741"}],"wp:term":[{"taxonomy":"product_brand","embeddable":true,"href":"https:\/\/staging.nbg.eu\/sk\/wp-json\/wp\/v2\/product_brand?post=73741"},{"taxonomy":"product_cat","embeddable":true,"href":"https:\/\/staging.nbg.eu\/sk\/wp-json\/wp\/v2\/product_cat?post=73741"},{"taxonomy":"product_tag","embeddable":true,"href":"https:\/\/staging.nbg.eu\/sk\/wp-json\/wp\/v2\/product_tag?post=73741"}],"curies":[{"name":"wp","href":"https:\/\/api.w.org\/{rel}","templated":true}]}}