{"id":71040,"date":"2024-01-21T15:18:33","date_gmt":"2024-01-21T15:18:33","guid":{"rendered":"https:\/\/staging.nbg.eu\/product\/surefire-123a-batteries\/"},"modified":"2025-02-04T10:28:08","modified_gmt":"2025-02-04T10:28:08","slug":"surefire-123a-baterie","status":"publish","type":"product","link":"https:\/\/staging.nbg.eu\/sk\/produkt\/surefire-123a-baterie\/","title":{"rendered":"SureFire 123A BAT\u00c9RIE"},"content":{"rendered":"<div class=\"product-description\">\n<h2>SureFire SF72-BB (123A BAT\u00c9RIA)<\/h2>\n<p>SureFire 123A l\u00edtiov\u00e1 bat\u00e9ria. V porovnan\u00ed s alkalick\u00fdmi alternat\u00edvami pon\u00faka:<\/p>\n<ul>\n<li>10-ro\u010dn\u00fa \u017eivotnos\u0165 na poli\u010dke<\/li>\n<li>3V nap\u00e4tie a kapacitu 1 550 mAh<\/li>\n<li>Hmotnos\u0165 len 17 gramov<\/li>\n<li>Optimaliz\u00e1cia pre baterky SureFire<\/li>\n<\/ul>\n<p>Bat\u00e9rie SureFire s\u00fa pripraven\u00e9 na pou\u017eitie, ke\u010f ich potrebujete. Vhodn\u00e9 pre d\u00f4le\u017eit\u00e9 aplik\u00e1cie.<\/p>\n<\/div>\n","protected":false},"excerpt":{"rendered":"<p>Vysokov\u00fdkonn\u00e1 l\u00edtiov\u00e1 bat\u00e9ria 123A. 10-ro\u010dn\u00e1 \u017eivotnos\u0165, 3V, 1550mAh.<\/p>\n","protected":false},"featured_media":71041,"template":"","meta":{"_acf_changed":false},"product_brand":[11873],"product_cat":[13336,13387,13356,13388],"product_tag":[],"class_list":{"0":"post-71040","1":"product","2":"type-product","3":"status-publish","4":"has-post-thumbnail","6":"product_brand-surefire","7":"product_cat-baterie","8":"product_cat-edc","9":"product_cat-edc-svetla","10":"product_cat-svetla","12":"first","13":"instock","14":"taxable","15":"shipping-taxable","16":"purchasable","17":"product-type-simple"},"acf":[],"_links":{"self":[{"href":"https:\/\/staging.nbg.eu\/sk\/wp-json\/wp\/v2\/product\/71040","targetHints":{"allow":["GET"]}}],"collection":[{"href":"https:\/\/staging.nbg.eu\/sk\/wp-json\/wp\/v2\/product"}],"about":[{"href":"https:\/\/staging.nbg.eu\/sk\/wp-json\/wp\/v2\/types\/product"}],"wp:featuredmedia":[{"embeddable":true,"href":"https:\/\/staging.nbg.eu\/sk\/wp-json\/wp\/v2\/media\/71041"}],"wp:attachment":[{"href":"https:\/\/staging.nbg.eu\/sk\/wp-json\/wp\/v2\/media?parent=71040"}],"wp:term":[{"taxonomy":"product_brand","embeddable":true,"href":"https:\/\/staging.nbg.eu\/sk\/wp-json\/wp\/v2\/product_brand?post=71040"},{"taxonomy":"product_cat","embeddable":true,"href":"https:\/\/staging.nbg.eu\/sk\/wp-json\/wp\/v2\/product_cat?post=71040"},{"taxonomy":"product_tag","embeddable":true,"href":"https:\/\/staging.nbg.eu\/sk\/wp-json\/wp\/v2\/product_tag?post=71040"}],"curies":[{"name":"wp","href":"https:\/\/api.w.org\/{rel}","templated":true}]}}