{"id":68950,"date":"2023-11-26T17:56:23","date_gmt":"2023-11-26T17:56:23","guid":{"rendered":"https:\/\/staging.nbg.eu\/product\/geissele-super-duty-rifle-14-5-5-56mm-luna-black\/"},"modified":"2024-09-27T10:20:44","modified_gmt":"2024-09-27T10:20:44","slug":"geissele-super-duty-puska-145-556mm-luna-cierna","status":"publish","type":"product","link":"https:\/\/staging.nbg.eu\/sk\/produkt\/geissele-super-duty-puska-145-556mm-luna-cierna\/","title":{"rendered":"Geissele Super Duty pu\u0161ka, 14.5&#8243;, 5.56MM &#8211; Luna \u010dierna"},"content":{"rendered":"<h2>Geissele Super Duty &#8211; 14,5&#8243; 5,56MM<\/h2>\n<p>Geissele Super Duty je 14,5&#8243; pu\u0161ka v kalibre 5,56 NATO.<\/p>\n<h2>Hlavn\u00e9 vlastnosti:<\/h2>\n<ul>\n<li>14,5&#8243; za studena kovan\u00e1, chr\u00f3movan\u00e1 hlave\u0148 (st\u00fapanie 1:7&#8243;)<\/li>\n<li>Vyroben\u00e9 v z\u00e1vode Geissele v North Wales, PA<\/li>\n<li>Plynov\u00fd syst\u00e9m karb\u00ednovej d\u013a\u017eky s kompaktn\u00fdm plynov\u00fdm blokom<\/li>\n<li>14&#8243; SMR MK14.5 modul\u00e1rna li\u0161ta kompatibiln\u00e1 s M-LOK<\/li>\n<li>Spodn\u00e1 \u010das\u0165 z hlin\u00edka 7075-T6 s Ultra Duty s\u00fa\u010diastkami<\/li>\n<li>Obojstrann\u00e1 konfigurovate\u013en\u00e1 poistka<\/li>\n<li>Super-42 ak\u010dn\u00e1 pru\u017eina a H3 tlmi\u010d<\/li>\n<\/ul>\n<h2>\u0160pecifik\u00e1cie:<\/h2>\n<ul>\n<li>Kaliber: 5,56 NATO<\/li>\n<li>Hlave\u0148: Geissele za studena kovan\u00e1, chr\u00f3movan\u00e1, st\u00fapanie 1\/7<\/li>\n<li>Telo: Kovan\u00e9 7075-T6, tvrd\u00fd elox typu III<\/li>\n<li>Nosi\u010d z\u00e1veru: REBCG (Vylep\u0161en\u00fd nosi\u010d z\u00e1veru)<\/li>\n<li>Sp\u00fa\u0161\u0165: SSA-X s Lightning Bow<\/li>\n<li>\u00das\u0165ov\u00e9 zariadenie: Geissele Sparkout tlmi\u010d v\u00fd\u0161\u013eahu<\/li>\n<li>Nap\u00ednacia p\u00e1ka: Airborne<\/li>\n<li>Farba: DDC (P\u00fa\u0161tna farba)*<\/li>\n<\/ul>\n<p><em>*Pozn\u00e1mka: Odtie\u0148 DDC eloxu sa m\u00f4\u017ee l\u00ed\u0161i\u0165<\/em><\/p>\n<p>Geissele Super Duty je kompaktn\u00e1 pu\u0161ka s vysok\u00fdm v\u00fdkonom.<\/p>\n","protected":false},"excerpt":{"rendered":"<p>Geissele Super Duty: 14,5&#8243; 5,56 mm, pokro\u010dil\u00e1 technol\u00f3gia, prec\u00edzne vyroben\u00e1.<\/p>\n","protected":false},"featured_media":68951,"template":"","meta":{"_acf_changed":false},"product_brand":[11391],"product_cat":[13394,13397],"product_tag":[],"class_list":{"0":"post-68950","1":"product","2":"type-product","3":"status-publish","4":"has-post-thumbnail","6":"product_brand-geissele","7":"product_cat-karabiny","8":"product_cat-puska","10":"first","11":"outofstock","12":"taxable","13":"shipping-taxable","14":"product-type-simple"},"acf":[],"_links":{"self":[{"href":"https:\/\/staging.nbg.eu\/sk\/wp-json\/wp\/v2\/product\/68950","targetHints":{"allow":["GET"]}}],"collection":[{"href":"https:\/\/staging.nbg.eu\/sk\/wp-json\/wp\/v2\/product"}],"about":[{"href":"https:\/\/staging.nbg.eu\/sk\/wp-json\/wp\/v2\/types\/product"}],"wp:featuredmedia":[{"embeddable":true,"href":"https:\/\/staging.nbg.eu\/sk\/wp-json\/wp\/v2\/media\/68951"}],"wp:attachment":[{"href":"https:\/\/staging.nbg.eu\/sk\/wp-json\/wp\/v2\/media?parent=68950"}],"wp:term":[{"taxonomy":"product_brand","embeddable":true,"href":"https:\/\/staging.nbg.eu\/sk\/wp-json\/wp\/v2\/product_brand?post=68950"},{"taxonomy":"product_cat","embeddable":true,"href":"https:\/\/staging.nbg.eu\/sk\/wp-json\/wp\/v2\/product_cat?post=68950"},{"taxonomy":"product_tag","embeddable":true,"href":"https:\/\/staging.nbg.eu\/sk\/wp-json\/wp\/v2\/product_tag?post=68950"}],"curies":[{"name":"wp","href":"https:\/\/api.w.org\/{rel}","templated":true}]}}