{"id":68876,"date":"2023-11-26T19:05:46","date_gmt":"2024-09-20T12:58:51","guid":{"rendered":"https:\/\/staging.nbg.eu\/product\/geissele-super-duty-mod1-rifle-16-5-56mm-luna-black\/"},"modified":"2024-09-27T10:17:16","modified_gmt":"2024-09-27T10:17:16","slug":"geissele-super-duty-puska-16-556mm-luna-cierna","status":"publish","type":"product","link":"https:\/\/staging.nbg.eu\/sk\/produkt\/geissele-super-duty-puska-16-556mm-luna-cierna\/","title":{"rendered":"Geissele Super Duty pu\u0161ka, 16&#8243;, 5.56MM- Luna \u010dierna"},"content":{"rendered":"<h2>Pu\u0161ka Geissele Super Duty &#8211; 16&#8243; 5,56MM<\/h2>\n<p>Geissele Super Duty je 16&#8243; pu\u0161ka v kalibri 5,56 NATO, ktor\u00e1 kombinuje modern\u00fa technol\u00f3giu s remeseln\u00fdm spracovan\u00edm.<\/p>\n<h2>Hlavn\u00e9 vlastnosti:<\/h2>\n<ul>\n<li>16&#8243; za studena kovan\u00e1, chr\u00f3movan\u00e1 hlave\u0148 (st\u00fapanie 1:7&#8243;)<\/li>\n<li>Vyroben\u00e1 v zariaden\u00ed Geissele v North Wales, PA<\/li>\n<li>Plynov\u00fd syst\u00e9m karb\u00ednovej d\u013a\u017eky so super kompaktn\u00fdm plynov\u00fdm blokom<\/li>\n<li>15&#8243; SMR MK16 modul\u00e1rna li\u0161ta kompatibiln\u00e1 s M-LOK<\/li>\n<li>Spodn\u00e1 \u010das\u0165 pa\u017eby z hlin\u00edka 7075-T6 so s\u00fapravou Ultra Duty<\/li>\n<li>Obojstrann\u00e1 konfigurovate\u013en\u00e1 poistka<\/li>\n<li>Pru\u017eina Super-42 a z\u00e1va\u017e\u00ed H3<\/li>\n<\/ul>\n<h2>\u0160pecifik\u00e1cie:<\/h2>\n<ul>\n<li>Kaliber: 5,56 NATO<\/li>\n<li>Hlave\u0148: Geissele za studena kovan\u00e1, chr\u00f3movan\u00e1, st\u00fapanie 1\/7<\/li>\n<li>Pa\u017eba: Kovan\u00e1 7075-T6, tvrd\u00e1 anodiz\u00e1cia typ III<\/li>\n<li>Nosi\u010d z\u00e1veru: REBCG (Nosi\u010d z\u00e1veru so zv\u00fd\u0161enou spo\u013eahlivos\u0165ou)<\/li>\n<li>Sp\u00fa\u0161\u0165: SSA-X s Lightning Bow<\/li>\n<li>\u00das\u0165ov\u00e9 zariadenie: Geissele Sparkout tlmi\u010d v\u00fd\u0161\u013eahu<\/li>\n<li>Nap\u00ednacia p\u00e1ka: Airborne<\/li>\n<li>Farba: DDC (Desert Dirt Color)*<\/li>\n<\/ul>\n<p><em>*Pozn\u00e1mka: Odtie\u0148 anodiz\u00e1cie DDC sa m\u00f4\u017ee l\u00ed\u0161i\u0165<\/em><\/p>\n<p>Pu\u0161ka Geissele Super Duty je presn\u00e1 a spo\u013eahliv\u00e1 v kompaktnom, vysokov\u00fdkonnom preveden\u00ed.<\/p>\n","protected":false},"excerpt":{"rendered":"<p>Geissele Super Duty: 16&#8243; 5,56 mm, pokro\u010dil\u00e1 technol\u00f3gia, presne vyroben\u00e1.<\/p>\n","protected":false},"featured_media":68877,"template":"","meta":{"_acf_changed":false},"product_brand":[11391],"product_cat":[13394,13397],"product_tag":[],"class_list":{"0":"post-68876","1":"product","2":"type-product","3":"status-publish","4":"has-post-thumbnail","6":"product_brand-geissele","7":"product_cat-karabiny","8":"product_cat-puska","10":"first","11":"instock","12":"taxable","13":"shipping-taxable","14":"product-type-simple"},"acf":[],"_links":{"self":[{"href":"https:\/\/staging.nbg.eu\/sk\/wp-json\/wp\/v2\/product\/68876","targetHints":{"allow":["GET"]}}],"collection":[{"href":"https:\/\/staging.nbg.eu\/sk\/wp-json\/wp\/v2\/product"}],"about":[{"href":"https:\/\/staging.nbg.eu\/sk\/wp-json\/wp\/v2\/types\/product"}],"wp:featuredmedia":[{"embeddable":true,"href":"https:\/\/staging.nbg.eu\/sk\/wp-json\/wp\/v2\/media\/68877"}],"wp:attachment":[{"href":"https:\/\/staging.nbg.eu\/sk\/wp-json\/wp\/v2\/media?parent=68876"}],"wp:term":[{"taxonomy":"product_brand","embeddable":true,"href":"https:\/\/staging.nbg.eu\/sk\/wp-json\/wp\/v2\/product_brand?post=68876"},{"taxonomy":"product_cat","embeddable":true,"href":"https:\/\/staging.nbg.eu\/sk\/wp-json\/wp\/v2\/product_cat?post=68876"},{"taxonomy":"product_tag","embeddable":true,"href":"https:\/\/staging.nbg.eu\/sk\/wp-json\/wp\/v2\/product_tag?post=68876"}],"curies":[{"name":"wp","href":"https:\/\/api.w.org\/{rel}","templated":true}]}}