{"id":68770,"date":"2023-11-26T20:00:44","date_gmt":"2024-09-20T12:57:51","guid":{"rendered":"https:\/\/staging.nbg.eu\/product\/geissele-super-duty-mod1-rifle-16-5-56mm-ddc\/"},"modified":"2024-09-27T10:15:00","modified_gmt":"2024-09-27T10:15:00","slug":"geissele-super-duty-puska-16-556mm-ddc","status":"publish","type":"product","link":"https:\/\/staging.nbg.eu\/sk\/produkt\/geissele-super-duty-puska-16-556mm-ddc\/","title":{"rendered":"Geissele Super Duty, pu\u0161ka, 16&#8243;, 5.56MM-DDC"},"content":{"rendered":"<h2>Pu\u0161ka Geissele Super Duty &#8211; 16&#8243; 5,56MM<\/h2>\n<p>Pu\u0161ka Geissele Super Duty 16&#8243; v kalibri 5,56 NATO kombinuje modern\u00fa technol\u00f3giu s kvalitn\u00fdm spracovan\u00edm.<\/p>\n<h2>Hlavn\u00e9 vlastnosti:<\/h2>\n<ul>\n<li>16&#8243; hlave\u0148 kovan\u00e1 za studena, pochr\u00f3movan\u00e1 (st\u00fapanie 1:7&#8243;)<\/li>\n<li>Vyroben\u00e1 v zariaden\u00ed Geissele v North Wales, PA<\/li>\n<li>Plynov\u00fd syst\u00e9m s karb\u00ednovou d\u013a\u017ekou so super kompaktn\u00fdm plynov\u00fdm blokom<\/li>\n<li>15&#8243; modul\u00e1rna li\u0161ta SMR MK16 kompatibiln\u00e1 s M-LOK<\/li>\n<li>Spodn\u00e1 \u010das\u0165 pa\u017eby z hlin\u00edka 7075-T6 s Ultra Duty s\u00fa\u010das\u0165ami<\/li>\n<li>Obojstrann\u00e1 nastavite\u013en\u00e1 poistka<\/li>\n<li>Vratn\u00e1 pru\u017eina Super-42 a tlmi\u010d sp\u00e4tn\u00e9ho r\u00e1zu H3<\/li>\n<\/ul>\n<h2>\u0160pecifik\u00e1cie:<\/h2>\n<ul>\n<li>Kaliber: 5,56 NATO<\/li>\n<li>Hlave\u0148: Geissele kovan\u00e1 za studena, pochr\u00f3movan\u00e1, st\u00fapanie 1\/7<\/li>\n<li>Telo zbrane: Kovan\u00e9 7075-T6, tvrd\u00e1 anodiz\u00e1cia typu III<\/li>\n<li>Nosi\u010d z\u00e1vorn\u00edka: REBCG (Vylep\u0161en\u00fd nosi\u010d z\u00e1vorn\u00edka pre zv\u00fd\u0161en\u00fa spo\u013eahlivos\u0165)<\/li>\n<li>Sp\u00fa\u0161\u0165: SSA-X s Lightning Bow<\/li>\n<li>\u00das\u0165ov\u00e9 zariadenie: Tlmi\u010d v\u00fd\u0161\u013eahu Geissele Sparkout<\/li>\n<li>Nap\u00ednacia p\u00e1ka: Airborne<\/li>\n<li>Farba: DDC (P\u00fa\u0161tna pieskov\u00e1)*<\/li>\n<\/ul>\n<p><em>*Pozn\u00e1mka: Odtie\u0148 DDC anodiz\u00e1cie sa m\u00f4\u017ee l\u00ed\u0161i\u0165<\/em><\/p>\n<p>Pu\u0161ka Geissele Super Duty pon\u00faka presnos\u0165 a spo\u013eahlivos\u0165 v kompaktnom balen\u00ed s vysok\u00fdm v\u00fdkonom.<\/p>\n","protected":false},"excerpt":{"rendered":"<p>Geissele Super Duty: 16&#8243; 5,56 mm, pokro\u010dil\u00e1 technol\u00f3gia, prec\u00edzne skon\u0161truovan\u00e1.<\/p>\n","protected":false},"featured_media":68771,"template":"","meta":{"_acf_changed":false},"product_brand":[11391],"product_cat":[13394,13382,13397],"product_tag":[],"class_list":{"0":"post-68770","1":"product","2":"type-product","3":"status-publish","4":"has-post-thumbnail","6":"product_brand-geissele","7":"product_cat-karabiny","8":"product_cat-licencovany","9":"product_cat-puska","11":"first","12":"instock","13":"taxable","14":"shipping-taxable","15":"product-type-simple"},"acf":[],"_links":{"self":[{"href":"https:\/\/staging.nbg.eu\/sk\/wp-json\/wp\/v2\/product\/68770","targetHints":{"allow":["GET"]}}],"collection":[{"href":"https:\/\/staging.nbg.eu\/sk\/wp-json\/wp\/v2\/product"}],"about":[{"href":"https:\/\/staging.nbg.eu\/sk\/wp-json\/wp\/v2\/types\/product"}],"wp:featuredmedia":[{"embeddable":true,"href":"https:\/\/staging.nbg.eu\/sk\/wp-json\/wp\/v2\/media\/68771"}],"wp:attachment":[{"href":"https:\/\/staging.nbg.eu\/sk\/wp-json\/wp\/v2\/media?parent=68770"}],"wp:term":[{"taxonomy":"product_brand","embeddable":true,"href":"https:\/\/staging.nbg.eu\/sk\/wp-json\/wp\/v2\/product_brand?post=68770"},{"taxonomy":"product_cat","embeddable":true,"href":"https:\/\/staging.nbg.eu\/sk\/wp-json\/wp\/v2\/product_cat?post=68770"},{"taxonomy":"product_tag","embeddable":true,"href":"https:\/\/staging.nbg.eu\/sk\/wp-json\/wp\/v2\/product_tag?post=68770"}],"curies":[{"name":"wp","href":"https:\/\/api.w.org\/{rel}","templated":true}]}}