{"id":68632,"date":"2023-11-29T09:17:17","date_gmt":"2024-09-20T12:32:52","guid":{"rendered":"https:\/\/staging.nbg.eu\/product\/geissele-super-duty-mod1-11-5-5-56mm-black\/"},"modified":"2024-09-27T10:10:57","modified_gmt":"2024-09-27T10:10:57","slug":"geissele-super-duty-115-556mm-cierna","status":"publish","type":"product","link":"https:\/\/staging.nbg.eu\/sk\/produkt\/geissele-super-duty-115-556mm-cierna\/","title":{"rendered":"Geissele Super Duty, 11.5&#8243;, 5.56MM-\u010dierna"},"content":{"rendered":"<h2>Geissele Super Duty &#8211; 11.5&#8243; 5.56MM<\/h2>\n<p>Geissele Super Duty je pu\u0161ka s 11,5-palcovou hlav\u0148ou v kalibre 5,56 NATO.<\/p>\n<h2>Hlavn\u00e9 vlastnosti:<\/h2>\n<ul>\n<li>11,5&#8243; hlave\u0148 kovan\u00e1 za studena, s chr\u00f3movou vlo\u017ekou (st\u00fapanie 1:7&#8243;)<\/li>\n<li>Vyroben\u00e9 v zariaden\u00ed Geissele v North Wales, PA<\/li>\n<li>Plynov\u00fd syst\u00e9m karb\u00ednovej d\u013a\u017eky so super kompaktn\u00fdm plynov\u00fdm blokom<\/li>\n<li>10,5&#8243; SMR MK11.5 modul\u00e1rna li\u0161ta kompatibiln\u00e1 s M-LOK<\/li>\n<li>Spodn\u00e1 \u010das\u0165 z hlin\u00edka 7075-T6 s Ultra Duty s\u00fapravou dielov<\/li>\n<li>Obojstrann\u00e1 konfigurovate\u013en\u00e1 poistka<\/li>\n<li>Super-42 ak\u010dn\u00e1 pru\u017eina a H3 tlmi\u010d<\/li>\n<\/ul>\n<h2>\u0160pecifik\u00e1cie:<\/h2>\n<ul>\n<li>Kaliber: 5,56 NATO<\/li>\n<li>Hlave\u0148: Geissele kovan\u00e1 za studena, s chr\u00f3movou vlo\u017ekou, st\u00fapanie 1\/7<\/li>\n<li>Telo: Kovan\u00e9 7075-T6, tvrd\u00e1 anodiz\u00e1cia typ III<\/li>\n<li>Nosi\u010d z\u00e1veru: REBCG (Reliability Enhanced Bolt Carrier Group)<\/li>\n<li>Sp\u00fa\u0161\u0165: SSA-X s Lightning Bow<\/li>\n<li>\u00das\u0165ov\u00e9 zariadenie: Geissele Sparkout tlmi\u010d v\u00fd\u0161\u013eahu<\/li>\n<li>Nab\u00edjacia rukov\u00e4\u0165: Airborne<\/li>\n<li>Farba: DDC (Desert Dirt Color)*<\/li>\n<\/ul>\n<p><em>*Pozn\u00e1mka: Odtie\u0148 DDC anodiz\u00e1cie sa m\u00f4\u017ee l\u00ed\u0161i\u0165<\/em><\/p>\n<p>Geissele Super Duty je kompaktn\u00e1 pu\u0161ka s vysok\u00fdm v\u00fdkonom.<\/p>\n","protected":false},"excerpt":{"rendered":"<p>Geissele Super Duty: 11,5&#8243; 5,56 mm, pokro\u010dil\u00e1 technol\u00f3gia, prec\u00edzne vyroben\u00fd.<\/p>\n","protected":false},"featured_media":191176,"template":"","meta":{"_acf_changed":false},"product_brand":[11391],"product_cat":[13394,13397],"product_tag":[],"class_list":{"0":"post-68632","1":"product","2":"type-product","3":"status-publish","4":"has-post-thumbnail","6":"product_brand-geissele","7":"product_cat-karabiny","8":"product_cat-puska","10":"first","11":"instock","12":"taxable","13":"shipping-taxable","14":"product-type-simple"},"acf":[],"_links":{"self":[{"href":"https:\/\/staging.nbg.eu\/sk\/wp-json\/wp\/v2\/product\/68632","targetHints":{"allow":["GET"]}}],"collection":[{"href":"https:\/\/staging.nbg.eu\/sk\/wp-json\/wp\/v2\/product"}],"about":[{"href":"https:\/\/staging.nbg.eu\/sk\/wp-json\/wp\/v2\/types\/product"}],"wp:featuredmedia":[{"embeddable":true,"href":"https:\/\/staging.nbg.eu\/sk\/wp-json\/wp\/v2\/media\/191176"}],"wp:attachment":[{"href":"https:\/\/staging.nbg.eu\/sk\/wp-json\/wp\/v2\/media?parent=68632"}],"wp:term":[{"taxonomy":"product_brand","embeddable":true,"href":"https:\/\/staging.nbg.eu\/sk\/wp-json\/wp\/v2\/product_brand?post=68632"},{"taxonomy":"product_cat","embeddable":true,"href":"https:\/\/staging.nbg.eu\/sk\/wp-json\/wp\/v2\/product_cat?post=68632"},{"taxonomy":"product_tag","embeddable":true,"href":"https:\/\/staging.nbg.eu\/sk\/wp-json\/wp\/v2\/product_tag?post=68632"}],"curies":[{"name":"wp","href":"https:\/\/api.w.org\/{rel}","templated":true}]}}