{"id":68400,"date":"2023-12-10T10:23:45","date_gmt":"2023-12-10T10:23:45","guid":{"rendered":"https:\/\/staging.nbg.eu\/product\/alg-defense-el-jefe-16-5-56mm-black\/"},"modified":"2025-10-01T16:06:18","modified_gmt":"2025-10-01T13:06:18","slug":"alg-defense-el-jefe-16-556mm-cierna","status":"publish","type":"product","link":"https:\/\/staging.nbg.eu\/sk\/produkt\/alg-defense-el-jefe-16-556mm-cierna\/","title":{"rendered":"ALG Defense El Jefe, 16&#8243;, 5.56MM &#8211; \u010dierna"},"content":{"rendered":"<h2>ALG Defense El Jefe, 16&#8243;, 5,56 mm &#8211; \u010cierna<\/h2>\n<p>Pu\u0161ka ALG Defense El Jefe je kompletn\u00fd syst\u00e9m, ktor\u00fd sa dod\u00e1va s popruhem a \u010derven\u00fdm zameriava\u010dom Warner &amp; Swasey.<\/p>\n<h2>Hlavn\u00e9 vlastnosti:<\/h2>\n<ul>\n<li>Receivers z hlin\u00edka 7075, kovan\u00e9 a CNC obr\u00e1ban\u00e9<\/li>\n<li>Povrchov\u00e1 \u00faprava Mil-Spec Type 3 v matnej \u010diernej farbe<\/li>\n<li>Predpa\u017ebie ALG V3X s M-LOK slotmi<\/li>\n<li>Pa\u017eba B5 Systems SOPMOD<\/li>\n<li>Geissele Super 42 pru\u017eina z\u00e1sobn\u00edka a H1 z\u00e1sobn\u00edk<\/li>\n<li>Mil-Spec nosi\u010d z\u00e1veru s tvrd\u00fdm chr\u00f3movan\u00fdm povrchom<\/li>\n<li>ALG Defense Advanced Combat Trigger (ACT)<\/li>\n<li>V\u0155tan\u00e1, chr\u00f3movan\u00e1 hlave\u0148 s komorou 5,56 NATO<\/li>\n<li>Geissele plynov\u00fd blok a pred\u013a\u017een\u00e1 plynov\u00e1 trubica strednej d\u013a\u017eky<\/li>\n<li>Obsahuje Mil-Spec popruh na pu\u0161ku M4 a QD z\u00e1vesy<\/li>\n<li>Warner and Swasey 3 MOA \u010derven\u00fd zameriava\u010d s integrovan\u00fdmi z\u00e1lo\u017en\u00fdmi mieridlami<\/li>\n<\/ul>\n<p>El Jefe kombinuje kvalitn\u00e9 komponenty a odborn\u00e9 spracovanie. Je vhodn\u00e1 pre \u0161portov\u00fa stre\u013ebu, policajn\u00e9 zlo\u017eky a dom\u00e1cu obranu.<\/p>\n","protected":false},"excerpt":{"rendered":"<p>ALG Defense El Jefe: Vysokokvalitn\u00e1 5,56mm AR-15 s pr\u00e9miov\u00fdmi funkciami.<\/p>\n","protected":false},"featured_media":68401,"template":"","meta":{"_acf_changed":false},"product_brand":[11391],"product_cat":[13394,13397],"product_tag":[],"class_list":{"0":"post-68400","1":"product","2":"type-product","3":"status-publish","4":"has-post-thumbnail","6":"product_brand-geissele","7":"product_cat-karabiny","8":"product_cat-puska","10":"first","11":"instock","12":"taxable","13":"shipping-taxable","14":"product-type-simple"},"acf":[],"_links":{"self":[{"href":"https:\/\/staging.nbg.eu\/sk\/wp-json\/wp\/v2\/product\/68400","targetHints":{"allow":["GET"]}}],"collection":[{"href":"https:\/\/staging.nbg.eu\/sk\/wp-json\/wp\/v2\/product"}],"about":[{"href":"https:\/\/staging.nbg.eu\/sk\/wp-json\/wp\/v2\/types\/product"}],"wp:featuredmedia":[{"embeddable":true,"href":"https:\/\/staging.nbg.eu\/sk\/wp-json\/wp\/v2\/media\/68401"}],"wp:attachment":[{"href":"https:\/\/staging.nbg.eu\/sk\/wp-json\/wp\/v2\/media?parent=68400"}],"wp:term":[{"taxonomy":"product_brand","embeddable":true,"href":"https:\/\/staging.nbg.eu\/sk\/wp-json\/wp\/v2\/product_brand?post=68400"},{"taxonomy":"product_cat","embeddable":true,"href":"https:\/\/staging.nbg.eu\/sk\/wp-json\/wp\/v2\/product_cat?post=68400"},{"taxonomy":"product_tag","embeddable":true,"href":"https:\/\/staging.nbg.eu\/sk\/wp-json\/wp\/v2\/product_tag?post=68400"}],"curies":[{"name":"wp","href":"https:\/\/api.w.org\/{rel}","templated":true}]}}