{"id":68235,"date":"2024-01-30T18:09:06","date_gmt":"2024-09-20T12:20:27","guid":{"rendered":"https:\/\/staging.nbg.eu\/product\/surefire-m640dft-pro\/"},"modified":"2024-09-20T12:21:28","modified_gmt":"2024-09-20T12:21:28","slug":"surefire-m640dft-pro","status":"publish","type":"product","link":"https:\/\/staging.nbg.eu\/sk\/produkt\/surefire-m640dft-pro\/","title":{"rendered":"SureFire M640DFT-PRO"},"content":{"rendered":"<div class=\"product-description\">\n<h2>SureFire M640DFT-PRO Turbo Scout Light Pro<\/h2>\n<p>M640DFT-PRO Turbo Scout Light Pro m\u00e1 tieto vlastnosti:<\/p>\n<ul>\n<li>100 000 kandel intenzity sveteln\u00e9ho l\u00fa\u010da s prilo\u017eenou bat\u00e9riou SF18650B<\/li>\n<li>Turbo vzor l\u00fa\u010da pre identifik\u00e1ciu cie\u013eov na ve\u013ek\u00fa vzdialenos\u0165<\/li>\n<li>N\u00edzkoprofilov\u00e9 uchytenie (kompatibiln\u00e9 s MIL-STD-1913 a M-LOK)<\/li>\n<li>Du\u00e1lne nap\u00e1janie: pou\u017eitie nab\u00edjate\u013enej bat\u00e9rie SF18650B alebo dvoch l\u00edtiov\u00fdch bat\u00e9ri\u00ed 123A<\/li>\n<li>Odolnos\u0165 a mo\u017enosti dia\u013ekov\u00e9ho sp\u00ednania<\/li>\n<\/ul>\n<p>Vyroben\u00e9 z \u013eahk\u00e9ho leteck\u00e9ho hlin\u00edka s tvrdou anodiz\u00e1ciou pod\u013ea vojensk\u00fdch \u0161pecifik\u00e1ci\u00ed, toto svietidlo na zbra\u0148 s O-kr\u00fa\u017ekov\u00fdm tesnen\u00edm je vhodn\u00e9 pre aplik\u00e1cie na dlh\u00e9 vzdialenosti.<\/p>\n<\/div>\n","protected":false},"excerpt":{"rendered":"<p>Vysokov\u00fdkonn\u00e9 taktick\u00e9 svetlo s l\u00fa\u010dom 100 000 kandel na pou\u017eitie na dlh\u00e9 vzdialenosti.<\/p>\n","protected":false},"featured_media":68236,"template":"","meta":{"_acf_changed":false},"product_brand":[11873],"product_cat":[13397,13388,13348],"product_tag":[],"class_list":{"0":"post-68235","1":"product","2":"type-product","3":"status-publish","4":"has-post-thumbnail","6":"product_brand-surefire","7":"product_cat-puska","8":"product_cat-svetla","9":"product_cat-svetla-na-pusky","11":"first","12":"instock","13":"taxable","14":"shipping-taxable","15":"purchasable","16":"product-type-variable","17":"wvs-archive-product-wrapper"},"acf":[],"_links":{"self":[{"href":"https:\/\/staging.nbg.eu\/sk\/wp-json\/wp\/v2\/product\/68235","targetHints":{"allow":["GET"]}}],"collection":[{"href":"https:\/\/staging.nbg.eu\/sk\/wp-json\/wp\/v2\/product"}],"about":[{"href":"https:\/\/staging.nbg.eu\/sk\/wp-json\/wp\/v2\/types\/product"}],"wp:featuredmedia":[{"embeddable":true,"href":"https:\/\/staging.nbg.eu\/sk\/wp-json\/wp\/v2\/media\/68236"}],"wp:attachment":[{"href":"https:\/\/staging.nbg.eu\/sk\/wp-json\/wp\/v2\/media?parent=68235"}],"wp:term":[{"taxonomy":"product_brand","embeddable":true,"href":"https:\/\/staging.nbg.eu\/sk\/wp-json\/wp\/v2\/product_brand?post=68235"},{"taxonomy":"product_cat","embeddable":true,"href":"https:\/\/staging.nbg.eu\/sk\/wp-json\/wp\/v2\/product_cat?post=68235"},{"taxonomy":"product_tag","embeddable":true,"href":"https:\/\/staging.nbg.eu\/sk\/wp-json\/wp\/v2\/product_tag?post=68235"}],"curies":[{"name":"wp","href":"https:\/\/api.w.org\/{rel}","templated":true}]}}