{"id":67965,"date":"2024-01-13T10:41:33","date_gmt":"2024-09-20T12:17:59","guid":{"rendered":"https:\/\/staging.nbg.eu\/product\/surefire-m340dft-pro\/"},"modified":"2024-09-20T12:19:00","modified_gmt":"2024-09-20T12:19:00","slug":"surefire-m340dft-pro","status":"publish","type":"product","link":"https:\/\/staging.nbg.eu\/sk\/produkt\/surefire-m340dft-pro\/","title":{"rendered":"SureFire M340DFT-PRO"},"content":{"rendered":"<div class=\"product-description\">\n<h2>SureFire M340DFT-PRO Turbo Mini Scout Light Pro<\/h2>\n<p>M340DFT-PRO pon\u00faka:<\/p>\n<ul>\n<li>95 000 kandel intenzity sveteln\u00e9ho l\u00fa\u010da s prilo\u017eenou bat\u00e9riou SF18350<\/li>\n<li>Turbo vzor l\u00fa\u010da pre identifik\u00e1ciu cie\u013eov na extr\u00e9mne vzdialenosti<\/li>\n<li>N\u00edzko profilov\u00e9 upevnenie pre optim\u00e1lne umiestnenie<\/li>\n<li>Mo\u017enos\u0165 pou\u017eitia dob\u00edjate\u013enej bat\u00e9rie SF18350 alebo l\u00edtiovej bat\u00e9rie 123A<\/li>\n<li>Odoln\u00e1 kon\u0161trukcia a mo\u017enosti dia\u013ekov\u00e9ho ovl\u00e1dania<\/li>\n<\/ul>\n<p>M340DFT-PRO m\u00e1 kompaktn\u00e9 rozmery. Presn\u00fd reflektor poskytuje koncentrovan\u00fd l\u00fa\u010d, vhodn\u00fd pre aplik\u00e1cie na dlh\u00e9 vzdialenosti. Vyroben\u00e9 z leteck\u00e9ho hlin\u00edka s tvrdou anodizovanou povrchovou \u00fapravou pod\u013ea vojensk\u00fdch \u0161pecifik\u00e1ci\u00ed, tento WeaponLight je navrhnut\u00fd pre n\u00e1ro\u010dn\u00e9 podmienky.<\/p>\n<\/div>\n","protected":false},"excerpt":{"rendered":"<p>Kompaktn\u00e9 vysoko v\u00fdkonn\u00e9 taktick\u00e9 svietidlo s maxim\u00e1lnou intenzitou l\u00fa\u010da 95 000 kandel.<\/p>\n","protected":false},"featured_media":67966,"template":"","meta":{"_acf_changed":false},"product_brand":[11873],"product_cat":[13397,13388,13348],"product_tag":[],"class_list":{"0":"post-67965","1":"product","2":"type-product","3":"status-publish","4":"has-post-thumbnail","6":"product_brand-surefire","7":"product_cat-puska","8":"product_cat-svetla","9":"product_cat-svetla-na-pusky","11":"first","12":"instock","13":"taxable","14":"shipping-taxable","15":"purchasable","16":"product-type-variable","17":"wvs-archive-product-wrapper"},"acf":[],"_links":{"self":[{"href":"https:\/\/staging.nbg.eu\/sk\/wp-json\/wp\/v2\/product\/67965","targetHints":{"allow":["GET"]}}],"collection":[{"href":"https:\/\/staging.nbg.eu\/sk\/wp-json\/wp\/v2\/product"}],"about":[{"href":"https:\/\/staging.nbg.eu\/sk\/wp-json\/wp\/v2\/types\/product"}],"wp:featuredmedia":[{"embeddable":true,"href":"https:\/\/staging.nbg.eu\/sk\/wp-json\/wp\/v2\/media\/67966"}],"wp:attachment":[{"href":"https:\/\/staging.nbg.eu\/sk\/wp-json\/wp\/v2\/media?parent=67965"}],"wp:term":[{"taxonomy":"product_brand","embeddable":true,"href":"https:\/\/staging.nbg.eu\/sk\/wp-json\/wp\/v2\/product_brand?post=67965"},{"taxonomy":"product_cat","embeddable":true,"href":"https:\/\/staging.nbg.eu\/sk\/wp-json\/wp\/v2\/product_cat?post=67965"},{"taxonomy":"product_tag","embeddable":true,"href":"https:\/\/staging.nbg.eu\/sk\/wp-json\/wp\/v2\/product_tag?post=67965"}],"curies":[{"name":"wp","href":"https:\/\/api.w.org\/{rel}","templated":true}]}}