{"id":67691,"date":"2024-01-13T11:48:33","date_gmt":"2024-01-13T11:48:33","guid":{"rendered":"https:\/\/staging.nbg.eu\/product\/surefire-m340v-pro\/"},"modified":"2024-09-20T12:16:31","modified_gmt":"2024-09-20T12:16:31","slug":"surefire-m340v-pro","status":"publish","type":"product","link":"https:\/\/staging.nbg.eu\/sk\/produkt\/surefire-m340v-pro\/","title":{"rendered":"SureFire M340V-PRO"},"content":{"rendered":"<div class=\"product-description\">\n<h2>Mini Scout Light Pro Infra\u010derven\u00fd<\/h2>\n<p>Jedno\u010dl\u00e1nkov\u00e9 svetlo Scout Light Pro. Toto osvet\u013eovacie zariadenie pon\u00faka:<\/p>\n<ul>\n<li>250 l\u00famenov bieleho svetla a 100 mW infra\u010derven\u00e9ho v\u00fdstupu<\/li>\n<li>Kombinovan\u00fd sveteln\u00fd l\u00fa\u010d pre stredn\u00e9 a\u017e dlh\u00e9 vzdialenosti<\/li>\n<li>Nov\u00fd n\u00edzkoprofilov\u00fd dr\u017eiak pre optim\u00e1lne umiestnenie a kompatibilitu s pr\u00edslu\u0161enstvom<\/li>\n<li>Jednoduch\u00e9 prep\u00ednanie medzi bielym svetlom, vypnut\u00edm a infra\u010derven\u00fdm svetlom<\/li>\n<li>Kon\u0161trukcia z leteck\u00e9ho hlin\u00edka s tvrdou anodiz\u00e1ciou pod\u013ea vojensk\u00fdch \u0161pecifik\u00e1ci\u00ed<\/li>\n<li>Nap\u00e1jan\u00e9 jednou l\u00edtiovou bat\u00e9riou 123A<\/li>\n<li>Kompatibiln\u00e9 s li\u0161tami MIL-STD-1913 a M-LOK<\/li>\n<\/ul>\n<p>Toto kompaktn\u00e9 zariadenie je ur\u010den\u00e9 na pou\u017eitie v n\u00e1ro\u010dn\u00fdch podmienkach a je vhodn\u00e9 pre situ\u00e1cie so slab\u00fdm osvetlen\u00edm.<\/p>\n<\/div>\n","protected":false},"excerpt":{"rendered":"<p>Kompaktn\u00e9 taktick\u00e9 svetlo s bielym v\u00fdstupom 250 l\u00famenov a infra\u010derven\u00fdm v\u00fdstupom 100 mW.<\/p>\n","protected":false},"featured_media":67692,"template":"","meta":{"_acf_changed":false},"product_brand":[11873],"product_cat":[13397,13388,13348],"product_tag":[],"class_list":{"0":"post-67691","1":"product","2":"type-product","3":"status-publish","4":"has-post-thumbnail","6":"product_brand-surefire","7":"product_cat-puska","8":"product_cat-svetla","9":"product_cat-svetla-na-pusky","11":"first","12":"instock","13":"taxable","14":"shipping-taxable","15":"purchasable","16":"product-type-simple"},"acf":[],"_links":{"self":[{"href":"https:\/\/staging.nbg.eu\/sk\/wp-json\/wp\/v2\/product\/67691","targetHints":{"allow":["GET"]}}],"collection":[{"href":"https:\/\/staging.nbg.eu\/sk\/wp-json\/wp\/v2\/product"}],"about":[{"href":"https:\/\/staging.nbg.eu\/sk\/wp-json\/wp\/v2\/types\/product"}],"wp:featuredmedia":[{"embeddable":true,"href":"https:\/\/staging.nbg.eu\/sk\/wp-json\/wp\/v2\/media\/67692"}],"wp:attachment":[{"href":"https:\/\/staging.nbg.eu\/sk\/wp-json\/wp\/v2\/media?parent=67691"}],"wp:term":[{"taxonomy":"product_brand","embeddable":true,"href":"https:\/\/staging.nbg.eu\/sk\/wp-json\/wp\/v2\/product_brand?post=67691"},{"taxonomy":"product_cat","embeddable":true,"href":"https:\/\/staging.nbg.eu\/sk\/wp-json\/wp\/v2\/product_cat?post=67691"},{"taxonomy":"product_tag","embeddable":true,"href":"https:\/\/staging.nbg.eu\/sk\/wp-json\/wp\/v2\/product_tag?post=67691"}],"curies":[{"name":"wp","href":"https:\/\/api.w.org\/{rel}","templated":true}]}}