{"id":67497,"date":"2024-01-13T12:03:58","date_gmt":"2024-09-20T12:08:08","guid":{"rendered":"https:\/\/staging.nbg.eu\/product\/surefire-ds00\/"},"modified":"2024-09-20T12:09:08","modified_gmt":"2024-09-20T12:09:08","slug":"surefire-ds00","status":"publish","type":"product","link":"https:\/\/staging.nbg.eu\/sk\/produkt\/surefire-ds00\/","title":{"rendered":"SureFire DS00"},"content":{"rendered":"<p>\nSureFire DS00 je vodotesn\u00fd prep\u00edna\u010d pre v\u00e4\u010d\u0161inu Scout Light\u00ae WeaponLights. Vlastnosti:<\/p>\n<ul>\n<li>Nez\u00e1visl\u00e1 prev\u00e1dzka integrovan\u00e9ho a dia\u013ekov\u00e9ho prep\u00edna\u010da<\/li>\n<li>Kompatibilita s r\u00f4znymi dia\u013ekov\u00fdmi p\u00e1sov\u00fdmi prep\u00edna\u010dmi SureFire<\/li>\n<li>Tla\u010didlov\u00fd prep\u00edna\u010d na zapnutie\/vypnutie<\/li>\n<li>Funkcia deaktiv\u00e1cie syst\u00e9mu<\/li>\n<li>Redundancia prep\u00edna\u010da pre spo\u013eahlivos\u0165<\/li>\n<\/ul>\n<p>DS00 roz\u0161iruje funk\u010dnos\u0165 v\u00e1\u0161ho WeaponLight (Nie je kompatibiln\u00fd s Micro Scout Light Pro).<\/p>\n","protected":false},"excerpt":{"rendered":"<p>Univerz\u00e1lny sp\u00edna\u010d pre SureFire WeaponLights s du\u00e1lnymi prev\u00e1dzkov\u00fdmi re\u017eimami.<\/p>\n","protected":false},"featured_media":67498,"template":"","meta":{"_acf_changed":false},"product_brand":[11873],"product_cat":[13412,13397,13388],"product_tag":[],"class_list":{"0":"post-67497","1":"product","2":"type-product","3":"status-publish","4":"has-post-thumbnail","6":"product_brand-surefire","7":"product_cat-prislusenstvo-k-svetlam","8":"product_cat-puska","9":"product_cat-svetla","11":"first","12":"instock","13":"taxable","14":"shipping-taxable","15":"purchasable","16":"product-type-variable","17":"wvs-archive-product-wrapper"},"acf":[],"_links":{"self":[{"href":"https:\/\/staging.nbg.eu\/sk\/wp-json\/wp\/v2\/product\/67497","targetHints":{"allow":["GET"]}}],"collection":[{"href":"https:\/\/staging.nbg.eu\/sk\/wp-json\/wp\/v2\/product"}],"about":[{"href":"https:\/\/staging.nbg.eu\/sk\/wp-json\/wp\/v2\/types\/product"}],"wp:featuredmedia":[{"embeddable":true,"href":"https:\/\/staging.nbg.eu\/sk\/wp-json\/wp\/v2\/media\/67498"}],"wp:attachment":[{"href":"https:\/\/staging.nbg.eu\/sk\/wp-json\/wp\/v2\/media?parent=67497"}],"wp:term":[{"taxonomy":"product_brand","embeddable":true,"href":"https:\/\/staging.nbg.eu\/sk\/wp-json\/wp\/v2\/product_brand?post=67497"},{"taxonomy":"product_cat","embeddable":true,"href":"https:\/\/staging.nbg.eu\/sk\/wp-json\/wp\/v2\/product_cat?post=67497"},{"taxonomy":"product_tag","embeddable":true,"href":"https:\/\/staging.nbg.eu\/sk\/wp-json\/wp\/v2\/product_tag?post=67497"}],"curies":[{"name":"wp","href":"https:\/\/api.w.org\/{rel}","templated":true}]}}