{"id":67411,"date":"2024-01-13T12:20:15","date_gmt":"2024-09-20T12:06:48","guid":{"rendered":"https:\/\/staging.nbg.eu\/product\/surefire-ue-sr07-scout-light-remote-switch\/"},"modified":"2024-09-20T12:07:49","modified_gmt":"2024-09-20T12:07:49","slug":"surefire-ue-sr07-dialkovy-prepinac-svetla-scout","status":"publish","type":"product","link":"https:\/\/staging.nbg.eu\/sk\/produkt\/surefire-ue-sr07-dialkovy-prepinac-svetla-scout\/","title":{"rendered":"SureFire UE-SR07 (dia\u013ekov\u00fd prep\u00edna\u010d svetla Scout)"},"content":{"rendered":"<p>\nSureFire UE-SR07 SCOUT LIGHT REMOTE SWITCH pon\u00faka:<\/p>\n<ul>\n<li>Pripojite\u013en\u00fd dia\u013ekov\u00fd sp\u00edna\u010d SR07 s dotykov\u00fdm tla\u010didlom pre do\u010dasn\u00e9 zapnutie a prep\u00edna\u010dom pre trval\u00e9 zapnutie\/vypnutie<\/li>\n<li>Puzdro kompatibiln\u00e9 s MIL-STD-1913<\/li>\n<li>Tlakov\u00fd sp\u00edna\u010d sa prip\u00edna na Picatinny li\u0161ty<\/li>\n<li>Funkcia deaktiv\u00e1cie syst\u00e9mu<\/li>\n<li>\u00dapln\u00e9 ovl\u00e1danie sp\u00ednania s koncov\u00fdm krytom UE<\/li>\n<\/ul>\n","protected":false},"excerpt":{"rendered":"<p>Dia\u013ekov\u00fd sp\u00edna\u010d pre SureFire Scout Light: Okam\u017eit\u00e9 a trval\u00e9 ovl\u00e1danie.<\/p>\n","protected":false},"featured_media":67412,"template":"","meta":{"_acf_changed":false},"product_brand":[11873],"product_cat":[],"product_tag":[],"class_list":{"0":"post-67411","1":"product","2":"type-product","3":"status-publish","4":"has-post-thumbnail","6":"product_brand-surefire","8":"first","9":"outofstock","10":"taxable","11":"shipping-taxable","12":"product-type-variable","13":"wvs-archive-product-wrapper"},"acf":[],"_links":{"self":[{"href":"https:\/\/staging.nbg.eu\/sk\/wp-json\/wp\/v2\/product\/67411","targetHints":{"allow":["GET"]}}],"collection":[{"href":"https:\/\/staging.nbg.eu\/sk\/wp-json\/wp\/v2\/product"}],"about":[{"href":"https:\/\/staging.nbg.eu\/sk\/wp-json\/wp\/v2\/types\/product"}],"wp:featuredmedia":[{"embeddable":true,"href":"https:\/\/staging.nbg.eu\/sk\/wp-json\/wp\/v2\/media\/67412"}],"wp:attachment":[{"href":"https:\/\/staging.nbg.eu\/sk\/wp-json\/wp\/v2\/media?parent=67411"}],"wp:term":[{"taxonomy":"product_brand","embeddable":true,"href":"https:\/\/staging.nbg.eu\/sk\/wp-json\/wp\/v2\/product_brand?post=67411"},{"taxonomy":"product_cat","embeddable":true,"href":"https:\/\/staging.nbg.eu\/sk\/wp-json\/wp\/v2\/product_cat?post=67411"},{"taxonomy":"product_tag","embeddable":true,"href":"https:\/\/staging.nbg.eu\/sk\/wp-json\/wp\/v2\/product_tag?post=67411"}],"curies":[{"name":"wp","href":"https:\/\/api.w.org\/{rel}","templated":true}]}}