{"id":67333,"date":"2024-01-13T12:52:23","date_gmt":"2024-09-20T12:05:29","guid":{"rendered":"https:\/\/staging.nbg.eu\/product\/surefire-sr07-weaponlight-switch\/"},"modified":"2024-09-20T12:06:27","modified_gmt":"2024-09-20T12:06:27","slug":"surefire-sr07-prepinac-zbrane","status":"publish","type":"product","link":"https:\/\/staging.nbg.eu\/sk\/produkt\/surefire-sr07-prepinac-zbrane\/","title":{"rendered":"SureFire SR07 (prep\u00edna\u010d zbrane)"},"content":{"rendered":"<p>\nSureFire SR07 poskytuje dia\u013ekov\u00e9 ovl\u00e1danie pre SureFire zbrane so svetlom. Vlastnosti:<\/p>\n<ul>\n<li>Tla\u010didlo pre do\u010dasn\u00e9 zapnutie<\/li>\n<li>Tla\u010didlo pre trval\u00e9 zapnutie<\/li>\n<li>18 cm k\u00e1bel<\/li>\n<li>Up\u00ednacia svorka na Picatinny li\u0161tu<\/li>\n<\/ul>\n<p>Du\u00e1lne ovl\u00e1danie pre va\u0161u zbra\u0148.<\/p>\n","protected":false},"excerpt":{"rendered":"<p>Dia\u013ekov\u00fd dvojit\u00fd sp\u00edna\u010d pre SureFire WeaponLights. Montovate\u013en\u00fd na li\u0161tu.<\/p>\n","protected":false},"featured_media":67334,"template":"","meta":{"_acf_changed":false},"product_brand":[11873],"product_cat":[13412,13397,13388],"product_tag":[],"class_list":{"0":"post-67333","1":"product","2":"type-product","3":"status-publish","4":"has-post-thumbnail","6":"product_brand-surefire","7":"product_cat-prislusenstvo-k-svetlam","8":"product_cat-puska","9":"product_cat-svetla","11":"first","12":"instock","13":"taxable","14":"shipping-taxable","15":"purchasable","16":"product-type-simple"},"acf":[],"_links":{"self":[{"href":"https:\/\/staging.nbg.eu\/sk\/wp-json\/wp\/v2\/product\/67333","targetHints":{"allow":["GET"]}}],"collection":[{"href":"https:\/\/staging.nbg.eu\/sk\/wp-json\/wp\/v2\/product"}],"about":[{"href":"https:\/\/staging.nbg.eu\/sk\/wp-json\/wp\/v2\/types\/product"}],"wp:featuredmedia":[{"embeddable":true,"href":"https:\/\/staging.nbg.eu\/sk\/wp-json\/wp\/v2\/media\/67334"}],"wp:attachment":[{"href":"https:\/\/staging.nbg.eu\/sk\/wp-json\/wp\/v2\/media?parent=67333"}],"wp:term":[{"taxonomy":"product_brand","embeddable":true,"href":"https:\/\/staging.nbg.eu\/sk\/wp-json\/wp\/v2\/product_brand?post=67333"},{"taxonomy":"product_cat","embeddable":true,"href":"https:\/\/staging.nbg.eu\/sk\/wp-json\/wp\/v2\/product_cat?post=67333"},{"taxonomy":"product_tag","embeddable":true,"href":"https:\/\/staging.nbg.eu\/sk\/wp-json\/wp\/v2\/product_tag?post=67333"}],"curies":[{"name":"wp","href":"https:\/\/api.w.org\/{rel}","templated":true}]}}