{"id":67291,"date":"2024-01-13T13:21:56","date_gmt":"2024-09-20T12:04:14","guid":{"rendered":"https:\/\/staging.nbg.eu\/product\/surefire-switch-st07\/"},"modified":"2024-09-20T12:05:13","modified_gmt":"2024-09-20T12:05:13","slug":"surefire-switch-st07","status":"publish","type":"product","link":"https:\/\/staging.nbg.eu\/sk\/produkt\/surefire-switch-st07\/","title":{"rendered":"SureFire Switch ST07"},"content":{"rendered":"<p>\nSureFire Switch ST07 poskytuje dia\u013ekov\u00e9 ovl\u00e1danie pre kompatibiln\u00e9 WeaponLights. Vlastnosti:<\/p>\n<ul>\n<li>18 cm k\u00e1bel pre pou\u017eitie na pu\u0161ke\/karab\u00edne<\/li>\n<li>O-kr\u00fa\u017ekom utesnen\u00e1 z\u00e1str\u010dka pre odolnos\u0165 vo\u010di poveternostn\u00fdm vplyvom<\/li>\n<li>Upevnenie na such\u00fd zips pre variabiln\u00e9 umiestnenie<\/li>\n<\/ul>\n<p>Tento odoln\u00fd dia\u013ekov\u00fd sp\u00edna\u010d zlep\u0161uje taktick\u00e9 ovl\u00e1danie.<\/p>\n","protected":false},"excerpt":{"rendered":"<p>Dia\u013ekov\u00e9 ovl\u00e1danie pre SureFire WeaponLights. 18 cm k\u00e1bel, odoln\u00fd vo\u010di poveternostn\u00fdm vplyvom.<\/p>\n","protected":false},"featured_media":67292,"template":"","meta":{"_acf_changed":false},"product_brand":[11873],"product_cat":[13412,13397,13388],"product_tag":[],"class_list":{"0":"post-67291","1":"product","2":"type-product","3":"status-publish","4":"has-post-thumbnail","6":"product_brand-surefire","7":"product_cat-prislusenstvo-k-svetlam","8":"product_cat-puska","9":"product_cat-svetla","11":"first","12":"instock","13":"taxable","14":"shipping-taxable","15":"purchasable","16":"product-type-simple"},"acf":[],"_links":{"self":[{"href":"https:\/\/staging.nbg.eu\/sk\/wp-json\/wp\/v2\/product\/67291","targetHints":{"allow":["GET"]}}],"collection":[{"href":"https:\/\/staging.nbg.eu\/sk\/wp-json\/wp\/v2\/product"}],"about":[{"href":"https:\/\/staging.nbg.eu\/sk\/wp-json\/wp\/v2\/types\/product"}],"wp:featuredmedia":[{"embeddable":true,"href":"https:\/\/staging.nbg.eu\/sk\/wp-json\/wp\/v2\/media\/67292"}],"wp:attachment":[{"href":"https:\/\/staging.nbg.eu\/sk\/wp-json\/wp\/v2\/media?parent=67291"}],"wp:term":[{"taxonomy":"product_brand","embeddable":true,"href":"https:\/\/staging.nbg.eu\/sk\/wp-json\/wp\/v2\/product_brand?post=67291"},{"taxonomy":"product_cat","embeddable":true,"href":"https:\/\/staging.nbg.eu\/sk\/wp-json\/wp\/v2\/product_cat?post=67291"},{"taxonomy":"product_tag","embeddable":true,"href":"https:\/\/staging.nbg.eu\/sk\/wp-json\/wp\/v2\/product_tag?post=67291"}],"curies":[{"name":"wp","href":"https:\/\/api.w.org\/{rel}","templated":true}]}}