{"id":67201,"date":"2024-01-13T13:29:38","date_gmt":"2024-09-20T12:00:07","guid":{"rendered":"https:\/\/staging.nbg.eu\/product\/surefire-x300u-a\/"},"modified":"2025-02-19T14:51:32","modified_gmt":"2025-02-19T14:51:32","slug":"surefire-x300u-a","status":"publish","type":"product","link":"https:\/\/staging.nbg.eu\/sk\/produkt\/surefire-x300u-a\/","title":{"rendered":"SureFire X300U-A"},"content":{"rendered":"<div class=\"product-description\">\n<h2>SureFire X300U-A Taktick\u00e9 svetlo na zbra\u0148<\/h2>\n<p>SureFire X300U-A je taktick\u00e9 svetlo navrhnut\u00e9 pre profesion\u00e1lov. Toto zariadenie poskytuje 1000 l\u00famenov LED v\u00fdstupu, zaostren\u00e9ho presnou TIR \u0161o\u0161ovkou.<\/p>\n<ul>\n<li>Syst\u00e9m r\u00fdchleho odpojenia pre r\u00fdchle pripevnenie\/odstr\u00e1nenie<\/li>\n<li>Obojru\u010dn\u00e9 ovl\u00e1danie pre okam\u017eit\u00fa aktiv\u00e1ciu<\/li>\n<li>Telo z leteck\u00e9ho hlin\u00edka s tvrdou anodizovanou povrchovou \u00fapravou pod\u013ea vojensk\u00fdch \u0161pecifik\u00e1ci\u00ed<\/li>\n<li>Vodotesnos\u0165 IPX7 (1 meter po dobu 30 min\u00fat)<\/li>\n<li>1,25 hodiny prev\u00e1dzky na dve prilo\u017een\u00e9 l\u00edtiov\u00e9 bat\u00e9rie 123A<\/li>\n<li>Kompaktn\u00fd dizajn: d\u013a\u017eka 3,76 palca, hmotnos\u0165 iba 4,0 unce<\/li>\n<\/ul>\n<p>SureFire X300U-A osvet\u013euje ciele na zna\u010dn\u00e9 vzdialenosti pri zachovan\u00ed preh\u013eadu o situ\u00e1cii.<\/p>\n<\/div>\n","protected":false},"excerpt":{"rendered":"<p>SureFire X300U-A: 1000-l\u00famenov\u00e9 taktick\u00e9 svetlo pre pi\u0161tole a pu\u0161ky.<\/p>\n","protected":false},"featured_media":67202,"template":"","meta":{"_acf_changed":false},"product_brand":[11873],"product_cat":[13354,13388,13381],"product_tag":[],"class_list":{"0":"post-67201","1":"product","2":"type-product","3":"status-publish","4":"has-post-thumbnail","6":"product_brand-surefire","7":"product_cat-pistol","8":"product_cat-svetla","9":"product_cat-svetla-na-pistole","11":"first","12":"instock","13":"taxable","14":"shipping-taxable","15":"purchasable","16":"product-type-variable","17":"wvs-archive-product-wrapper"},"acf":[],"_links":{"self":[{"href":"https:\/\/staging.nbg.eu\/sk\/wp-json\/wp\/v2\/product\/67201","targetHints":{"allow":["GET"]}}],"collection":[{"href":"https:\/\/staging.nbg.eu\/sk\/wp-json\/wp\/v2\/product"}],"about":[{"href":"https:\/\/staging.nbg.eu\/sk\/wp-json\/wp\/v2\/types\/product"}],"wp:featuredmedia":[{"embeddable":true,"href":"https:\/\/staging.nbg.eu\/sk\/wp-json\/wp\/v2\/media\/67202"}],"wp:attachment":[{"href":"https:\/\/staging.nbg.eu\/sk\/wp-json\/wp\/v2\/media?parent=67201"}],"wp:term":[{"taxonomy":"product_brand","embeddable":true,"href":"https:\/\/staging.nbg.eu\/sk\/wp-json\/wp\/v2\/product_brand?post=67201"},{"taxonomy":"product_cat","embeddable":true,"href":"https:\/\/staging.nbg.eu\/sk\/wp-json\/wp\/v2\/product_cat?post=67201"},{"taxonomy":"product_tag","embeddable":true,"href":"https:\/\/staging.nbg.eu\/sk\/wp-json\/wp\/v2\/product_tag?post=67201"}],"curies":[{"name":"wp","href":"https:\/\/api.w.org\/{rel}","templated":true}]}}