{"id":66677,"date":"2024-01-30T18:10:41","date_gmt":"2024-09-20T11:53:58","guid":{"rendered":"https:\/\/staging.nbg.eu\/product\/surefire-x300t-a\/"},"modified":"2024-09-20T11:54:58","modified_gmt":"2024-09-20T11:54:58","slug":"surefire-x300t-a","status":"publish","type":"product","link":"https:\/\/staging.nbg.eu\/sk\/produkt\/surefire-x300t-a\/","title":{"rendered":"# SureFire X300T-A"},"content":{"rendered":"<div class=\"product-description\">\n<h2>SureFire X300T-A Taktick\u00e9 svetlo na zbra\u0148<\/h2>\n<p>SureFire X300T-A je taktick\u00e9 svetlo s intenzitou l\u00fa\u010da 66 000 kandel a sveteln\u00fdm v\u00fdkonom 650 l\u00famenov. Toto svetlo pon\u00faka:<\/p>\n<ul>\n<li>Turbo vzor l\u00fa\u010da pre identifik\u00e1ciu cie\u013ea na ve\u013ek\u00e9 vzdialenosti<\/li>\n<li>Upev\u0148ovac\u00ed syst\u00e9m s p\u00e1\u010dkou pre mont\u00e1\u017e na univerz\u00e1lne a Picatinny li\u0161ty<\/li>\n<li>Obojru\u010dn\u00e9 ovl\u00e1danie<\/li>\n<li>Kompatibilita s existuj\u00facimi puzdrami X300U-A<\/li>\n<li>Telo z leteck\u00e9ho hlin\u00edka s tvrdou anodizovanou povrchovou \u00fapravou<\/li>\n<li>Vodotesnos\u0165 IPX7 (1 meter po dobu 30 min\u00fat)<\/li>\n<li>1,5 hodiny prev\u00e1dzky na dve prilo\u017een\u00e9 l\u00edtiov\u00e9 bat\u00e9rie 123A<\/li>\n<\/ul>\n<p>X300T-A osvet\u013euje ciele do vzdialenosti 514 metrov.<\/p>\n<\/div>\n","protected":false},"excerpt":{"rendered":"<p>SureFire X300T-A: 66 000-kandelov\u00e9 taktick\u00e9 svetlo pre dlhodob\u00fa identifik\u00e1ciu na ve\u013ek\u00e9 vzdialenosti.<\/p>\n","protected":false},"featured_media":66678,"template":"","meta":{"_acf_changed":false},"product_brand":[11873],"product_cat":[13354,13388,13381],"product_tag":[],"class_list":{"0":"post-66677","1":"product","2":"type-product","3":"status-publish","4":"has-post-thumbnail","6":"product_brand-surefire","7":"product_cat-pistol","8":"product_cat-svetla","9":"product_cat-svetla-na-pistole","11":"first","12":"instock","13":"taxable","14":"shipping-taxable","15":"purchasable","16":"product-type-variable","17":"wvs-archive-product-wrapper"},"acf":[],"_links":{"self":[{"href":"https:\/\/staging.nbg.eu\/sk\/wp-json\/wp\/v2\/product\/66677","targetHints":{"allow":["GET"]}}],"collection":[{"href":"https:\/\/staging.nbg.eu\/sk\/wp-json\/wp\/v2\/product"}],"about":[{"href":"https:\/\/staging.nbg.eu\/sk\/wp-json\/wp\/v2\/types\/product"}],"wp:featuredmedia":[{"embeddable":true,"href":"https:\/\/staging.nbg.eu\/sk\/wp-json\/wp\/v2\/media\/66678"}],"wp:attachment":[{"href":"https:\/\/staging.nbg.eu\/sk\/wp-json\/wp\/v2\/media?parent=66677"}],"wp:term":[{"taxonomy":"product_brand","embeddable":true,"href":"https:\/\/staging.nbg.eu\/sk\/wp-json\/wp\/v2\/product_brand?post=66677"},{"taxonomy":"product_cat","embeddable":true,"href":"https:\/\/staging.nbg.eu\/sk\/wp-json\/wp\/v2\/product_cat?post=66677"},{"taxonomy":"product_tag","embeddable":true,"href":"https:\/\/staging.nbg.eu\/sk\/wp-json\/wp\/v2\/product_tag?post=66677"}],"curies":[{"name":"wp","href":"https:\/\/api.w.org\/{rel}","templated":true}]}}