{"id":66443,"date":"2024-01-16T19:29:25","date_gmt":"2024-09-20T11:51:19","guid":{"rendered":"https:\/\/staging.nbg.eu\/product\/surefire-x300t-b-weaponlight\/"},"modified":"2024-09-20T11:52:18","modified_gmt":"2024-09-20T11:52:18","slug":"surefire-x300t-b-svetlo-na-zbran","status":"publish","type":"product","link":"https:\/\/staging.nbg.eu\/sk\/produkt\/surefire-x300t-b-svetlo-na-zbran\/","title":{"rendered":"SureFire X300T-B SVETLO NA ZBRA\u0147"},"content":{"rendered":"<div class=\"product-description\">\n<h2>SureFire X300T-B WEAPONLIGHT<\/h2>\n<p>SureFire X300T-B WEAPONLIGHT je verzia Turbo Series n\u00e1\u0161ho X300 WeaponLight pre ru\u010dn\u00e9 zbrane. Pon\u00faka:<\/p>\n<ul>\n<li>Intenzita sveteln\u00e9ho l\u00fa\u010da 66 000 kandel<\/li>\n<li>650 l\u00famenov bieleho svetla<\/li>\n<li>Vzor l\u00fa\u010da Turbo pre identifik\u00e1ciu hrozieb na ve\u013ek\u00e9 vzdialenosti<\/li>\n<li>1,5 hodiny prev\u00e1dzky na dve prilo\u017een\u00e9 l\u00edtiov\u00e9 bat\u00e9rie 123A<\/li>\n<\/ul>\n<p>X300T-B obsahuje:<\/p>\n<ul>\n<li>T-slot skrutku na pripevnenie k Universal a Picatinny ko\u013eajniciam<\/li>\n<li>Obojru\u010dn\u00e9 prep\u00ednanie pre r\u00fdchlu aktiv\u00e1ciu<\/li>\n<li>Kompatibilita s existuj\u00facimi puzdrami X300U-B<\/li>\n<li>Telo z leteck\u00e9ho hlin\u00edka s tvrdou anodizovanou povrchovou \u00fapravou pod\u013ea Mil-Spec<\/li>\n<li>Vodotesnos\u0165 IPX7 (ponorite\u013en\u00e9 do 1 metra na 30 min\u00fat)<\/li>\n<\/ul>\n<p>K\u013e\u00fa\u010dov\u00e9 \u0161pecifik\u00e1cie:<\/p>\n<ul>\n<li>D\u013a\u017eka: 9,55 cm<\/li>\n<li>Hmotnos\u0165 s bat\u00e9riami: 124,7 g<\/li>\n<li>Priemer hlavice: 2,9 cm<\/li>\n<li>Efekt\u00edvny dosah: 514 metrov<\/li>\n<\/ul>\n<p>SureFire X300T-B WEAPONLIGHT poskytuje v\u00fdkon a spo\u013eahlivos\u0165 v kritick\u00fdch situ\u00e1ci\u00e1ch.<\/p>\n<\/div>\n","protected":false},"excerpt":{"rendered":"<p>V\u00fdkonn\u00e9 650-l\u00famenov\u00e9 zbra\u0148ov\u00e9 svetlo s l\u00fa\u010dom 66 000 kandel pre identifik\u00e1ciu na extr\u00e9mnu vzdialenos\u0165.<\/p>\n","protected":false},"featured_media":83179,"template":"","meta":{"_acf_changed":false},"product_brand":[11873],"product_cat":[13354,13388,13381],"product_tag":[],"class_list":{"0":"post-66443","1":"product","2":"type-product","3":"status-publish","4":"has-post-thumbnail","6":"product_brand-surefire","7":"product_cat-pistol","8":"product_cat-svetla","9":"product_cat-svetla-na-pistole","11":"first","12":"instock","13":"taxable","14":"shipping-taxable","15":"purchasable","16":"product-type-variable","17":"wvs-archive-product-wrapper"},"acf":[],"_links":{"self":[{"href":"https:\/\/staging.nbg.eu\/sk\/wp-json\/wp\/v2\/product\/66443","targetHints":{"allow":["GET"]}}],"collection":[{"href":"https:\/\/staging.nbg.eu\/sk\/wp-json\/wp\/v2\/product"}],"about":[{"href":"https:\/\/staging.nbg.eu\/sk\/wp-json\/wp\/v2\/types\/product"}],"wp:featuredmedia":[{"embeddable":true,"href":"https:\/\/staging.nbg.eu\/sk\/wp-json\/wp\/v2\/media\/83179"}],"wp:attachment":[{"href":"https:\/\/staging.nbg.eu\/sk\/wp-json\/wp\/v2\/media?parent=66443"}],"wp:term":[{"taxonomy":"product_brand","embeddable":true,"href":"https:\/\/staging.nbg.eu\/sk\/wp-json\/wp\/v2\/product_brand?post=66443"},{"taxonomy":"product_cat","embeddable":true,"href":"https:\/\/staging.nbg.eu\/sk\/wp-json\/wp\/v2\/product_cat?post=66443"},{"taxonomy":"product_tag","embeddable":true,"href":"https:\/\/staging.nbg.eu\/sk\/wp-json\/wp\/v2\/product_tag?post=66443"}],"curies":[{"name":"wp","href":"https:\/\/api.w.org\/{rel}","templated":true}]}}