{"id":66277,"date":"2024-01-18T13:56:08","date_gmt":"2024-09-20T11:48:47","guid":{"rendered":"https:\/\/staging.nbg.eu\/product\/surefire-switch-assembly-z-xbc\/"},"modified":"2024-09-20T11:49:47","modified_gmt":"2024-09-20T11:49:47","slug":"surefire-spinacia-zostava-z-xbc","status":"publish","type":"product","link":"https:\/\/staging.nbg.eu\/sk\/produkt\/surefire-spinacia-zostava-z-xbc\/","title":{"rendered":"SureFire Sp\u00ednacia zostava Z-XBC"},"content":{"rendered":"<p>\nSp\u00ednac\u00ed mechanizmus SureFire Z-XBC je n\u00e1hradn\u00fd sp\u00edna\u010d pre svietidl\u00e1 X300, X400 a XH30. Vlastnosti zah\u0155\u0148aj\u00fa:<\/p>\n<ul>\n<li>Obojru\u010dn\u00fd dvojit\u00fd okam\u017eit\u00fd a trval\u00fd sp\u00edna\u010d<\/li>\n<li>Kon\u0161trukcia z odoln\u00e9ho polym\u00e9ru<\/li>\n<li>Dostupn\u00fd v \u010diernej alebo b\u00e9\u017eovej farbe<\/li>\n<\/ul>\n<p>Nie je kompatibiln\u00fd so svietidlom XH50G. Uistite sa, \u017ee pou\u017e\u00edvate spr\u00e1vny sp\u00edna\u010d pre va\u0161e svietidlo SureFire.<\/p>\n","protected":false},"excerpt":{"rendered":"<p>N\u00e1hradn\u00fd sp\u00edna\u010d pre SureFire X300\/X400\/XH30 taktick\u00e9 svietidl\u00e1. Dvojre\u017eimov\u00fd.<\/p>\n","protected":false},"featured_media":66278,"template":"","meta":{"_acf_changed":false},"product_brand":[11873],"product_cat":[13354,13412,13388,13381],"product_tag":[],"class_list":{"0":"post-66277","1":"product","2":"type-product","3":"status-publish","4":"has-post-thumbnail","6":"product_brand-surefire","7":"product_cat-pistol","8":"product_cat-prislusenstvo-k-svetlam","9":"product_cat-svetla","10":"product_cat-svetla-na-pistole","12":"first","13":"instock","14":"taxable","15":"shipping-taxable","16":"purchasable","17":"product-type-variable","18":"wvs-archive-product-wrapper"},"acf":[],"_links":{"self":[{"href":"https:\/\/staging.nbg.eu\/sk\/wp-json\/wp\/v2\/product\/66277","targetHints":{"allow":["GET"]}}],"collection":[{"href":"https:\/\/staging.nbg.eu\/sk\/wp-json\/wp\/v2\/product"}],"about":[{"href":"https:\/\/staging.nbg.eu\/sk\/wp-json\/wp\/v2\/types\/product"}],"wp:featuredmedia":[{"embeddable":true,"href":"https:\/\/staging.nbg.eu\/sk\/wp-json\/wp\/v2\/media\/66278"}],"wp:attachment":[{"href":"https:\/\/staging.nbg.eu\/sk\/wp-json\/wp\/v2\/media?parent=66277"}],"wp:term":[{"taxonomy":"product_brand","embeddable":true,"href":"https:\/\/staging.nbg.eu\/sk\/wp-json\/wp\/v2\/product_brand?post=66277"},{"taxonomy":"product_cat","embeddable":true,"href":"https:\/\/staging.nbg.eu\/sk\/wp-json\/wp\/v2\/product_cat?post=66277"},{"taxonomy":"product_tag","embeddable":true,"href":"https:\/\/staging.nbg.eu\/sk\/wp-json\/wp\/v2\/product_tag?post=66277"}],"curies":[{"name":"wp","href":"https:\/\/api.w.org\/{rel}","templated":true}]}}