{"id":66199,"date":"2024-01-19T18:03:48","date_gmt":"2024-01-19T18:03:48","guid":{"rendered":"https:\/\/staging.nbg.eu\/product\/surefire-sf18350\/"},"modified":"2024-09-20T11:47:55","modified_gmt":"2024-09-20T11:47:55","slug":"surefire-sf18350","status":"publish","type":"product","link":"https:\/\/staging.nbg.eu\/sk\/produkt\/surefire-sf18350\/","title":{"rendered":"SureFire SF18350"},"content":{"rendered":"<div class=\"product-description\">\n<h2>SureFire SF18350 Nab\u00edjate\u013en\u00e1 bat\u00e9ria<\/h2>\n<p>Nap\u00e1jajte va\u0161e SureFire 3-voltov\u00e9 Dual Fuel osvet\u013eovacie n\u00e1stroje s bat\u00e9riou SF18350. Vlastnosti:<\/p>\n<ul>\n<li>3,7 voltov \/ kapacita 1100 mAh<\/li>\n<li>MICRO-USB nab\u00edjanie<\/li>\n<li>L\u00edtium-i\u00f3nov\u00e1 chr\u00e1nen\u00e1 kon\u0161trukcia 18350<\/li>\n<li>Kompatibiln\u00e1 s produktmi SureFire Dual Fuel nap\u00e1jan\u00fdmi jednou 123A bat\u00e9riou<\/li>\n<\/ul>\n<p>Obsahuje k\u00e1bel MICRO-USB na USB pre nab\u00edjanie z r\u00f4znych zdrojov. Nie je kompatibiln\u00e1 s produktmi bez Dual Fuel.<\/p>\n<\/div>\n","protected":false},"excerpt":{"rendered":"<p>Nab\u00edjate\u013en\u00e1 bat\u00e9ria 18350: 3,7 V, 1100 mAh, nab\u00edjanie cez MICRO-USB.<\/p>\n","protected":false},"featured_media":66200,"template":"","meta":{"_acf_changed":false},"product_brand":[11873],"product_cat":[13336,13388],"product_tag":[],"class_list":{"0":"post-66199","1":"product","2":"type-product","3":"status-publish","4":"has-post-thumbnail","6":"product_brand-surefire","7":"product_cat-baterie","8":"product_cat-svetla","10":"first","11":"instock","12":"taxable","13":"shipping-taxable","14":"purchasable","15":"product-type-simple"},"acf":[],"_links":{"self":[{"href":"https:\/\/staging.nbg.eu\/sk\/wp-json\/wp\/v2\/product\/66199","targetHints":{"allow":["GET"]}}],"collection":[{"href":"https:\/\/staging.nbg.eu\/sk\/wp-json\/wp\/v2\/product"}],"about":[{"href":"https:\/\/staging.nbg.eu\/sk\/wp-json\/wp\/v2\/types\/product"}],"wp:featuredmedia":[{"embeddable":true,"href":"https:\/\/staging.nbg.eu\/sk\/wp-json\/wp\/v2\/media\/66200"}],"wp:attachment":[{"href":"https:\/\/staging.nbg.eu\/sk\/wp-json\/wp\/v2\/media?parent=66199"}],"wp:term":[{"taxonomy":"product_brand","embeddable":true,"href":"https:\/\/staging.nbg.eu\/sk\/wp-json\/wp\/v2\/product_brand?post=66199"},{"taxonomy":"product_cat","embeddable":true,"href":"https:\/\/staging.nbg.eu\/sk\/wp-json\/wp\/v2\/product_cat?post=66199"},{"taxonomy":"product_tag","embeddable":true,"href":"https:\/\/staging.nbg.eu\/sk\/wp-json\/wp\/v2\/product_tag?post=66199"}],"curies":[{"name":"wp","href":"https:\/\/api.w.org\/{rel}","templated":true}]}}