{"id":66157,"date":"2024-01-19T18:29:10","date_gmt":"2024-09-20T11:45:08","guid":{"rendered":"https:\/\/staging.nbg.eu\/product\/surefire-sf18650-b\/"},"modified":"2024-09-20T11:46:05","modified_gmt":"2024-09-20T11:46:05","slug":"surefire-sf18650-b","status":"publish","type":"product","link":"https:\/\/staging.nbg.eu\/sk\/produkt\/surefire-sf18650-b\/","title":{"rendered":"SureFire SF18650-B"},"content":{"rendered":"<div class=\"product-description\">\n<h2>SureFire SF18650-B nab\u00edjate\u013en\u00e1 bat\u00e9ria<\/h2>\n<p>Nov\u00e1 SF18650 nab\u00edjate\u013en\u00e1 bat\u00e9ria poskytuje 3,6 voltov a 3500 mAh pre dlh\u0161iu prev\u00e1dzkov\u00fa dobu. M\u00e1 MICRO-USB nab\u00edjanie pre pohodln\u00e9 nab\u00edjanie z r\u00f4znych zdrojov. Je kompatibiln\u00e1 s vybran\u00fdmi produktmi SureFire, vr\u00e1tane FURY-DFT, EDC2-DFT a s\u00e9rie M600DF. Nab\u00edjanie je mo\u017en\u00e9 cez USB alebo extern\u00fa 18650 nab\u00edja\u010dku (nie je s\u00fa\u010das\u0165ou balenia) pre maxim\u00e1lnu v\u0161estrannos\u0165. SF18650-B je mo\u017en\u00e9 nab\u00edja\u0165 a opakovane pou\u017e\u00edva\u0165.<\/p>\n<\/div>\n","protected":false},"excerpt":{"rendered":"<p>Vysokokapacitn\u00e1 3500mAh nab\u00edjate\u013en\u00e1 bat\u00e9ria s nab\u00edjan\u00edm cez MICRO-USB.<\/p>\n","protected":false},"featured_media":66158,"template":"","meta":{"_acf_changed":false},"product_brand":[11873],"product_cat":[13336,13387,13356,13388],"product_tag":[],"class_list":{"0":"post-66157","1":"product","2":"type-product","3":"status-publish","4":"has-post-thumbnail","6":"product_brand-surefire","7":"product_cat-baterie","8":"product_cat-edc","9":"product_cat-edc-svetla","10":"product_cat-svetla","12":"first","13":"instock","14":"taxable","15":"shipping-taxable","16":"purchasable","17":"product-type-simple"},"acf":[],"_links":{"self":[{"href":"https:\/\/staging.nbg.eu\/sk\/wp-json\/wp\/v2\/product\/66157","targetHints":{"allow":["GET"]}}],"collection":[{"href":"https:\/\/staging.nbg.eu\/sk\/wp-json\/wp\/v2\/product"}],"about":[{"href":"https:\/\/staging.nbg.eu\/sk\/wp-json\/wp\/v2\/types\/product"}],"wp:featuredmedia":[{"embeddable":true,"href":"https:\/\/staging.nbg.eu\/sk\/wp-json\/wp\/v2\/media\/66158"}],"wp:attachment":[{"href":"https:\/\/staging.nbg.eu\/sk\/wp-json\/wp\/v2\/media?parent=66157"}],"wp:term":[{"taxonomy":"product_brand","embeddable":true,"href":"https:\/\/staging.nbg.eu\/sk\/wp-json\/wp\/v2\/product_brand?post=66157"},{"taxonomy":"product_cat","embeddable":true,"href":"https:\/\/staging.nbg.eu\/sk\/wp-json\/wp\/v2\/product_cat?post=66157"},{"taxonomy":"product_tag","embeddable":true,"href":"https:\/\/staging.nbg.eu\/sk\/wp-json\/wp\/v2\/product_tag?post=66157"}],"curies":[{"name":"wp","href":"https:\/\/api.w.org\/{rel}","templated":true}]}}