{"id":66103,"date":"2024-01-21T16:19:01","date_gmt":"2024-09-20T11:39:48","guid":{"rendered":"https:\/\/staging.nbg.eu\/product\/surefire-edc1-dft\/"},"modified":"2024-09-20T11:40:51","modified_gmt":"2024-09-20T11:40:51","slug":"surefire-edc1-dft","status":"publish","type":"product","link":"https:\/\/staging.nbg.eu\/sk\/produkt\/surefire-edc1-dft\/","title":{"rendered":"SureFire EDC1-DFT"},"content":{"rendered":"<div class=\"product-description\">\n<h2>SureFire EDC1-DFT Turbo baterka<\/h2>\n<p>SureFire EDC1-DFT Turbo je kompaktn\u00e1 baterka navrhnut\u00e1 na ka\u017edodenn\u00e9 nosenie. T\u00e1to baterka s dvojit\u00fdm nap\u00e1jan\u00edm poskytuje:<\/p>\n<ul>\n<li>Maxim\u00e1lna intenzita l\u00fa\u010da 95 000 kandel (s prilo\u017eenou bat\u00e9riou SF18350)<\/li>\n<li>Turbo vzor l\u00fa\u010da pre koncentrovan\u00e9 osvetlenie na dlh\u00e9 vzdialenosti<\/li>\n<li>Technol\u00f3gia dvojit\u00e9ho nap\u00e1jania: pou\u017eitie nab\u00edjate\u013enej SF18350 alebo jednej 123A l\u00edtiovej bat\u00e9rie<\/li>\n<li>Telo z tvrden\u00e9ho eloxovan\u00e9ho hlin\u00edka pre odolnos\u0165<\/li>\n<li>Vodotesnos\u0165 IPX7<\/li>\n<\/ul>\n<p>Hlavn\u00e9 vlastnosti:<\/p>\n<ul>\n<li>Vysok\u00fd v\u00fdkon: 650 l\u00famenov (s bat\u00e9riou 18350)<\/li>\n<li>V\u00fddr\u017e: 45 min\u00fat pri vysokom v\u00fdkone (s bat\u00e9riou 18350)<\/li>\n<li>D\u013a\u017eka: 12,1 cm<\/li>\n<li>Hmotnos\u0165: 128,3 g s bat\u00e9riou 18350<\/li>\n<li>Obojstrann\u00e1 spona pre r\u00f4zne mo\u017enosti nosenia<\/li>\n<\/ul>\n<p>SureFire EDC1-DFT Turbo je kompaktn\u00e1 baterka, ktor\u00e1 poskytuje dobr\u00fa vidite\u013enos\u0165 v r\u00f4znych situ\u00e1ci\u00e1ch.<\/p>\n<\/div>\n","protected":false},"excerpt":{"rendered":"<p>Kompaktn\u00e1 EDC baterka s l\u00fa\u010dom 95 000 kandel a dvoma mo\u017enos\u0165ami nap\u00e1jania.<\/p>\n","protected":false},"featured_media":66104,"template":"","meta":{"_acf_changed":false},"product_brand":[11873],"product_cat":[13387,13356,13388],"product_tag":[],"class_list":{"0":"post-66103","1":"product","2":"type-product","3":"status-publish","4":"has-post-thumbnail","6":"product_brand-surefire","7":"product_cat-edc","8":"product_cat-edc-svetla","9":"product_cat-svetla","11":"first","12":"instock","13":"taxable","14":"shipping-taxable","15":"purchasable","16":"product-type-variable","17":"wvs-archive-product-wrapper"},"acf":[],"_links":{"self":[{"href":"https:\/\/staging.nbg.eu\/sk\/wp-json\/wp\/v2\/product\/66103","targetHints":{"allow":["GET"]}}],"collection":[{"href":"https:\/\/staging.nbg.eu\/sk\/wp-json\/wp\/v2\/product"}],"about":[{"href":"https:\/\/staging.nbg.eu\/sk\/wp-json\/wp\/v2\/types\/product"}],"wp:featuredmedia":[{"embeddable":true,"href":"https:\/\/staging.nbg.eu\/sk\/wp-json\/wp\/v2\/media\/66104"}],"wp:attachment":[{"href":"https:\/\/staging.nbg.eu\/sk\/wp-json\/wp\/v2\/media?parent=66103"}],"wp:term":[{"taxonomy":"product_brand","embeddable":true,"href":"https:\/\/staging.nbg.eu\/sk\/wp-json\/wp\/v2\/product_brand?post=66103"},{"taxonomy":"product_cat","embeddable":true,"href":"https:\/\/staging.nbg.eu\/sk\/wp-json\/wp\/v2\/product_cat?post=66103"},{"taxonomy":"product_tag","embeddable":true,"href":"https:\/\/staging.nbg.eu\/sk\/wp-json\/wp\/v2\/product_tag?post=66103"}],"curies":[{"name":"wp","href":"https:\/\/api.w.org\/{rel}","templated":true}]}}