{"id":65360,"date":"2024-09-19T17:15:31","date_gmt":"2024-09-19T14:15:31","guid":{"rendered":"https:\/\/staging.nbg.eu\/?post_type=product&#038;p=65360"},"modified":"2025-10-20T12:25:37","modified_gmt":"2025-10-20T09:25:37","slug":"rh-owb-classics-puzdro","status":"publish","type":"product","link":"https:\/\/staging.nbg.eu\/sk\/produkt\/rh-owb-classics-puzdro\/","title":{"rendered":"RH OWB Classics Puzdro"},"content":{"rendered":"<div class=\"product-description\">\n<h2>RH OWB Klasick\u00e9 puzdro<\/h2>\n<p>RH OWB Klasick\u00e9 puzdro je kombin\u00e1ciou trad\u00edcie a funk\u010dnosti pre ka\u017edodenn\u00e9 nosenie. Vyroben\u00e9 z ko\u017ee a pre\u0161\u00edvan\u00e9, toto puzdro na vonkaj\u0161ie nosenie pon\u00faka:<\/p>\n<ul>\n<li>Odoln\u00fa kon\u0161trukciu pre dlhodob\u00e9 pou\u017e\u00edvanie<\/li>\n<li>Pohodln\u00e9 nosenie po\u010das cel\u00e9ho d\u0148a<\/li>\n<li>Bezpe\u010dn\u00e9 udr\u017eanie zbrane na mieste<\/li>\n<li>R\u00fdchle a jednoduch\u00e9 vytiahnutie<\/li>\n<li>Klasick\u00fd dizajn<\/li>\n<\/ul>\n<p>Dostupn\u00e9 pre \u0161irok\u00fa \u0161k\u00e1lu popul\u00e1rnych modelov pi\u0161tol\u00ed, RH OWB Klasick\u00e9 puzdro je vhodn\u00e9 pre skryt\u00e9 nosenie, cvi\u010denie na strelnici alebo otvoren\u00e9 nosenie. Puzdro je spo\u013eahliv\u00e9 a pohodln\u00e9.<\/p>\n<\/div>\n","protected":false},"excerpt":{"rendered":"<p>Bezpe\u010dn\u00e9, pohodln\u00e9 puzdro na vonkaj\u0161ie nosenie pre klasick\u00e9 streln\u00e9 zbrane. Odoln\u00fd dizajn.<\/p>\n","protected":false},"featured_media":65460,"template":"","meta":{"_acf_changed":false},"product_brand":[11638],"product_cat":[13351,13389,13338],"product_tag":[],"class_list":{"0":"post-65360","1":"product","2":"type-product","3":"status-publish","4":"has-post-thumbnail","6":"product_brand-rh-holsters","7":"product_cat-puzdro","8":"product_cat-sportove-puzdro","9":"product_cat-takticke-puzdro","10":"pa_belt-size-40mm-sk","11":"pa_light-streamlight-tlr-1","12":"pa_light-surefire-x300-ultra-a-sk","13":"pa_light-surefire-x300u","14":"pa_light-without-light-sk","15":"pa_model-1911-sk","16":"pa_model-beretta-92fs-sk","17":"pa_model-beretta-92x-sk-2","18":"pa_model-cz-75-b-sk","19":"pa_model-glock-17-sk","20":"pa_model-glock-19-17","21":"pa_model-glock-19-23-32-sk","22":"pa_model-glock-43x-sk","23":"pa_model-hk45-sk-2","24":"pa_model-sig-sauer-p226-bez-railu-sk","25":"pa_strong-hand-right-sk","27":"first","28":"instock","29":"taxable","30":"shipping-taxable","31":"purchasable","32":"product-type-variable","33":"wvs-archive-product-wrapper"},"acf":[],"_links":{"self":[{"href":"https:\/\/staging.nbg.eu\/sk\/wp-json\/wp\/v2\/product\/65360","targetHints":{"allow":["GET"]}}],"collection":[{"href":"https:\/\/staging.nbg.eu\/sk\/wp-json\/wp\/v2\/product"}],"about":[{"href":"https:\/\/staging.nbg.eu\/sk\/wp-json\/wp\/v2\/types\/product"}],"wp:featuredmedia":[{"embeddable":true,"href":"https:\/\/staging.nbg.eu\/sk\/wp-json\/wp\/v2\/media\/65460"}],"wp:attachment":[{"href":"https:\/\/staging.nbg.eu\/sk\/wp-json\/wp\/v2\/media?parent=65360"}],"wp:term":[{"taxonomy":"product_brand","embeddable":true,"href":"https:\/\/staging.nbg.eu\/sk\/wp-json\/wp\/v2\/product_brand?post=65360"},{"taxonomy":"product_cat","embeddable":true,"href":"https:\/\/staging.nbg.eu\/sk\/wp-json\/wp\/v2\/product_cat?post=65360"},{"taxonomy":"product_tag","embeddable":true,"href":"https:\/\/staging.nbg.eu\/sk\/wp-json\/wp\/v2\/product_tag?post=65360"}],"curies":[{"name":"wp","href":"https:\/\/api.w.org\/{rel}","templated":true}]}}