{"id":63571,"date":"2024-01-23T18:50:53","date_gmt":"2024-09-16T13:21:26","guid":{"rendered":"https:\/\/staging.nbg.eu\/product\/iosso-case-polish\/"},"modified":"2024-09-16T13:22:23","modified_gmt":"2024-09-16T13:22:23","slug":"iosso-lestidlo-na-nabojnice","status":"publish","type":"product","link":"https:\/\/staging.nbg.eu\/sk\/produkt\/iosso-lestidlo-na-nabojnice\/","title":{"rendered":"Iosso Le\u0161tidlo na n\u00e1bojnice"},"content":{"rendered":"<p>\nIosso le\u0161tidlo na n\u00e1bojnice: Rie\u0161enie pre mosadzn\u00e9 n\u00e1bojnice<\/p>\n<ul>\n<li>\u010cist\u00ed a le\u0161t\u00ed do vysok\u00e9ho lesku<\/li>\n<li>Odstra\u0148uje zne\u010distenie, zvy\u0161ky a oxid\u00e1ciu<\/li>\n<li>Skracuje \u010das \u010distenia<\/li>\n<li>Chr\u00e1ni pred bud\u00facou oxid\u00e1ciou<\/li>\n<li>Nov\u00e1 formula na biologickej b\u00e1ze<\/li>\n<li>Bezpe\u010dn\u00e9 pre pou\u017e\u00edvate\u013eov a \u017eivotn\u00e9 prostredie<\/li>\n<\/ul>\n<p>Dosiahnite nov\u00fd vzh\u013ead va\u0161ich mosadzn\u00fdch n\u00e1bojn\u00edc s Iosso le\u0161tidlom na n\u00e1bojnice. Vhodn\u00e9 pre zne\u010disten\u00e9 alebo pred\u010disten\u00e9 n\u00e1bojnice.<\/p>\n","protected":false},"excerpt":{"rendered":"<p>Le\u0161tidlo na n\u00e1bojnice Iosso: Obnovuje mosadzn\u00e9 n\u00e1bojnice do \u017eiariv\u00e9ho lesku.<\/p>\n","protected":false},"featured_media":102456,"template":"","meta":{"_acf_changed":false},"product_brand":[11486],"product_cat":[13393,13391],"product_tag":[],"class_list":{"0":"post-63571","1":"product","2":"type-product","3":"status-publish","4":"has-post-thumbnail","6":"product_brand-iosso","7":"product_cat-nabijanie-nabojov","8":"product_cat-priprava-nabojnic","10":"first","11":"instock","12":"taxable","13":"shipping-taxable","14":"purchasable","15":"product-type-variable","16":"wvs-archive-product-wrapper"},"acf":[],"_links":{"self":[{"href":"https:\/\/staging.nbg.eu\/sk\/wp-json\/wp\/v2\/product\/63571","targetHints":{"allow":["GET"]}}],"collection":[{"href":"https:\/\/staging.nbg.eu\/sk\/wp-json\/wp\/v2\/product"}],"about":[{"href":"https:\/\/staging.nbg.eu\/sk\/wp-json\/wp\/v2\/types\/product"}],"wp:featuredmedia":[{"embeddable":true,"href":"https:\/\/staging.nbg.eu\/sk\/wp-json\/wp\/v2\/media\/102456"}],"wp:attachment":[{"href":"https:\/\/staging.nbg.eu\/sk\/wp-json\/wp\/v2\/media?parent=63571"}],"wp:term":[{"taxonomy":"product_brand","embeddable":true,"href":"https:\/\/staging.nbg.eu\/sk\/wp-json\/wp\/v2\/product_brand?post=63571"},{"taxonomy":"product_cat","embeddable":true,"href":"https:\/\/staging.nbg.eu\/sk\/wp-json\/wp\/v2\/product_cat?post=63571"},{"taxonomy":"product_tag","embeddable":true,"href":"https:\/\/staging.nbg.eu\/sk\/wp-json\/wp\/v2\/product_tag?post=63571"}],"curies":[{"name":"wp","href":"https:\/\/api.w.org\/{rel}","templated":true}]}}