{"id":63463,"date":"2024-01-23T19:15:27","date_gmt":"2024-09-16T13:12:56","guid":{"rendered":"https:\/\/staging.nbg.eu\/product\/iosso-cotton-knit-cleaning-patches\/"},"modified":"2024-09-16T13:13:54","modified_gmt":"2024-09-16T13:13:54","slug":"iosso-bavlnene-cistiace-zaplaty-z-upletu","status":"publish","type":"product","link":"https:\/\/staging.nbg.eu\/sk\/produkt\/iosso-bavlnene-cistiace-zaplaty-z-upletu\/","title":{"rendered":"Iosso Bavlnen\u00e9 \u010distiace z\u00e1platy z \u00fapletu"},"content":{"rendered":"<p>\n\u010cistiace z\u00e1platy Iosso z bavlnen\u00e9ho \u00fapletu: 100% bavlna, bez \u017emolkov a odoln\u00e9 vo\u010di rozstrapkaniu. Pleten\u00e1 l\u00e1tka zachyt\u00e1va ne\u010distoty lep\u0161ie ako flanel alebo akryl. Dostupn\u00e9 ve\u013ekosti:<\/p>\n<ul>\n<li>1-1\/2&#8243;: .22 pu\u0161ka a\u017e .270<\/li>\n<li>2-1\/2&#8243;: .338 a\u017e .357<\/li>\n<li>3&#8243;: brokovnice<\/li>\n<li>6&#8243;: 37-40mm<\/li>\n<\/ul>\n<p>Pleten\u00e1 pik\u00e9 l\u00e1tka zabezpe\u010duje \u00fa\u010dinn\u00e9 \u010distenie.<\/p>\n","protected":false},"excerpt":{"rendered":"<p>Bavlnen\u00e9 \u010distiace tamp\u00f3ny bez \u017emolkov pre dokonal\u00e9 \u010distenie streln\u00fdch zbran\u00ed.<\/p>\n","protected":false},"featured_media":107571,"template":"","meta":{"_acf_changed":false},"product_brand":[11486],"product_cat":[13378,13405],"product_tag":[],"class_list":{"0":"post-63463","1":"product","2":"type-product","3":"status-publish","4":"has-post-thumbnail","6":"product_brand-iosso","7":"product_cat-cistenie-zbrani","8":"product_cat-kefky","10":"first","11":"instock","12":"taxable","13":"shipping-taxable","14":"purchasable","15":"product-type-variable","16":"wvs-archive-product-wrapper"},"acf":[],"_links":{"self":[{"href":"https:\/\/staging.nbg.eu\/sk\/wp-json\/wp\/v2\/product\/63463","targetHints":{"allow":["GET"]}}],"collection":[{"href":"https:\/\/staging.nbg.eu\/sk\/wp-json\/wp\/v2\/product"}],"about":[{"href":"https:\/\/staging.nbg.eu\/sk\/wp-json\/wp\/v2\/types\/product"}],"wp:featuredmedia":[{"embeddable":true,"href":"https:\/\/staging.nbg.eu\/sk\/wp-json\/wp\/v2\/media\/107571"}],"wp:attachment":[{"href":"https:\/\/staging.nbg.eu\/sk\/wp-json\/wp\/v2\/media?parent=63463"}],"wp:term":[{"taxonomy":"product_brand","embeddable":true,"href":"https:\/\/staging.nbg.eu\/sk\/wp-json\/wp\/v2\/product_brand?post=63463"},{"taxonomy":"product_cat","embeddable":true,"href":"https:\/\/staging.nbg.eu\/sk\/wp-json\/wp\/v2\/product_cat?post=63463"},{"taxonomy":"product_tag","embeddable":true,"href":"https:\/\/staging.nbg.eu\/sk\/wp-json\/wp\/v2\/product_tag?post=63463"}],"curies":[{"name":"wp","href":"https:\/\/api.w.org\/{rel}","templated":true}]}}