{"id":63367,"date":"2024-01-23T19:37:48","date_gmt":"2024-09-16T13:09:53","guid":{"rendered":"https:\/\/staging.nbg.eu\/product\/iosso-firearms-parts-cleaner-degreaser-37l\/"},"modified":"2024-09-16T13:10:50","modified_gmt":"2024-09-16T13:10:50","slug":"iosso-cistic-dielov-strelnych-zbrani-odmastovac-37l","status":"publish","type":"product","link":"https:\/\/staging.nbg.eu\/sk\/produkt\/iosso-cistic-dielov-strelnych-zbrani-odmastovac-37l\/","title":{"rendered":"Iosso \u010cisti\u010d dielov streln\u00fdch zbran\u00ed (Odmas\u0165ova\u010d, 3,7L)"},"content":{"rendered":"<p>\n\u010cisti\u010d s\u00fa\u010diastok streln\u00fdch zbran\u00ed Iosso: \u00da\u010dinn\u00fd odmas\u0165ova\u010d na streln\u00e9 zbrane \u0161etrn\u00fd k \u017eivotn\u00e9mu prostrediu. Tento biologicky rozlo\u017eite\u013en\u00fd \u010disti\u010d na biologickej b\u00e1ze odstra\u0148uje zne\u010distenie, uhl\u00edk, mastnotu a zvy\u0161ky. Je bezpe\u010dn\u00fd pre ultrazvukov\u00e9 pr\u00edstroje, m\u00e1 n\u00edzky obsah VOC a je vyroben\u00fd z pr\u00edrodn\u00fdch rastlinn\u00fdch extraktov. M\u00f4\u017ee sa pou\u017ei\u0165 ako sprej, na nam\u00e1\u010danie alebo utieranie. Je bezpe\u010dn\u00fd pre pou\u017e\u00edvate\u013ea a \u017eivotn\u00e9 prostredie.<\/p>\n","protected":false},"excerpt":{"rendered":"<p>Ekologick\u00fd, \u00fa\u010dinn\u00fd odmas\u0165ova\u010d na d\u00f4kladn\u00e9 \u010distenie s\u00fa\u010diastok zbran\u00ed.<\/p>\n","protected":false},"featured_media":102535,"template":"","meta":{"_acf_changed":false},"product_brand":[11486],"product_cat":[13378,13392],"product_tag":[],"class_list":{"0":"post-63367","1":"product","2":"type-product","3":"status-publish","4":"has-post-thumbnail","6":"product_brand-iosso","7":"product_cat-cistenie-zbrani","8":"product_cat-cistice","10":"first","11":"instock","12":"taxable","13":"shipping-taxable","14":"purchasable","15":"product-type-simple"},"acf":[],"_links":{"self":[{"href":"https:\/\/staging.nbg.eu\/sk\/wp-json\/wp\/v2\/product\/63367","targetHints":{"allow":["GET"]}}],"collection":[{"href":"https:\/\/staging.nbg.eu\/sk\/wp-json\/wp\/v2\/product"}],"about":[{"href":"https:\/\/staging.nbg.eu\/sk\/wp-json\/wp\/v2\/types\/product"}],"wp:featuredmedia":[{"embeddable":true,"href":"https:\/\/staging.nbg.eu\/sk\/wp-json\/wp\/v2\/media\/102535"}],"wp:attachment":[{"href":"https:\/\/staging.nbg.eu\/sk\/wp-json\/wp\/v2\/media?parent=63367"}],"wp:term":[{"taxonomy":"product_brand","embeddable":true,"href":"https:\/\/staging.nbg.eu\/sk\/wp-json\/wp\/v2\/product_brand?post=63367"},{"taxonomy":"product_cat","embeddable":true,"href":"https:\/\/staging.nbg.eu\/sk\/wp-json\/wp\/v2\/product_cat?post=63367"},{"taxonomy":"product_tag","embeddable":true,"href":"https:\/\/staging.nbg.eu\/sk\/wp-json\/wp\/v2\/product_tag?post=63367"}],"curies":[{"name":"wp","href":"https:\/\/api.w.org\/{rel}","templated":true}]}}