{"id":63321,"date":"2024-01-23T19:46:33","date_gmt":"2024-09-16T13:04:54","guid":{"rendered":"https:\/\/staging.nbg.eu\/product\/iosso-gunbrite\/"},"modified":"2024-09-16T13:05:53","modified_gmt":"2024-09-16T13:05:53","slug":"iosso-gunbrite","status":"publish","type":"product","link":"https:\/\/staging.nbg.eu\/sk\/produkt\/iosso-gunbrite\/","title":{"rendered":"Iosso GunBrite"},"content":{"rendered":"<p>\nIosso GunBrite: Roztok na \u010distenie zbran\u00ed<\/p>\n<ul>\n<li>Bezpe\u010dn\u00fd pre v\u0161etky povrchov\u00e9 \u00fapravy zbran\u00ed<\/li>\n<li>Odstra\u0148uje zne\u010distenie, hrdzu, patinu a zmenu farby<\/li>\n<li>\u010cist\u00ed odoln\u00e9 kr\u00fa\u017eky na valci<\/li>\n<li>Zanech\u00e1va ochrann\u00fa, neolejov\u00fa vrstvu<\/li>\n<li>Odol\u00e1va odtla\u010dkom prstov a vlhkosti<\/li>\n<\/ul>\n<p>Udr\u017eujte svoje streln\u00e9 zbrane \u010dist\u00e9 s Iosso GunBrite.<\/p>\n","protected":false},"excerpt":{"rendered":"<p>Iosso GunBrite: Bezpe\u010dne \u010dist\u00ed, le\u0161t\u00ed a chr\u00e1ni streln\u00e9 zbrane.<\/p>\n","protected":false},"featured_media":102612,"template":"","meta":{"_acf_changed":false},"product_brand":[11486],"product_cat":[13378,13392],"product_tag":[],"class_list":{"0":"post-63321","1":"product","2":"type-product","3":"status-publish","4":"has-post-thumbnail","6":"product_brand-iosso","7":"product_cat-cistenie-zbrani","8":"product_cat-cistice","10":"first","11":"instock","12":"taxable","13":"shipping-taxable","14":"purchasable","15":"product-type-variable","16":"wvs-archive-product-wrapper"},"acf":[],"_links":{"self":[{"href":"https:\/\/staging.nbg.eu\/sk\/wp-json\/wp\/v2\/product\/63321","targetHints":{"allow":["GET"]}}],"collection":[{"href":"https:\/\/staging.nbg.eu\/sk\/wp-json\/wp\/v2\/product"}],"about":[{"href":"https:\/\/staging.nbg.eu\/sk\/wp-json\/wp\/v2\/types\/product"}],"wp:featuredmedia":[{"embeddable":true,"href":"https:\/\/staging.nbg.eu\/sk\/wp-json\/wp\/v2\/media\/102612"}],"wp:attachment":[{"href":"https:\/\/staging.nbg.eu\/sk\/wp-json\/wp\/v2\/media?parent=63321"}],"wp:term":[{"taxonomy":"product_brand","embeddable":true,"href":"https:\/\/staging.nbg.eu\/sk\/wp-json\/wp\/v2\/product_brand?post=63321"},{"taxonomy":"product_cat","embeddable":true,"href":"https:\/\/staging.nbg.eu\/sk\/wp-json\/wp\/v2\/product_cat?post=63321"},{"taxonomy":"product_tag","embeddable":true,"href":"https:\/\/staging.nbg.eu\/sk\/wp-json\/wp\/v2\/product_tag?post=63321"}],"curies":[{"name":"wp","href":"https:\/\/api.w.org\/{rel}","templated":true}]}}