{"id":63257,"date":"2024-01-23T19:51:36","date_gmt":"2024-09-16T13:03:23","guid":{"rendered":"https:\/\/staging.nbg.eu\/product\/iosso-sizing-lubricant-and-cleaner\/"},"modified":"2024-09-16T13:04:21","modified_gmt":"2024-09-16T13:04:21","slug":"iosso-kalibracny-lubrikant-a-cistic","status":"publish","type":"product","link":"https:\/\/staging.nbg.eu\/sk\/produkt\/iosso-kalibracny-lubrikant-a-cistic\/","title":{"rendered":"Iosso Kalibra\u010dn\u00fd lubrikant a \u010disti\u010d"},"content":{"rendered":"<p>\nIosso mazivo a \u010distiaci prostriedok na kalibrovanie: Roztok na biologickej b\u00e1ze na kalibrovanie n\u00e1bojn\u00edc. Tento 4-uncov\u00fd produkt \u010dist\u00ed a ma\u017ee, zabra\u0148uje zaseknutiu n\u00e1bojn\u00edc a predl\u017euje \u017eivotnos\u0165 matrice. Jednoducho sa pou\u017e\u00edva, nezanech\u00e1va zvy\u0161ky ani z\u00e1pach. Je rozpustn\u00fd vo vode, biologicky odb\u00farate\u013en\u00fd a nehor\u013eav\u00fd. Zabra\u0148uje kor\u00f3zii a hrdzaveniu. Naneste na n\u00e1bojnice, kalibrujte, potom utrite alebo opl\u00e1chnite pred op\u00e4tovn\u00fdm nab\u00edjan\u00edm.<\/p>\n","protected":false},"excerpt":{"rendered":"<p>\u010cisti\u010d a mazivo na biologickej b\u00e1ze pre hlad\u0161ie tvarovanie a dlh\u0161iu \u017eivotnos\u0165 matr\u00edc.<\/p>\n","protected":false},"featured_media":107669,"template":"","meta":{"_acf_changed":false},"product_brand":[11486],"product_cat":[13392,13393],"product_tag":[],"class_list":{"0":"post-63257","1":"product","2":"type-product","3":"status-publish","4":"has-post-thumbnail","6":"product_brand-iosso","7":"product_cat-cistice","8":"product_cat-nabijanie-nabojov","10":"first","11":"instock","12":"taxable","13":"shipping-taxable","14":"purchasable","15":"product-type-variable","16":"wvs-archive-product-wrapper"},"acf":[],"_links":{"self":[{"href":"https:\/\/staging.nbg.eu\/sk\/wp-json\/wp\/v2\/product\/63257","targetHints":{"allow":["GET"]}}],"collection":[{"href":"https:\/\/staging.nbg.eu\/sk\/wp-json\/wp\/v2\/product"}],"about":[{"href":"https:\/\/staging.nbg.eu\/sk\/wp-json\/wp\/v2\/types\/product"}],"wp:featuredmedia":[{"embeddable":true,"href":"https:\/\/staging.nbg.eu\/sk\/wp-json\/wp\/v2\/media\/107669"}],"wp:attachment":[{"href":"https:\/\/staging.nbg.eu\/sk\/wp-json\/wp\/v2\/media?parent=63257"}],"wp:term":[{"taxonomy":"product_brand","embeddable":true,"href":"https:\/\/staging.nbg.eu\/sk\/wp-json\/wp\/v2\/product_brand?post=63257"},{"taxonomy":"product_cat","embeddable":true,"href":"https:\/\/staging.nbg.eu\/sk\/wp-json\/wp\/v2\/product_cat?post=63257"},{"taxonomy":"product_tag","embeddable":true,"href":"https:\/\/staging.nbg.eu\/sk\/wp-json\/wp\/v2\/product_tag?post=63257"}],"curies":[{"name":"wp","href":"https:\/\/api.w.org\/{rel}","templated":true}]}}