{"id":63189,"date":"2024-01-24T09:44:05","date_gmt":"2024-09-16T13:00:57","guid":{"rendered":"https:\/\/staging.nbg.eu\/product\/iosso-triple-action-oil-solution\/"},"modified":"2024-09-16T13:01:59","modified_gmt":"2024-09-16T13:01:59","slug":"iosso-trojity-akcny-olejovy-roztok","status":"publish","type":"product","link":"https:\/\/staging.nbg.eu\/sk\/produkt\/iosso-trojity-akcny-olejovy-roztok\/","title":{"rendered":"Iosso Trojit\u00fd ak\u010dn\u00fd olejov\u00fd roztok"},"content":{"rendered":"<p>\nIosso Triple Action olejov\u00e9 rie\u0161enie: \u010cist\u00ed, ma\u017ee a chr\u00e1ni streln\u00e9 zbrane s touto biodegradovate\u013enou formulou na rastlinnej b\u00e1ze. Prenik\u00e1 a uvo\u013e\u0148uje prach, uhl\u00edk a plastov\u00e9 upch\u00e1vky. Sl\u00fa\u017ei ako mazivo pre s\u00fa\u010diastky a inhib\u00edtor kor\u00f3zie. Funguje v extr\u00e9mnych teplot\u00e1ch a\u017e do -65\u00b0C. Vhodn\u00e9 na \u010distenie hlavne a \u00fadr\u017ebu zbran\u00ed.<\/p>\n","protected":false},"excerpt":{"rendered":"<p>Ekologicky \u0161etrn\u00fd olej \u00fa\u010dinne \u010dist\u00ed, ma\u017ee a chr\u00e1ni streln\u00e9 zbrane.<\/p>\n","protected":false},"featured_media":107623,"template":"","meta":{"_acf_changed":false},"product_brand":[11486],"product_cat":[13378,13392,13366],"product_tag":[],"class_list":{"0":"post-63189","1":"product","2":"type-product","3":"status-publish","4":"has-post-thumbnail","6":"product_brand-iosso","7":"product_cat-cistenie-zbrani","8":"product_cat-cistice","9":"product_cat-maziva","11":"first","12":"instock","13":"taxable","14":"shipping-taxable","15":"purchasable","16":"product-type-variable","17":"wvs-archive-product-wrapper"},"acf":[],"_links":{"self":[{"href":"https:\/\/staging.nbg.eu\/sk\/wp-json\/wp\/v2\/product\/63189","targetHints":{"allow":["GET"]}}],"collection":[{"href":"https:\/\/staging.nbg.eu\/sk\/wp-json\/wp\/v2\/product"}],"about":[{"href":"https:\/\/staging.nbg.eu\/sk\/wp-json\/wp\/v2\/types\/product"}],"wp:featuredmedia":[{"embeddable":true,"href":"https:\/\/staging.nbg.eu\/sk\/wp-json\/wp\/v2\/media\/107623"}],"wp:attachment":[{"href":"https:\/\/staging.nbg.eu\/sk\/wp-json\/wp\/v2\/media?parent=63189"}],"wp:term":[{"taxonomy":"product_brand","embeddable":true,"href":"https:\/\/staging.nbg.eu\/sk\/wp-json\/wp\/v2\/product_brand?post=63189"},{"taxonomy":"product_cat","embeddable":true,"href":"https:\/\/staging.nbg.eu\/sk\/wp-json\/wp\/v2\/product_cat?post=63189"},{"taxonomy":"product_tag","embeddable":true,"href":"https:\/\/staging.nbg.eu\/sk\/wp-json\/wp\/v2\/product_tag?post=63189"}],"curies":[{"name":"wp","href":"https:\/\/api.w.org\/{rel}","templated":true}]}}