{"id":63111,"date":"2024-01-24T18:43:40","date_gmt":"2024-09-16T12:56:18","guid":{"rendered":"https:\/\/staging.nbg.eu\/product\/iosso-ar-bolt-carrier-key-tube-brush\/"},"modified":"2024-09-16T12:57:15","modified_gmt":"2024-09-16T12:57:15","slug":"iosso-ar-kefka-na-cistenie-kluca-nosaca-zavornika","status":"publish","type":"product","link":"https:\/\/staging.nbg.eu\/sk\/produkt\/iosso-ar-kefka-na-cistenie-kluca-nosaca-zavornika\/","title":{"rendered":"Iosso AR Kefka na \u010distenie kl\u00fa\u010da nosa\u010da z\u00e1vorn\u00edka"},"content":{"rendered":"<p>\nKefka Iosso na \u010distenie nosnej r\u00farky z\u00e1veru AR: Presne pasuje, odstra\u0148uje usadeniny uhl\u00edka. Pou\u017e\u00edvajte s olejom Iosso. Nezanech\u00e1va vl\u00e1kna. Vhodn\u00e1 na \u00fadr\u017ebu pu\u0161iek AR.<\/p>\n","protected":false},"excerpt":{"rendered":"<p>Kefka na \u010distenie nosi\u010da z\u00e1veru AR Iosso: Efekt\u00edvne \u010dist\u00ed usadeniny uhl\u00edka.<\/p>\n","protected":false},"featured_media":102293,"template":"","meta":{"_acf_changed":false},"product_brand":[11486],"product_cat":[13378,13405],"product_tag":[],"class_list":{"0":"post-63111","1":"product","2":"type-product","3":"status-publish","4":"has-post-thumbnail","6":"product_brand-iosso","7":"product_cat-cistenie-zbrani","8":"product_cat-kefky","10":"first","11":"instock","12":"taxable","13":"shipping-taxable","14":"purchasable","15":"product-type-simple"},"acf":[],"_links":{"self":[{"href":"https:\/\/staging.nbg.eu\/sk\/wp-json\/wp\/v2\/product\/63111","targetHints":{"allow":["GET"]}}],"collection":[{"href":"https:\/\/staging.nbg.eu\/sk\/wp-json\/wp\/v2\/product"}],"about":[{"href":"https:\/\/staging.nbg.eu\/sk\/wp-json\/wp\/v2\/types\/product"}],"wp:featuredmedia":[{"embeddable":true,"href":"https:\/\/staging.nbg.eu\/sk\/wp-json\/wp\/v2\/media\/102293"}],"wp:attachment":[{"href":"https:\/\/staging.nbg.eu\/sk\/wp-json\/wp\/v2\/media?parent=63111"}],"wp:term":[{"taxonomy":"product_brand","embeddable":true,"href":"https:\/\/staging.nbg.eu\/sk\/wp-json\/wp\/v2\/product_brand?post=63111"},{"taxonomy":"product_cat","embeddable":true,"href":"https:\/\/staging.nbg.eu\/sk\/wp-json\/wp\/v2\/product_cat?post=63111"},{"taxonomy":"product_tag","embeddable":true,"href":"https:\/\/staging.nbg.eu\/sk\/wp-json\/wp\/v2\/product_tag?post=63111"}],"curies":[{"name":"wp","href":"https:\/\/api.w.org\/{rel}","templated":true}]}}