{"id":63069,"date":"2024-01-24T18:50:37","date_gmt":"2024-01-24T18:50:37","guid":{"rendered":"https:\/\/staging.nbg.eu\/product\/iosso-cleaning-brush-2-sided-2-pk\/"},"modified":"2024-09-16T12:54:44","modified_gmt":"2024-09-16T12:54:44","slug":"iosso-cistiaca-kefka-2-stranna-2ks","status":"publish","type":"product","link":"https:\/\/staging.nbg.eu\/sk\/produkt\/iosso-cistiaca-kefka-2-stranna-2ks\/","title":{"rendered":"Iosso \u010cistiaca kefka 2-strann\u00e1 &#8211; 2ks"},"content":{"rendered":"<p>\n\u010cistiaca kefa Iosso obojstrann\u00e1 &#8211; 2 ks v balen\u00ed m\u00e1 nylonov\u00e9 \u0161tetiny na efekt\u00edvne \u010distenie. Ka\u017ed\u00e9 balenie obsahuje dve kefy s jednou \u0161irokou, dlhou stranou a jednou \u00fazkou stranou. Vhodn\u00e9 na pou\u017eitie s Iosso Triple Action Oil, Bore Cleaner alebo Metal Polish. Ur\u010den\u00e9 na odstra\u0148ovanie uhl\u00edkov\u00fdch usaden\u00edn a zvy\u0161kov prachu zo streln\u00fdch zbran\u00ed alebo v priemyseln\u00fdch aplik\u00e1ci\u00e1ch.<\/p>\n","protected":false},"excerpt":{"rendered":"<p>Obojstrann\u00e1 nylonov\u00e1 kefa na v\u0161estrann\u00e9 \u010distenie. Balenie po 2 kusy.<\/p>\n","protected":false},"featured_media":63070,"template":"","meta":{"_acf_changed":false},"product_brand":[11486],"product_cat":[13378,13405],"product_tag":[],"class_list":{"0":"post-63069","1":"product","2":"type-product","3":"status-publish","4":"has-post-thumbnail","6":"product_brand-iosso","7":"product_cat-cistenie-zbrani","8":"product_cat-kefky","10":"first","11":"instock","12":"taxable","13":"shipping-taxable","14":"purchasable","15":"product-type-simple"},"acf":[],"_links":{"self":[{"href":"https:\/\/staging.nbg.eu\/sk\/wp-json\/wp\/v2\/product\/63069","targetHints":{"allow":["GET"]}}],"collection":[{"href":"https:\/\/staging.nbg.eu\/sk\/wp-json\/wp\/v2\/product"}],"about":[{"href":"https:\/\/staging.nbg.eu\/sk\/wp-json\/wp\/v2\/types\/product"}],"wp:featuredmedia":[{"embeddable":true,"href":"https:\/\/staging.nbg.eu\/sk\/wp-json\/wp\/v2\/media\/63070"}],"wp:attachment":[{"href":"https:\/\/staging.nbg.eu\/sk\/wp-json\/wp\/v2\/media?parent=63069"}],"wp:term":[{"taxonomy":"product_brand","embeddable":true,"href":"https:\/\/staging.nbg.eu\/sk\/wp-json\/wp\/v2\/product_brand?post=63069"},{"taxonomy":"product_cat","embeddable":true,"href":"https:\/\/staging.nbg.eu\/sk\/wp-json\/wp\/v2\/product_cat?post=63069"},{"taxonomy":"product_tag","embeddable":true,"href":"https:\/\/staging.nbg.eu\/sk\/wp-json\/wp\/v2\/product_tag?post=63069"}],"curies":[{"name":"wp","href":"https:\/\/api.w.org\/{rel}","templated":true}]}}