{"id":63027,"date":"2024-01-25T20:06:46","date_gmt":"2024-09-16T12:23:30","guid":{"rendered":"https:\/\/staging.nbg.eu\/product\/iosso-ar-rifle-gas-tube-cleaning-kit\/"},"modified":"2024-09-16T12:24:25","modified_gmt":"2024-09-16T12:24:25","slug":"iosso-ar-rifle-suprava-na-cistenie-plynoveho-tubusu","status":"publish","type":"product","link":"https:\/\/staging.nbg.eu\/sk\/produkt\/iosso-ar-rifle-suprava-na-cistenie-plynoveho-tubusu\/","title":{"rendered":"Iosso AR Rifle S\u00faprava na \u010distenie plynov\u00e9ho tubusu"},"content":{"rendered":"<p>\n\u010cistiaca s\u00faprava Iosso AR na plynov\u00fa trubicu pu\u0161ky pon\u00faka rie\u0161enie na \u00fadr\u017ebu va\u0161ej AR pu\u0161ky. T\u00e1to patentovan\u00e1 s\u00faprava obsahuje:<\/p>\n<ul>\n<li>Dve \u0161pecializovan\u00e9 kefky na plynov\u00fa trubicu<\/li>\n<li>Prieh\u013eadn\u00fa vodiacu trubicu<\/li>\n<li>Iosso olej s trojit\u00fdm \u00fa\u010dinkom<\/li>\n<\/ul>\n<p>Vy\u010distite plynov\u00fa trubicu bez demont\u00e1\u017ee, zabezpe\u010dte spr\u00e1vny cyklus z\u00e1veru a zabr\u00e1\u0148te hromadeniu uhl\u00edka. Tento \u010distiaci syst\u00e9m \u0161etr\u00ed \u010das a n\u00e1mahu.<\/p>\n","protected":false},"excerpt":{"rendered":"<p>\u00da\u010dinn\u00fd \u010disti\u010d plynovej trubice AR \u2013 nie je potrebn\u00e1 demont\u00e1\u017e.<\/p>\n","protected":false},"featured_media":102331,"template":"","meta":{"_acf_changed":false},"product_brand":[11486],"product_cat":[13378,13405],"product_tag":[],"class_list":{"0":"post-63027","1":"product","2":"type-product","3":"status-publish","4":"has-post-thumbnail","6":"product_brand-iosso","7":"product_cat-cistenie-zbrani","8":"product_cat-kefky","10":"first","11":"instock","12":"taxable","13":"shipping-taxable","14":"purchasable","15":"product-type-simple"},"acf":[],"_links":{"self":[{"href":"https:\/\/staging.nbg.eu\/sk\/wp-json\/wp\/v2\/product\/63027","targetHints":{"allow":["GET"]}}],"collection":[{"href":"https:\/\/staging.nbg.eu\/sk\/wp-json\/wp\/v2\/product"}],"about":[{"href":"https:\/\/staging.nbg.eu\/sk\/wp-json\/wp\/v2\/types\/product"}],"wp:featuredmedia":[{"embeddable":true,"href":"https:\/\/staging.nbg.eu\/sk\/wp-json\/wp\/v2\/media\/102331"}],"wp:attachment":[{"href":"https:\/\/staging.nbg.eu\/sk\/wp-json\/wp\/v2\/media?parent=63027"}],"wp:term":[{"taxonomy":"product_brand","embeddable":true,"href":"https:\/\/staging.nbg.eu\/sk\/wp-json\/wp\/v2\/product_brand?post=63027"},{"taxonomy":"product_cat","embeddable":true,"href":"https:\/\/staging.nbg.eu\/sk\/wp-json\/wp\/v2\/product_cat?post=63027"},{"taxonomy":"product_tag","embeddable":true,"href":"https:\/\/staging.nbg.eu\/sk\/wp-json\/wp\/v2\/product_tag?post=63027"}],"curies":[{"name":"wp","href":"https:\/\/api.w.org\/{rel}","templated":true}]}}