{"id":62969,"date":"2024-01-25T20:19:03","date_gmt":"2024-09-16T12:21:33","guid":{"rendered":"https:\/\/staging.nbg.eu\/product\/iosso-chamber-brushes-2-pack\/"},"modified":"2024-09-16T12:22:34","modified_gmt":"2024-09-16T12:22:34","slug":"iosso-kefky-na-komoru-2-kusy","status":"publish","type":"product","link":"https:\/\/staging.nbg.eu\/sk\/produkt\/iosso-kefky-na-komoru-2-kusy\/","title":{"rendered":"Iosso Kefky na komoru 2 kusy"},"content":{"rendered":"<p style=\"text-align: center\"><strong><span style=\"font-size: 170%\">Komorov\u00e9 kefky Iosso (2 balenia)<\/span><\/strong><\/p>\n<p>Prv\u00e1 kefka na \u010distenie komory 6.5 Creedmoor. S\u00fa presne dimenzovan\u00e9 pre prec\u00edzne \u010distenie. Vyroben\u00e9 z modr\u00e9ho vl\u00e1kna, ktor\u00e9 je hrub\u00e9, pevn\u00e9 a dr\u017e\u00ed tvar lep\u0161ie ako tradi\u010dn\u00e9 mosadzn\u00e9 a bronzov\u00e9 kefky. M\u00f4\u017eu sa pou\u017ei\u0165 nieko\u013ekokr\u00e1t pred opotrebovan\u00edm. Balenie obsahuje 2 kefky. Odpor\u00fa\u010dan\u00e9 \u010distiace prostriedky na pou\u017eitie s touto kefkou s\u00fa Iosso \u010disti\u010d hlavne a Iosso olej s trojit\u00fdm \u00fa\u010dinkom. <strong>Modr\u00e9 kefky s\u00fa ochrannou zn\u00e1mkou produktov Iosso.<\/strong><\/p>\n<table width=\"305\">\n<tbody>\n<tr>\n<td width=\"305\"><strong>AR-15 komorov\u00e1 kefka s \u010dapom, 2 balenie<\/strong><\/td>\n<\/tr>\n<tr>\n<td><strong>Grendel AR-15 6.5 komorov\u00e1 kefka, 2 ks<\/strong><\/td>\n<\/tr>\n<tr>\n<td><strong>Creedmoor 6.5 komorov\u00e1 kefka, 2 ks<\/strong><\/td>\n<\/tr>\n<tr>\n<td><strong>AR.308 pu\u0161ka komorov\u00e1 kefka s \u010dapom, 2 balenie<\/strong><\/td>\n<\/tr>\n<\/tbody>\n<\/table>\n","protected":false},"excerpt":{"rendered":"<p><strong>Prv\u00e1 kefa na \u010distenie komory 6.5 Creedmoor<\/strong><\/p>\n","protected":false},"featured_media":107692,"template":"","meta":{"_acf_changed":false},"product_brand":[11486],"product_cat":[13378,13405],"product_tag":[],"class_list":{"0":"post-62969","1":"product","2":"type-product","3":"status-publish","4":"has-post-thumbnail","6":"product_brand-iosso","7":"product_cat-cistenie-zbrani","8":"product_cat-kefky","9":"pa_model-6-5-creedmoor-sk","10":"pa_model-6-5-grendel-sk","11":"pa_model-ar-308-sk","12":"pa_model-ar-15-sk","14":"first","15":"instock","16":"taxable","17":"shipping-taxable","18":"purchasable","19":"product-type-variable","20":"wvs-archive-product-wrapper"},"acf":[],"_links":{"self":[{"href":"https:\/\/staging.nbg.eu\/sk\/wp-json\/wp\/v2\/product\/62969","targetHints":{"allow":["GET"]}}],"collection":[{"href":"https:\/\/staging.nbg.eu\/sk\/wp-json\/wp\/v2\/product"}],"about":[{"href":"https:\/\/staging.nbg.eu\/sk\/wp-json\/wp\/v2\/types\/product"}],"wp:featuredmedia":[{"embeddable":true,"href":"https:\/\/staging.nbg.eu\/sk\/wp-json\/wp\/v2\/media\/107692"}],"wp:attachment":[{"href":"https:\/\/staging.nbg.eu\/sk\/wp-json\/wp\/v2\/media?parent=62969"}],"wp:term":[{"taxonomy":"product_brand","embeddable":true,"href":"https:\/\/staging.nbg.eu\/sk\/wp-json\/wp\/v2\/product_brand?post=62969"},{"taxonomy":"product_cat","embeddable":true,"href":"https:\/\/staging.nbg.eu\/sk\/wp-json\/wp\/v2\/product_cat?post=62969"},{"taxonomy":"product_tag","embeddable":true,"href":"https:\/\/staging.nbg.eu\/sk\/wp-json\/wp\/v2\/product_tag?post=62969"}],"curies":[{"name":"wp","href":"https:\/\/api.w.org\/{rel}","templated":true}]}}