{"id":62855,"date":"2024-01-25T20:40:36","date_gmt":"2024-09-16T12:17:38","guid":{"rendered":"https:\/\/staging.nbg.eu\/product\/iosso-shotgun-adapter-brass-8-32-to-5-16-27\/"},"modified":"2024-09-16T12:18:35","modified_gmt":"2024-09-16T12:18:35","slug":"iosso-shotgun-adapter-mosadz-832-na-516-27","status":"publish","type":"product","link":"https:\/\/staging.nbg.eu\/sk\/produkt\/iosso-shotgun-adapter-mosadz-832-na-516-27\/","title":{"rendered":"Iosso Shotgun Adapter mosadz 8\/32 na 5\/16-27"},"content":{"rendered":"<p>\nIosso adapt\u00e9r pre brokovnicu: 8\/32 samec na 5\/16-27 samica. Premie\u0148a ty\u010de pre kefky na brokovnice. Vyroben\u00e9 z mosadze v USA.<\/p>\n","protected":false},"excerpt":{"rendered":"<p>Mosadzn\u00fd adapt\u00e9r: 8\/32 samec na 5\/16-27 samica. Pre kefky na brokovnice. Vyroben\u00e9 v USA.<\/p>\n","protected":false},"featured_media":107317,"template":"","meta":{"_acf_changed":false},"product_brand":[11486],"product_cat":[13378,13403,13405],"product_tag":[],"class_list":{"0":"post-62855","1":"product","2":"type-product","3":"status-publish","4":"has-post-thumbnail","6":"product_brand-iosso","7":"product_cat-cistenie-zbrani","8":"product_cat-cistiace-hroty","9":"product_cat-kefky","11":"first","12":"instock","13":"taxable","14":"shipping-taxable","15":"purchasable","16":"product-type-simple"},"acf":[],"_links":{"self":[{"href":"https:\/\/staging.nbg.eu\/sk\/wp-json\/wp\/v2\/product\/62855","targetHints":{"allow":["GET"]}}],"collection":[{"href":"https:\/\/staging.nbg.eu\/sk\/wp-json\/wp\/v2\/product"}],"about":[{"href":"https:\/\/staging.nbg.eu\/sk\/wp-json\/wp\/v2\/types\/product"}],"wp:featuredmedia":[{"embeddable":true,"href":"https:\/\/staging.nbg.eu\/sk\/wp-json\/wp\/v2\/media\/107317"}],"wp:attachment":[{"href":"https:\/\/staging.nbg.eu\/sk\/wp-json\/wp\/v2\/media?parent=62855"}],"wp:term":[{"taxonomy":"product_brand","embeddable":true,"href":"https:\/\/staging.nbg.eu\/sk\/wp-json\/wp\/v2\/product_brand?post=62855"},{"taxonomy":"product_cat","embeddable":true,"href":"https:\/\/staging.nbg.eu\/sk\/wp-json\/wp\/v2\/product_cat?post=62855"},{"taxonomy":"product_tag","embeddable":true,"href":"https:\/\/staging.nbg.eu\/sk\/wp-json\/wp\/v2\/product_tag?post=62855"}],"curies":[{"name":"wp","href":"https:\/\/api.w.org\/{rel}","templated":true}]}}