{"id":62398,"date":"2024-02-14T06:58:29","date_gmt":"2024-09-16T11:50:15","guid":{"rendered":"https:\/\/staging.nbg.eu\/product\/geissele-super-mcx-ssa-m4-curved-trigger\/"},"modified":"2024-09-16T11:51:13","modified_gmt":"2024-09-16T11:51:13","slug":"geissele-super-mcx-ssa-m4-zakrivena-spoust","status":"publish","type":"product","link":"https:\/\/staging.nbg.eu\/sk\/produkt\/geissele-super-mcx-ssa-m4-zakrivena-spoust\/","title":{"rendered":"Geissele Super MCX SSA &#8211; M4 zakriven\u00e1 spou\u0161\u0165"},"content":{"rendered":"<div class=\"product-description\">\n<h2>Geissele Super MCX SSA &#8211; M4 Sp\u00fa\u0161\u0165 s obl\u00fakom<\/h2>\n<p>Geissele Super MCX SSA je dvojstup\u0148ov\u00e1 sp\u00fa\u0161\u0165 in\u0161pirovan\u00e1 bojov\u00fdm pou\u017eit\u00edm. Odvoden\u00e1 od na\u0161ej sp\u00fa\u0161te pre M4 karab\u00ednu certifikovanej CRANE Safety, t\u00e1to nenastavite\u013en\u00e1 sp\u00fa\u0161\u0165 s odporem pribli\u017ene 4,5 libier pon\u00faka:<\/p>\n<ul>\n<li>Presn\u00e9 a presn\u00e9 ovl\u00e1danie sp\u00fa\u0161te<\/li>\n<li>Dostato\u010dne \u013eahk\u00e1 pre presn\u00e9 aplik\u00e1cie<\/li>\n<li>Vhodn\u00e1 pre n\u00e1ro\u010dn\u00e9 scen\u00e1re ako CQB<\/li>\n<li>Vhodn\u00e1 pre lov, policajn\u00e9 a vojensk\u00e9 pou\u017eitie<\/li>\n<\/ul>\n<p>Super MCX SSA kombinuje v\u00fdkon, spo\u013eahlivos\u0165, bezpe\u010dnos\u0165 a v\u0161estrannos\u0165, \u010do z nej rob\u00ed vhodn\u00fa sp\u00fa\u0161\u0165 pre va\u0161u zbra\u0148.<\/p>\n<\/div>\n","protected":false},"excerpt":{"rendered":"<p>Vysoko v\u00fdkonn\u00e1 2-stup\u0148ov\u00e1 sp\u00fa\u0161\u0165 pre presnos\u0165 a boj na kr\u00e1tku vzdialenos\u0165. Odpor sp\u00fa\u0161te 2,04 kg.<\/p>\n","protected":false},"featured_media":62399,"template":"","meta":{"_acf_changed":false},"product_brand":[11391],"product_cat":[13397,13346,13334],"product_tag":[],"class_list":{"0":"post-62398","1":"product","2":"type-product","3":"status-publish","4":"has-post-thumbnail","6":"product_brand-geissele","7":"product_cat-puska","8":"product_cat-rifle-tuning","9":"product_cat-spuste","11":"first","12":"instock","13":"taxable","14":"shipping-taxable","15":"product-type-simple"},"acf":[],"_links":{"self":[{"href":"https:\/\/staging.nbg.eu\/sk\/wp-json\/wp\/v2\/product\/62398","targetHints":{"allow":["GET"]}}],"collection":[{"href":"https:\/\/staging.nbg.eu\/sk\/wp-json\/wp\/v2\/product"}],"about":[{"href":"https:\/\/staging.nbg.eu\/sk\/wp-json\/wp\/v2\/types\/product"}],"wp:featuredmedia":[{"embeddable":true,"href":"https:\/\/staging.nbg.eu\/sk\/wp-json\/wp\/v2\/media\/62399"}],"wp:attachment":[{"href":"https:\/\/staging.nbg.eu\/sk\/wp-json\/wp\/v2\/media?parent=62398"}],"wp:term":[{"taxonomy":"product_brand","embeddable":true,"href":"https:\/\/staging.nbg.eu\/sk\/wp-json\/wp\/v2\/product_brand?post=62398"},{"taxonomy":"product_cat","embeddable":true,"href":"https:\/\/staging.nbg.eu\/sk\/wp-json\/wp\/v2\/product_cat?post=62398"},{"taxonomy":"product_tag","embeddable":true,"href":"https:\/\/staging.nbg.eu\/sk\/wp-json\/wp\/v2\/product_tag?post=62398"}],"curies":[{"name":"wp","href":"https:\/\/api.w.org\/{rel}","templated":true}]}}