{"id":62343,"date":"2024-02-14T07:09:17","date_gmt":"2024-09-16T11:47:39","guid":{"rendered":"https:\/\/staging.nbg.eu\/product\/geissele-super-semi-automatic-ssa-trigger\/"},"modified":"2024-09-16T11:48:37","modified_gmt":"2024-09-16T11:48:37","slug":"geissele-super-semi-automatic-ssa-spoust","status":"publish","type":"product","link":"https:\/\/staging.nbg.eu\/sk\/produkt\/geissele-super-semi-automatic-ssa-spoust\/","title":{"rendered":"Geissele Super Semi-Automatic (SSA\u00ae) spou\u0161\u0165"},"content":{"rendered":"<h2>Geissele SSA\u00ae sp\u00fa\u0161\u0165<\/h2>\n<p>Geissele SSA\u00ae sp\u00fa\u0161\u0165 je poloautomatick\u00e1 verzia sp\u00fa\u0161te Super Select-Fire. T\u00e1to nestavite\u013en\u00e1 dvojstup\u0148ov\u00e1 sp\u00fa\u0161\u0165 pon\u00faka:<\/p>\n<ul>\n<li>Presnos\u0165 pri stre\u013ebe<\/li>\n<li>Vhodnos\u0165 pre boj na kr\u00e1tke vzdialenosti<\/li>\n<li>Bezpe\u010dnostn\u00e1 certifik\u00e1cia od Crane Naval Surface Warfare Center<\/li>\n<li>Vhodn\u00e1 pre policajn\u00e9 zlo\u017eky a dynamick\u00e9 prostredie<\/li>\n<\/ul>\n<p>Dizajn SSA\u00ae poskytuje \u013eahk\u00fd dotyk pre presnos\u0165 na dlh\u00e9 vzdialenosti a z\u00e1rove\u0148 umo\u017e\u0148uje r\u00fdchlu stre\u013ebu. Je vhodn\u00e1 pre stre\u013ebu na stredn\u00e9 vzdialenosti aj pre situ\u00e1cie s vysok\u00fdm stresom.<\/p>\n<p>T\u00e1to sp\u00fa\u0161\u0165 je overen\u00e1 v bojov\u00fdch podmienkach.<\/p>\n","protected":false},"excerpt":{"rendered":"<p>Presn\u00fd dvojstup\u0148ov\u00fd sp\u00fa\u0161\u0165a\u010d pre v\u0161estrann\u00e9 a presn\u00e9 strie\u013eanie.<\/p>\n","protected":false},"featured_media":62273,"template":"","meta":{"_acf_changed":false},"product_brand":[11391],"product_cat":[13397,13346,13334],"product_tag":[],"class_list":{"0":"post-62343","1":"product","2":"type-product","3":"status-publish","4":"has-post-thumbnail","6":"product_brand-geissele","7":"product_cat-puska","8":"product_cat-rifle-tuning","9":"product_cat-spuste","11":"first","12":"instock","13":"taxable","14":"shipping-taxable","15":"product-type-simple"},"acf":[],"_links":{"self":[{"href":"https:\/\/staging.nbg.eu\/sk\/wp-json\/wp\/v2\/product\/62343","targetHints":{"allow":["GET"]}}],"collection":[{"href":"https:\/\/staging.nbg.eu\/sk\/wp-json\/wp\/v2\/product"}],"about":[{"href":"https:\/\/staging.nbg.eu\/sk\/wp-json\/wp\/v2\/types\/product"}],"wp:featuredmedia":[{"embeddable":true,"href":"https:\/\/staging.nbg.eu\/sk\/wp-json\/wp\/v2\/media\/62273"}],"wp:attachment":[{"href":"https:\/\/staging.nbg.eu\/sk\/wp-json\/wp\/v2\/media?parent=62343"}],"wp:term":[{"taxonomy":"product_brand","embeddable":true,"href":"https:\/\/staging.nbg.eu\/sk\/wp-json\/wp\/v2\/product_brand?post=62343"},{"taxonomy":"product_cat","embeddable":true,"href":"https:\/\/staging.nbg.eu\/sk\/wp-json\/wp\/v2\/product_cat?post=62343"},{"taxonomy":"product_tag","embeddable":true,"href":"https:\/\/staging.nbg.eu\/sk\/wp-json\/wp\/v2\/product_tag?post=62343"}],"curies":[{"name":"wp","href":"https:\/\/api.w.org\/{rel}","templated":true}]}}