{"id":62272,"date":"2024-02-14T07:22:04","date_gmt":"2024-02-14T07:22:04","guid":{"rendered":"https:\/\/staging.nbg.eu\/product\/geissele-super-semi-automatic-enhanced-ssa-e-trigger\/"},"modified":"2024-09-16T11:45:27","modified_gmt":"2024-09-16T11:45:27","slug":"geissele-super-semi-automatic-enhanced-ssa-e-spoust","status":"publish","type":"product","link":"https:\/\/staging.nbg.eu\/sk\/produkt\/geissele-super-semi-automatic-enhanced-ssa-e-spoust\/","title":{"rendered":"Geissele Super Semi-Automatic Enhanced (SSA-E\u2122) spou\u0161\u0165"},"content":{"rendered":"<div class=\"product-description\">\n<h2>Geissele Super Semi-Automatick\u00e1 Vylep\u0161en\u00e1 (SSA-E\u2122) Sp\u00fa\u0161\u0165<\/h2>\n<p>Geissele SSA-E\u2122 sp\u00fa\u0161\u0165 je zalo\u017een\u00e1 na osved\u010denom r\u00e1me SSA\u00ae. T\u00e1to vylep\u0161en\u00e1 dvojstup\u0148ov\u00e1 sp\u00fa\u0161\u0165 pon\u00faka:<\/p>\n<ul>\n<li>Zn\u00ed\u017een\u00e9 hmotnosti \u0165ahu pre plynulej\u0161iu prev\u00e1dzku<\/li>\n<li>\u013dahk\u00fd prv\u00fd stupe\u0148<\/li>\n<li>Presn\u00fd druh\u00fd stupe\u0148<\/li>\n<li>Spo\u013eahlivos\u0165 overen\u00e1 v boji<\/li>\n<li>Neprestavite\u013en\u00fd dizajn na vlo\u017eenie<\/li>\n<\/ul>\n<p>SSA-E\u2122 je vhodn\u00e1 pre presn\u00e9 pu\u0161ky ur\u010den\u00fdch strelcov. Poskytuje lep\u0161iu kontrolu sp\u00fa\u0161te a presnos\u0165 zbrane. Odvoden\u00e1 od na\u0161ej plne automatickej bojovej sp\u00fa\u0161te pou\u017e\u00edvanej \u0161peci\u00e1lnymi jednotkami USA, t\u00e1to poloautomatick\u00e1 verzia zabezpe\u010duje vysok\u00fd v\u00fdkon tam, kde je kritick\u00e1 spo\u013eahlivos\u0165.<\/p>\n<\/div>\n","protected":false},"excerpt":{"rendered":"<p>Vylep\u0161en\u00e1 sp\u00fa\u0161\u0165 s presnos\u0165ou pre strelcov: plynul\u00fd chod, ostr\u00fd z\u00e1ber.<\/p>\n","protected":false},"featured_media":62273,"template":"","meta":{"_acf_changed":false},"product_brand":[11391],"product_cat":[13397,13346,13334],"product_tag":[],"class_list":{"0":"post-62272","1":"product","2":"type-product","3":"status-publish","4":"has-post-thumbnail","6":"product_brand-geissele","7":"product_cat-puska","8":"product_cat-rifle-tuning","9":"product_cat-spuste","11":"first","12":"instock","13":"taxable","14":"shipping-taxable","15":"product-type-simple"},"acf":[],"_links":{"self":[{"href":"https:\/\/staging.nbg.eu\/sk\/wp-json\/wp\/v2\/product\/62272","targetHints":{"allow":["GET"]}}],"collection":[{"href":"https:\/\/staging.nbg.eu\/sk\/wp-json\/wp\/v2\/product"}],"about":[{"href":"https:\/\/staging.nbg.eu\/sk\/wp-json\/wp\/v2\/types\/product"}],"wp:featuredmedia":[{"embeddable":true,"href":"https:\/\/staging.nbg.eu\/sk\/wp-json\/wp\/v2\/media\/62273"}],"wp:attachment":[{"href":"https:\/\/staging.nbg.eu\/sk\/wp-json\/wp\/v2\/media?parent=62272"}],"wp:term":[{"taxonomy":"product_brand","embeddable":true,"href":"https:\/\/staging.nbg.eu\/sk\/wp-json\/wp\/v2\/product_brand?post=62272"},{"taxonomy":"product_cat","embeddable":true,"href":"https:\/\/staging.nbg.eu\/sk\/wp-json\/wp\/v2\/product_cat?post=62272"},{"taxonomy":"product_tag","embeddable":true,"href":"https:\/\/staging.nbg.eu\/sk\/wp-json\/wp\/v2\/product_tag?post=62272"}],"curies":[{"name":"wp","href":"https:\/\/api.w.org\/{rel}","templated":true}]}}