{"id":62130,"date":"2024-02-14T07:32:28","date_gmt":"2024-09-16T11:41:46","guid":{"rendered":"https:\/\/staging.nbg.eu\/product\/geissele-ssa-x-trigger-with-lightning-bow\/"},"modified":"2024-09-16T11:42:46","modified_gmt":"2024-09-16T11:42:46","slug":"geissele-ssa-x-spoust-s-lightning-bow","status":"publish","type":"product","link":"https:\/\/staging.nbg.eu\/sk\/produkt\/geissele-ssa-x-spoust-s-lightning-bow\/","title":{"rendered":"Geissele SSA X spou\u0161\u0165 s Lightning Bow\u00ae"},"content":{"rendered":"<div class=\"product-description\">\n<h2>Geissele SSA X sp\u00fa\u0161\u0165 s Lightning Bow\u00ae<\/h2>\n<p>SSA-X s technol\u00f3giou Lightning Bow\u00ae pon\u00faka nasleduj\u00face vlastnosti:<\/p>\n<ul>\n<li>Polo-zakriven\u00fd, \u0161ir\u0161\u00ed profil<\/li>\n<li>Kombin\u00e1cia vlastnost\u00ed \u0161tandardn\u00fdch zakriven\u00fdch AR sp\u00fa\u0161t\u00ed a ploch\u00fdch dizajnov<\/li>\n<li>Nanoweapon povlak pre zv\u00fd\u0161en\u00fa odolnos\u0165 vo\u010di opotrebeniu a kor\u00f3zii<\/li>\n<li>Fungovanie s minim\u00e1lnym mazan\u00edm<\/li>\n<\/ul>\n<p>T\u00e1to sp\u00fa\u0161\u0165, nadv\u00e4zuj\u00faca na SSA, pon\u00faka:<\/p>\n<ul>\n<li>Presnos\u0165 pre stre\u013ebu na dlh\u00e9 vzdialenosti<\/li>\n<li>Vhodnos\u0165 pre boj na kr\u00e1tke vzdialenosti (CQB)<\/li>\n<\/ul>\n<p>Geissele SSA X sp\u00fa\u0161\u0165 je ur\u010den\u00e1 na zlep\u0161enie v\u00fdkonu va\u0161ej AR.<\/p>\n<\/div>\n","protected":false},"excerpt":{"rendered":"<p>Presne navrhnut\u00fd AR sp\u00fa\u0161\u0165 s hybridn\u00fdm obl\u00fakom pre dokonal\u00fa kontrolu a odolnos\u0165.<\/p>\n","protected":false},"featured_media":62131,"template":"","meta":{"_acf_changed":false},"product_brand":[11391],"product_cat":[13397,13346,13334],"product_tag":[],"class_list":{"0":"post-62130","1":"product","2":"type-product","3":"status-publish","4":"has-post-thumbnail","6":"product_brand-geissele","7":"product_cat-puska","8":"product_cat-rifle-tuning","9":"product_cat-spuste","11":"first","12":"instock","13":"taxable","14":"shipping-taxable","15":"product-type-simple"},"acf":[],"_links":{"self":[{"href":"https:\/\/staging.nbg.eu\/sk\/wp-json\/wp\/v2\/product\/62130","targetHints":{"allow":["GET"]}}],"collection":[{"href":"https:\/\/staging.nbg.eu\/sk\/wp-json\/wp\/v2\/product"}],"about":[{"href":"https:\/\/staging.nbg.eu\/sk\/wp-json\/wp\/v2\/types\/product"}],"wp:featuredmedia":[{"embeddable":true,"href":"https:\/\/staging.nbg.eu\/sk\/wp-json\/wp\/v2\/media\/62131"}],"wp:attachment":[{"href":"https:\/\/staging.nbg.eu\/sk\/wp-json\/wp\/v2\/media?parent=62130"}],"wp:term":[{"taxonomy":"product_brand","embeddable":true,"href":"https:\/\/staging.nbg.eu\/sk\/wp-json\/wp\/v2\/product_brand?post=62130"},{"taxonomy":"product_cat","embeddable":true,"href":"https:\/\/staging.nbg.eu\/sk\/wp-json\/wp\/v2\/product_cat?post=62130"},{"taxonomy":"product_tag","embeddable":true,"href":"https:\/\/staging.nbg.eu\/sk\/wp-json\/wp\/v2\/product_tag?post=62130"}],"curies":[{"name":"wp","href":"https:\/\/api.w.org\/{rel}","templated":true}]}}