{"id":62067,"date":"2024-02-14T07:49:55","date_gmt":"2024-09-16T11:38:45","guid":{"rendered":"https:\/\/staging.nbg.eu\/product\/geissele-ssa-e-x-trigger-with-lightning-bow\/"},"modified":"2024-09-16T11:39:43","modified_gmt":"2024-09-16T11:39:43","slug":"geissele-ssa-e-x-spoust-s-lightning-bow","status":"publish","type":"product","link":"https:\/\/staging.nbg.eu\/sk\/produkt\/geissele-ssa-e-x-spoust-s-lightning-bow\/","title":{"rendered":"Geissele SSA-E X spou\u0161\u0165 s Lightning Bow\u00ae"},"content":{"rendered":"<div class=\"product-description\">\n<h2>Sp\u00fa\u0161\u0165 Geissele SSA-E X s Lightning Bow\u00ae<\/h2>\n<p>SSA-E X\u2122 s Lightning Bow\u00ae pon\u00faka kontrolu sp\u00fa\u0161te. T\u00e1to sp\u00fa\u0161\u0165 kombinuje:<\/p>\n<ul>\n<li>Polo-zakriven\u00fd, \u0161irok\u00fd profil<\/li>\n<li>Nanoweapon povrchov\u00e1 \u00faprava pre zv\u00fd\u0161en\u00fa odolnos\u0165<\/li>\n<li>Hladk\u00fd, \u013eahk\u00fd prv\u00fd stupe\u0148 odporu<\/li>\n<li>Presn\u00fd druh\u00fd stupe\u0148 odporu<\/li>\n<\/ul>\n<p>Vhodn\u00e9 pre presn\u00e9 pu\u0161ky ur\u010den\u00e9 pre presn\u00fdch strelcov, SSA-E X\u2122 poskytuje presnos\u0165 a spo\u013eahlivos\u0165. Jeho dizajn kombinuje vlastnosti zakriven\u00fdch a ploch\u00fdch sp\u00fa\u0161t\u00ed, zabezpe\u010duj\u00fac v\u00fdkon aj s minim\u00e1lnym mazan\u00edm.<\/p>\n<\/div>\n","protected":false},"excerpt":{"rendered":"<p>Presn\u00e1 AR sp\u00fa\u0161\u0165 s hybridn\u00fdm l\u00fakov\u00fdm dizajnom pre lep\u0161iu kontrolu a presnos\u0165.<\/p>\n","protected":false},"featured_media":62068,"template":"","meta":{"_acf_changed":false},"product_brand":[11391],"product_cat":[13397,13346,13334],"product_tag":[],"class_list":{"0":"post-62067","1":"product","2":"type-product","3":"status-publish","4":"has-post-thumbnail","6":"product_brand-geissele","7":"product_cat-puska","8":"product_cat-rifle-tuning","9":"product_cat-spuste","11":"first","12":"instock","13":"taxable","14":"shipping-taxable","15":"product-type-simple"},"acf":[],"_links":{"self":[{"href":"https:\/\/staging.nbg.eu\/sk\/wp-json\/wp\/v2\/product\/62067","targetHints":{"allow":["GET"]}}],"collection":[{"href":"https:\/\/staging.nbg.eu\/sk\/wp-json\/wp\/v2\/product"}],"about":[{"href":"https:\/\/staging.nbg.eu\/sk\/wp-json\/wp\/v2\/types\/product"}],"wp:featuredmedia":[{"embeddable":true,"href":"https:\/\/staging.nbg.eu\/sk\/wp-json\/wp\/v2\/media\/62068"}],"wp:attachment":[{"href":"https:\/\/staging.nbg.eu\/sk\/wp-json\/wp\/v2\/media?parent=62067"}],"wp:term":[{"taxonomy":"product_brand","embeddable":true,"href":"https:\/\/staging.nbg.eu\/sk\/wp-json\/wp\/v2\/product_brand?post=62067"},{"taxonomy":"product_cat","embeddable":true,"href":"https:\/\/staging.nbg.eu\/sk\/wp-json\/wp\/v2\/product_cat?post=62067"},{"taxonomy":"product_tag","embeddable":true,"href":"https:\/\/staging.nbg.eu\/sk\/wp-json\/wp\/v2\/product_tag?post=62067"}],"curies":[{"name":"wp","href":"https:\/\/api.w.org\/{rel}","templated":true}]}}