{"id":62003,"date":"2024-02-14T11:11:36","date_gmt":"2024-09-16T11:22:29","guid":{"rendered":"https:\/\/staging.nbg.eu\/product\/geissele-super-dynamic-enhanced-sd-e-trigger\/"},"modified":"2024-09-16T11:23:28","modified_gmt":"2024-09-16T11:23:28","slug":"geissele-super-dynamic-enhanced-sd-e-spoust","status":"publish","type":"product","link":"https:\/\/staging.nbg.eu\/sk\/produkt\/geissele-super-dynamic-enhanced-sd-e-spoust\/","title":{"rendered":"Geissele Super Dynamic Enhanced (SD-E) spou\u0161\u0165"},"content":{"rendered":"<div class=\"product-description\">\n<h2>Geissele Super Dynamic Enhanced (SD-E) sp\u00fa\u0161\u0165<\/h2>\n<p>Geissele SD-E sp\u00fa\u0161\u0165 je dvojstup\u0148ov\u00e1 sp\u00fa\u0161\u0165, ktor\u00e1 pon\u00faka:<\/p>\n<ul>\n<li>Ploch\u00fd tvar sp\u00fa\u0161te<\/li>\n<li>Mechanizmus pre lep\u0161iu kontrolu<\/li>\n<li>Zlep\u0161en\u00fa presnos\u0165 zbrane<\/li>\n<li>Spo\u013eahlivos\u0165<\/li>\n<\/ul>\n<p>SD-E je verzia s plochou sp\u00fa\u0161\u0165ou modelu SSA-E. Pon\u00faka:<\/p>\n<ul>\n<li>\u010cist\u00e9 odp\u00e1lenie<\/li>\n<li>Konzistentn\u00fa odporn\u00fa silu<\/li>\n<li>R\u00fdchlej\u0161ie n\u00e1sledn\u00e9 v\u00fdstrely<\/li>\n<\/ul>\n<p>Geissele SD-E sp\u00fa\u0161\u0165 je ur\u010den\u00e1 na zlep\u0161enie presnosti a v\u00fdkonu zbrane.<\/p>\n<\/div>\n","protected":false},"excerpt":{"rendered":"<p>Presn\u00fd ploch\u00fd dvojstup\u0148ov\u00fd sp\u00fa\u0161\u0165ov\u00fd mechanizmus pre lep\u0161iu kontrolu a presnos\u0165.<\/p>\n","protected":false},"featured_media":62004,"template":"","meta":{"_acf_changed":false},"product_brand":[11391],"product_cat":[13397,13346,13334],"product_tag":[],"class_list":{"0":"post-62003","1":"product","2":"type-product","3":"status-publish","4":"has-post-thumbnail","6":"product_brand-geissele","7":"product_cat-puska","8":"product_cat-rifle-tuning","9":"product_cat-spuste","11":"first","12":"instock","13":"taxable","14":"shipping-taxable","15":"product-type-simple"},"acf":[],"_links":{"self":[{"href":"https:\/\/staging.nbg.eu\/sk\/wp-json\/wp\/v2\/product\/62003","targetHints":{"allow":["GET"]}}],"collection":[{"href":"https:\/\/staging.nbg.eu\/sk\/wp-json\/wp\/v2\/product"}],"about":[{"href":"https:\/\/staging.nbg.eu\/sk\/wp-json\/wp\/v2\/types\/product"}],"wp:featuredmedia":[{"embeddable":true,"href":"https:\/\/staging.nbg.eu\/sk\/wp-json\/wp\/v2\/media\/62004"}],"wp:attachment":[{"href":"https:\/\/staging.nbg.eu\/sk\/wp-json\/wp\/v2\/media?parent=62003"}],"wp:term":[{"taxonomy":"product_brand","embeddable":true,"href":"https:\/\/staging.nbg.eu\/sk\/wp-json\/wp\/v2\/product_brand?post=62003"},{"taxonomy":"product_cat","embeddable":true,"href":"https:\/\/staging.nbg.eu\/sk\/wp-json\/wp\/v2\/product_cat?post=62003"},{"taxonomy":"product_tag","embeddable":true,"href":"https:\/\/staging.nbg.eu\/sk\/wp-json\/wp\/v2\/product_tag?post=62003"}],"curies":[{"name":"wp","href":"https:\/\/api.w.org\/{rel}","templated":true}]}}