{"id":61941,"date":"2024-02-14T11:24:38","date_gmt":"2024-09-16T11:18:42","guid":{"rendered":"https:\/\/staging.nbg.eu\/product\/geissele-super-dynamic-3-gun-sd-3g-trigger\/"},"modified":"2024-09-16T11:19:40","modified_gmt":"2024-09-16T11:19:40","slug":"geissele-super-dynamic-3-gun-sd-3g-spoust","status":"publish","type":"product","link":"https:\/\/staging.nbg.eu\/sk\/produkt\/geissele-super-dynamic-3-gun-sd-3g-spoust\/","title":{"rendered":"Geissele Super Dynamic 3 Gun (SD-3G) spou\u0161\u0165"},"content":{"rendered":"<div class=\"product-description\">\n<h2>Geissele Super Dynamic 3 Gun (SD-3G) sp\u00fa\u0161\u0165<\/h2>\n<p>Geissele SD-3G sp\u00fa\u0161\u0165 pon\u00faka nasleduj\u00face vlastnosti:<\/p>\n<ul>\n<li>Ploch\u00e1 sp\u00fa\u0161\u0165 pre zn\u00ed\u017eenie vn\u00edmanej hmotnosti odporu<\/li>\n<li>Hybridn\u00fd dizajn kombinuj\u00faci vlastnosti jednostup\u0148ovej a dvojstup\u0148ovej sp\u00fa\u0161te<\/li>\n<li>Skr\u00e1ten\u00e1 d\u013a\u017eka chodu a r\u00fdchly reset<\/li>\n<li>Vylep\u0161en\u00e1 taktiln\u00e1 sp\u00e4tn\u00e1 v\u00e4zba pre lep\u0161iu kontrolu<\/li>\n<li>Vhodn\u00e1 pre 3 Gun s\u00fa\u0165a\u017en\u00fa stre\u013ebu<\/li>\n<\/ul>\n<p>Vhodn\u00e1 pre s\u00fa\u0165a\u017ee na kr\u00e1tke vzdialenosti vy\u017eaduj\u00face r\u00fdchle zamierenie na cie\u013e a r\u00fdchle n\u00e1sledn\u00e9 v\u00fdstrely. Neodpor\u00fa\u010da sa pre slu\u017eobn\u00e9 pou\u017eitie, stre\u013ebu z lavice alebo presn\u00fa stre\u013ebu.<\/p>\n<p><strong>Pozn\u00e1mka:<\/strong> SD-3G poskytuje vysok\u00fa r\u00fdchlos\u0165 pri zachovan\u00ed bezpe\u010dnosti a odolnosti dvojstup\u0148ovej bojovej sp\u00fa\u0161te.<\/p>\n<\/div>\n","protected":false},"excerpt":{"rendered":"<p>Ploch\u00fd lu\u010d\u00edk pre 3-gun sp\u00fa\u0161\u0165: ultra r\u00fdchla, kr\u00e1tky \u0165ah, r\u00fdchly reset.<\/p>\n","protected":false},"featured_media":61942,"template":"","meta":{"_acf_changed":false},"product_brand":[11391],"product_cat":[13397,13346,13334],"product_tag":[],"class_list":{"0":"post-61941","1":"product","2":"type-product","3":"status-publish","4":"has-post-thumbnail","6":"product_brand-geissele","7":"product_cat-puska","8":"product_cat-rifle-tuning","9":"product_cat-spuste","11":"first","12":"outofstock","13":"taxable","14":"shipping-taxable","15":"product-type-simple"},"acf":[],"_links":{"self":[{"href":"https:\/\/staging.nbg.eu\/sk\/wp-json\/wp\/v2\/product\/61941","targetHints":{"allow":["GET"]}}],"collection":[{"href":"https:\/\/staging.nbg.eu\/sk\/wp-json\/wp\/v2\/product"}],"about":[{"href":"https:\/\/staging.nbg.eu\/sk\/wp-json\/wp\/v2\/types\/product"}],"wp:featuredmedia":[{"embeddable":true,"href":"https:\/\/staging.nbg.eu\/sk\/wp-json\/wp\/v2\/media\/61942"}],"wp:attachment":[{"href":"https:\/\/staging.nbg.eu\/sk\/wp-json\/wp\/v2\/media?parent=61941"}],"wp:term":[{"taxonomy":"product_brand","embeddable":true,"href":"https:\/\/staging.nbg.eu\/sk\/wp-json\/wp\/v2\/product_brand?post=61941"},{"taxonomy":"product_cat","embeddable":true,"href":"https:\/\/staging.nbg.eu\/sk\/wp-json\/wp\/v2\/product_cat?post=61941"},{"taxonomy":"product_tag","embeddable":true,"href":"https:\/\/staging.nbg.eu\/sk\/wp-json\/wp\/v2\/product_tag?post=61941"}],"curies":[{"name":"wp","href":"https:\/\/api.w.org\/{rel}","templated":true}]}}