{"id":61879,"date":"2024-02-14T19:46:21","date_gmt":"2024-09-16T11:14:34","guid":{"rendered":"https:\/\/staging.nbg.eu\/product\/geissele-hk-mr-556-trigger\/"},"modified":"2024-09-16T11:15:31","modified_gmt":"2024-09-16T11:15:31","slug":"geissele-hk-mr-556-spoust","status":"publish","type":"product","link":"https:\/\/staging.nbg.eu\/sk\/produkt\/geissele-hk-mr-556-spoust\/","title":{"rendered":"Geissele HK MR 556 spou\u0161\u0165"},"content":{"rendered":"<h2>Sp\u00fa\u0161\u0165 Geissele HK MR 556<\/h2>\n<p>Vylep\u0161ite va\u0161u HK 556 alebo poloautomatick\u00fa HK 416 sp\u00fa\u0161\u0165ou Geissele HK MR 556. Podobne ako na\u0161a sp\u00fa\u0161\u0165 SSA, t\u00e1to priamo zabudovate\u013en\u00e1 moderniz\u00e1cia pon\u00faka:<\/p>\n<ul>\n<li>Zlep\u0161en\u00fa presnos\u0165<\/li>\n<li>Plynulej\u0161\u00ed odpor sp\u00fa\u0161te<\/li>\n<li>R\u00fdchlej\u0161ie n\u00e1sledn\u00e9 v\u00fdstrely<\/li>\n<li>Kompatibilita s HK 556 a poloautomatickou HK 416<\/li>\n<\/ul>\n<p>Zlep\u0161ite v\u00e1\u0161 streleck\u00fd z\u00e1\u017eitok s produktom Geissele.<\/p>\n","protected":false},"excerpt":{"rendered":"<p>Presn\u00fd sp\u00fa\u0161\u0165ov\u00fd mechanizmus pre HK MR 556\/416. V\u00fdkon podobn\u00fd SSA pre zv\u00fd\u0161en\u00fa presnos\u0165.<\/p>\n","protected":false},"featured_media":61880,"template":"","meta":{"_acf_changed":false},"product_brand":[11391],"product_cat":[13397,13346,13334],"product_tag":[],"class_list":{"0":"post-61879","1":"product","2":"type-product","3":"status-publish","4":"has-post-thumbnail","6":"product_brand-geissele","7":"product_cat-puska","8":"product_cat-rifle-tuning","9":"product_cat-spuste","11":"first","12":"instock","13":"taxable","14":"shipping-taxable","15":"product-type-simple"},"acf":[],"_links":{"self":[{"href":"https:\/\/staging.nbg.eu\/sk\/wp-json\/wp\/v2\/product\/61879","targetHints":{"allow":["GET"]}}],"collection":[{"href":"https:\/\/staging.nbg.eu\/sk\/wp-json\/wp\/v2\/product"}],"about":[{"href":"https:\/\/staging.nbg.eu\/sk\/wp-json\/wp\/v2\/types\/product"}],"wp:featuredmedia":[{"embeddable":true,"href":"https:\/\/staging.nbg.eu\/sk\/wp-json\/wp\/v2\/media\/61880"}],"wp:attachment":[{"href":"https:\/\/staging.nbg.eu\/sk\/wp-json\/wp\/v2\/media?parent=61879"}],"wp:term":[{"taxonomy":"product_brand","embeddable":true,"href":"https:\/\/staging.nbg.eu\/sk\/wp-json\/wp\/v2\/product_brand?post=61879"},{"taxonomy":"product_cat","embeddable":true,"href":"https:\/\/staging.nbg.eu\/sk\/wp-json\/wp\/v2\/product_cat?post=61879"},{"taxonomy":"product_tag","embeddable":true,"href":"https:\/\/staging.nbg.eu\/sk\/wp-json\/wp\/v2\/product_tag?post=61879"}],"curies":[{"name":"wp","href":"https:\/\/api.w.org\/{rel}","templated":true}]}}