{"id":61817,"date":"2024-02-14T19:52:46","date_gmt":"2024-09-16T11:12:42","guid":{"rendered":"https:\/\/staging.nbg.eu\/product\/geissele-hk-mr-762-trigger\/"},"modified":"2024-09-16T11:13:41","modified_gmt":"2024-09-16T11:13:41","slug":"geissele-hk-mr-762-spoust","status":"publish","type":"product","link":"https:\/\/staging.nbg.eu\/sk\/produkt\/geissele-hk-mr-762-spoust\/","title":{"rendered":"Geissele HK MR 762 spou\u0161\u0165"},"content":{"rendered":"<div class=\"product-description\">\n<h2>Geissele HK MR 762 sp\u00fa\u0161\u0165<\/h2>\n<p>Geissele HK MR 762 sp\u00fa\u0161\u0165 pre HK 762 alebo poloautomatick\u00fa HK 417 pon\u00faka:<\/p>\n<ul>\n<li>Plynul\u00fd \u0165ah<\/li>\n<li>Zv\u00fd\u0161en\u00e1 presnos\u0165<\/li>\n<li>Kompatibilita s modelmi HK 762 a HK 417<\/li>\n<li>Odoln\u00e1 kon\u0161trukcia<\/li>\n<\/ul>\n<p>Geissele sp\u00fa\u0161\u0165 vyu\u017e\u00edva technol\u00f3giu v\u00fdroby sp\u00fa\u0161t\u00ed.<\/p>\n<\/div>\n","protected":false},"excerpt":{"rendered":"<p>Prec\u00edzna sp\u00fa\u0161\u0165 v \u0161t\u00fdle SSA pre pu\u0161ky HK 762 a poloautomatick\u00e9 HK 417.<\/p>\n","protected":false},"featured_media":61818,"template":"","meta":{"_acf_changed":false},"product_brand":[11391],"product_cat":[13397,13346,13334],"product_tag":[],"class_list":{"0":"post-61817","1":"product","2":"type-product","3":"status-publish","4":"has-post-thumbnail","6":"product_brand-geissele","7":"product_cat-puska","8":"product_cat-rifle-tuning","9":"product_cat-spuste","11":"first","12":"instock","13":"taxable","14":"shipping-taxable","15":"product-type-simple"},"acf":[],"_links":{"self":[{"href":"https:\/\/staging.nbg.eu\/sk\/wp-json\/wp\/v2\/product\/61817","targetHints":{"allow":["GET"]}}],"collection":[{"href":"https:\/\/staging.nbg.eu\/sk\/wp-json\/wp\/v2\/product"}],"about":[{"href":"https:\/\/staging.nbg.eu\/sk\/wp-json\/wp\/v2\/types\/product"}],"wp:featuredmedia":[{"embeddable":true,"href":"https:\/\/staging.nbg.eu\/sk\/wp-json\/wp\/v2\/media\/61818"}],"wp:attachment":[{"href":"https:\/\/staging.nbg.eu\/sk\/wp-json\/wp\/v2\/media?parent=61817"}],"wp:term":[{"taxonomy":"product_brand","embeddable":true,"href":"https:\/\/staging.nbg.eu\/sk\/wp-json\/wp\/v2\/product_brand?post=61817"},{"taxonomy":"product_cat","embeddable":true,"href":"https:\/\/staging.nbg.eu\/sk\/wp-json\/wp\/v2\/product_cat?post=61817"},{"taxonomy":"product_tag","embeddable":true,"href":"https:\/\/staging.nbg.eu\/sk\/wp-json\/wp\/v2\/product_tag?post=61817"}],"curies":[{"name":"wp","href":"https:\/\/api.w.org\/{rel}","templated":true}]}}