{"id":61631,"date":"2024-02-14T20:12:21","date_gmt":"2024-09-16T10:54:53","guid":{"rendered":"https:\/\/staging.nbg.eu\/product\/geissele-13-5-super-modular-rail-mk16-m-lok\/"},"modified":"2024-09-16T11:03:38","modified_gmt":"2024-09-16T11:03:38","slug":"geissele-135-super-modular-rail-mk16-m-lok","status":"publish","type":"product","link":"https:\/\/staging.nbg.eu\/sk\/produkt\/geissele-135-super-modular-rail-mk16-m-lok\/","title":{"rendered":"Geissele 13.5&#8243; Super Modular Rail MK16 M-LOK\u00ae"},"content":{"rendered":"<h2 style=\"text-align: center\"><b>13,5&#8243; Super modul\u00e1rna li\u0161ta MK16 M-LOK\u00ae<\/b><\/h2>\n<p>Geissele Super modul\u00e1rna li\u0161ta MK16 sa montuje na horn\u00fa \u010das\u0165 AR-15 pomocou aktualizovanej verzie osved\u010den\u00e9ho dizajnu matice hlavne Geissele. MK16 sa \u013eahko in\u0161taluje a udr\u017eiava a pon\u00faka vynikaj\u00facu tuhos\u0165. Protiot\u00e1\u010dacie zar\u00e1\u017eky a nastavovacie skrutky zais\u0165uj\u00fa, \u017ee sa li\u0161ta nebude ot\u00e1\u010da\u0165 ani pri extr\u00e9mnom pou\u017e\u00edvan\u00ed. Picatinny li\u0161ta M1913 hore a M-LOK\u2122 sloty na ka\u017edom kvadrante umo\u017e\u0148uj\u00fa maxim\u00e1lnu prisp\u00f4sobite\u013enos\u0165 pre v\u0161etko pr\u00edslu\u0161enstvo. Geissele SMR MK16 je presne vyroben\u00fd z hlin\u00edka s\u00e9rie 7000 kv\u00f4li jeho pevn\u00fdm, tuh\u00fdm a \u013eahk\u00fdm vlastnostiam a je povrchovo upraven\u00fd tvrd\u00fdm eloxovan\u00edm typu 3.<\/p>\n<p>Super modul\u00e1rna li\u0161ta 13,5&#8243; (SMR) MK16 M-LOK\u00ae, NSN# 1005-01-672-4794 (13,5&#8243;), bola prijat\u00e1 USASOC pre program URG-I (Vylep\u0161en\u00e1 skupina horn\u00e9ho prij\u00edma\u010da).<\/p>\n<p>&nbsp;<\/p>\n<h2 style=\"text-align: center\"><strong>\u0160PECIFIK\u00c1CIE<\/strong><\/h2>\n<hr \/>\n<table border=\"1\">\n<tbody>\n<tr>\n<td><strong>V\u00dd\u0160KA: <\/strong><\/td>\n<td> 2,39&#8243;<\/td>\n<\/tr>\n<tr>\n<td><strong>FARBA: <\/strong><\/td>\n<td> \u010cierna, DDC, Siv\u00e1, ODG<\/td>\n<\/tr>\n<tr>\n<td><strong>MATERI\u00c1L: <\/strong><\/td>\n<td> Hlin\u00edk s\u00e9rie 7000<\/td>\n<\/tr>\n<tr>\n<td><strong>POVRCHOV\u00c1 \u00daPRAVA: <\/strong><\/td>\n<td> Tvrd\u00e9 eloxovanie typu 3<\/td>\n<\/tr>\n<tr>\n<td><strong>DOSTUPN\u00c9 D\u0139\u017dKY: <\/strong><\/td>\n<td> 9,3&#8243;, 10,5&#8243;, 13,5&#8243;, 15&#8243;<\/td>\n<\/tr>\n<tr>\n<td><strong>VN\u00daTORN\u00dd PRIEMER: <\/strong><\/td>\n<td> 1,26&#8243;<\/td>\n<\/tr>\n<tr>\n<td><strong>VONKAJ\u0160\u00cd PRIEMER (VPK*): <\/strong><\/td>\n<td> 1,59&#8243;<\/td>\n<\/tr>\n<tr>\n<td><strong>HMOTNOS\u0164 SMR MK16 9,3&#8243;: <\/strong><\/td>\n<td> 286 g (333 g s maticou hlavne)<\/td>\n<\/tr>\n<tr>\n<td><strong>HMOTNOS\u0164 SMR MK16 10,5&#8243;: <\/strong><\/td>\n<td> 312 g (357 g s maticou hlavne)<\/td>\n<\/tr>\n<tr>\n<td><strong>HMOTNOS\u0164 SMR MK16 13,5&#8243;: <\/strong><\/td>\n<td> 380 g (422 g s maticou hlavne)<\/td>\n<\/tr>\n<tr>\n<td><strong>HMOTNOS\u0164 SMR MK16 15&#8243;: <\/strong><\/td>\n<td> 403 g (448 g s maticou hlavne)<\/td>\n<\/tr>\n<\/tbody>\n<\/table>\n<p><em>*VPK &#8211; Vzdialenos\u0165 Priemer Kvadrantov<\/em><\/p>\n","protected":false},"excerpt":{"rendered":"<p><strong>Neprekonate\u013en\u00fd v\u00fdkon pre najn\u00e1ro\u010dnej\u0161\u00edch strelcov<\/strong><\/p>\n","protected":false},"featured_media":61632,"template":"","meta":{"_acf_changed":false},"product_brand":[11391],"product_cat":[13394,13345,13397,13346],"product_tag":[],"class_list":{"0":"post-61631","1":"product","2":"type-product","3":"status-publish","4":"has-post-thumbnail","6":"product_brand-geissele","7":"product_cat-karabiny","8":"product_cat-listy","9":"product_cat-puska","10":"product_cat-rifle-tuning","12":"first","13":"instock","14":"taxable","15":"shipping-taxable","16":"product-type-variable","17":"wvs-archive-product-wrapper"},"acf":[],"_links":{"self":[{"href":"https:\/\/staging.nbg.eu\/sk\/wp-json\/wp\/v2\/product\/61631","targetHints":{"allow":["GET"]}}],"collection":[{"href":"https:\/\/staging.nbg.eu\/sk\/wp-json\/wp\/v2\/product"}],"about":[{"href":"https:\/\/staging.nbg.eu\/sk\/wp-json\/wp\/v2\/types\/product"}],"wp:featuredmedia":[{"embeddable":true,"href":"https:\/\/staging.nbg.eu\/sk\/wp-json\/wp\/v2\/media\/61632"}],"wp:attachment":[{"href":"https:\/\/staging.nbg.eu\/sk\/wp-json\/wp\/v2\/media?parent=61631"}],"wp:term":[{"taxonomy":"product_brand","embeddable":true,"href":"https:\/\/staging.nbg.eu\/sk\/wp-json\/wp\/v2\/product_brand?post=61631"},{"taxonomy":"product_cat","embeddable":true,"href":"https:\/\/staging.nbg.eu\/sk\/wp-json\/wp\/v2\/product_cat?post=61631"},{"taxonomy":"product_tag","embeddable":true,"href":"https:\/\/staging.nbg.eu\/sk\/wp-json\/wp\/v2\/product_tag?post=61631"}],"curies":[{"name":"wp","href":"https:\/\/api.w.org\/{rel}","templated":true}]}}