{"id":61197,"date":"2024-02-14T20:33:29","date_gmt":"2024-09-16T10:40:34","guid":{"rendered":"https:\/\/staging.nbg.eu\/product\/geissele-16-super-modular-rail-mk18-m-lok\/"},"modified":"2024-09-16T10:41:38","modified_gmt":"2024-09-16T10:41:38","slug":"geissele-16-super-modular-rail-mk18-m-lok","status":"publish","type":"product","link":"https:\/\/staging.nbg.eu\/sk\/produkt\/geissele-16-super-modular-rail-mk18-m-lok\/","title":{"rendered":"Geissele 16&#8243; Super Modular Rail MK18 M-LOK\u00ae"},"content":{"rendered":"<h2 style=\"text-align: center\"><b>16&#8243; Super modul\u00e1rna li\u0161ta MK18 M-LOK\u00ae<\/b><\/h2>\n<p>MK18 je najnov\u0161ia v rade Geissele Super modul\u00e1rnych l\u00ed\u0161t a je \u0161pecificky vyroben\u00e1 na rozhranie so syst\u00e9mom Arca-Swiss Quick Release. Tento nov\u00fd predpa\u017eb\u00ed je zalo\u017een\u00fd na MK16 M-LOK Super modul\u00e1rnej li\u0161te, pon\u00faka mal\u00fd priemer a celkov\u00fa v\u00fd\u0161ku, \u010d\u00edm vytv\u00e1ra \u00fazky profil. Ploch\u00e1 z\u00e1klad\u0148a MK18 m\u00e1 35 mm \u0161irok\u00fa formu s 45-stup\u0148ov\u00fdm rybinov\u00fdm spojom, ktor\u00fd umo\u017e\u0148uje r\u00fdchle upevnenie na mont\u00e1\u017enu z\u00e1klad\u0148u Arca-Swiss Quick Release. MK18 obsahuje 2,25&#8243; dlh\u00fa maticu hlavne Geissele, ktor\u00e1 sa sp\u00e1ja s prij\u00edma\u010dom a vytv\u00e1ra platformu, ktor\u00e1 je rovn\u00e1 po celej d\u013a\u017eke vo\u013ene pl\u00e1vaj\u00facej li\u0161ty. 16&#8243; dlh\u00e1 MK18 je 3D presne obroben\u00e1 s pou\u017eit\u00edm hlin\u00edka s\u00e9rie 7000.<\/p>\n<p>Vyu\u017e\u00edva technol\u00f3giu Magpul M-LOK v hlavn\u00fdch 3 kvadrantoch (v\u013eavo, vpravo a dole), ako aj v horn\u00fdch 45\u00b0. MK18 Super modul\u00e1rna li\u0161ta je dokon\u010den\u00e1 odoln\u00fdm a dlhotrvaj\u00facim anodizovan\u00fdm povrchom typu 3, dostupn\u00fdm v \u010diernej farbe alebo v \u00faprave Geissele DDC.<\/p>\n<p>Geissele Super modul\u00e1rna li\u0161ta MK18 je kompatibiln\u00e1 s pu\u0161kami AR15 typu mil-spec.<\/p>\n<h2 style=\"text-align: center\"><strong>\u0160PECIFIK\u00c1CIE<\/strong><\/h2>\n<hr \/>\n<table border=\"1\">\n<tbody>\n<tr>\n<td><strong>V\u00dd\u0160KA: <\/strong><\/td>\n<td> 2,08<\/td>\n<\/tr>\n<tr>\n<td><strong>FARBA: <\/strong><\/td>\n<td> DDC \/ \u010cierna<\/td>\n<\/tr>\n<tr>\n<td><strong>MATERI\u00c1L: <\/strong><\/td>\n<td> Hlin\u00edk s\u00e9rie 7000<\/td>\n<\/tr>\n<tr>\n<td><strong>POVRCHOV\u00c1 \u00daPRAVA: <\/strong><\/td>\n<td> Anodizovan\u00fd povrch typu 3<\/td>\n<\/tr>\n<tr>\n<td><strong>D\u0139\u017dKA: <\/strong><\/td>\n<td> 16,5&#8243;<\/td>\n<\/tr>\n<tr>\n<td><strong>VN\u00daTORN\u00dd PRIEMER: <\/strong><\/td>\n<td> 1,26&#8243;<\/td>\n<\/tr>\n<tr>\n<td><strong>VONKAJ\u0160\u00cd PRIEMER (DAQ*): <\/strong><\/td>\n<td> 1,59&#8243;<\/td>\n<\/tr>\n<tr>\n<td><strong>HMOTNOS\u0164 SMR MK18: <\/strong><\/td>\n<td> 17 oz (18,4 oz s maticou hlavne)<\/td>\n<\/tr>\n<\/tbody>\n<\/table>\n<p>&nbsp;<\/p>\n<p><em>*DAQ &#8211; Vzdialenos\u0165 naprie\u010d kvadrantmi<\/em><\/p>\n","protected":false},"excerpt":{"rendered":"<p><strong>Navrhnut\u00e9 na prepojenie s r\u00fdchloup\u00ednac\u00edm syst\u00e9mom Arca-Swiss<\/strong><\/p>\n","protected":false},"featured_media":61198,"template":"","meta":{"_acf_changed":false},"product_brand":[11391],"product_cat":[13394,13345,13397,13346],"product_tag":[],"class_list":{"0":"post-61197","1":"product","2":"type-product","3":"status-publish","4":"has-post-thumbnail","6":"product_brand-geissele","7":"product_cat-karabiny","8":"product_cat-listy","9":"product_cat-puska","10":"product_cat-rifle-tuning","12":"first","13":"outofstock","14":"taxable","15":"shipping-taxable","16":"product-type-variable","17":"wvs-archive-product-wrapper"},"acf":[],"_links":{"self":[{"href":"https:\/\/staging.nbg.eu\/sk\/wp-json\/wp\/v2\/product\/61197","targetHints":{"allow":["GET"]}}],"collection":[{"href":"https:\/\/staging.nbg.eu\/sk\/wp-json\/wp\/v2\/product"}],"about":[{"href":"https:\/\/staging.nbg.eu\/sk\/wp-json\/wp\/v2\/types\/product"}],"wp:featuredmedia":[{"embeddable":true,"href":"https:\/\/staging.nbg.eu\/sk\/wp-json\/wp\/v2\/media\/61198"}],"wp:attachment":[{"href":"https:\/\/staging.nbg.eu\/sk\/wp-json\/wp\/v2\/media?parent=61197"}],"wp:term":[{"taxonomy":"product_brand","embeddable":true,"href":"https:\/\/staging.nbg.eu\/sk\/wp-json\/wp\/v2\/product_brand?post=61197"},{"taxonomy":"product_cat","embeddable":true,"href":"https:\/\/staging.nbg.eu\/sk\/wp-json\/wp\/v2\/product_cat?post=61197"},{"taxonomy":"product_tag","embeddable":true,"href":"https:\/\/staging.nbg.eu\/sk\/wp-json\/wp\/v2\/product_tag?post=61197"}],"curies":[{"name":"wp","href":"https:\/\/api.w.org\/{rel}","templated":true}]}}