{"id":60867,"date":"2024-02-14T20:38:31","date_gmt":"2024-09-16T10:32:23","guid":{"rendered":"https:\/\/staging.nbg.eu\/product\/alg-defense-emr-v3x-15-handguard-black\/"},"modified":"2024-09-16T10:33:20","modified_gmt":"2024-09-16T10:33:20","slug":"alg-defense-emr-v3x-15-predpazbie-cierne","status":"publish","type":"product","link":"https:\/\/staging.nbg.eu\/sk\/produkt\/alg-defense-emr-v3x-15-predpazbie-cierne\/","title":{"rendered":"ALG Defense EMR V3X 15&#8243; predpa\u017ebie &#8211; \u010dierne"},"content":{"rendered":"<p>Predn\u00e1 rukov\u00e4\u0165 ALG Defense EMR V3X 15&#8243; v \u010diernej farbe pon\u00faka mo\u017enos\u0165 prisp\u00f4sobenia v\u010faka syst\u00e9mu M-LOK. Umo\u017e\u0148uje mont\u00e1\u017e pr\u00edslu\u0161enstva na poz\u00edci\u00e1ch 2, 4, 6, 8 a 10 hod\u00edn. Obsahuje celodd\u013a\u017ekov\u00fa li\u0161tu M1913 picatinny na poz\u00edcii 12 hod\u00edn pre pripevnenie mieridiel, laserov, svetiel a inej optiky. Vhodn\u00e1 na prisp\u00f4sobenie zbrane pod\u013ea individu\u00e1lnych potrieb.<\/p>\n","protected":false},"excerpt":{"rendered":"<p>V\u0161estrann\u00fd 15-palcov\u00fd (38,1 cm) M-LOK predpa\u017eb\u00ed s Picatinny li\u0161tou po celej d\u013a\u017eke.<\/p>\n","protected":false},"featured_media":60868,"template":"","meta":{"_acf_changed":false},"product_brand":[11391],"product_cat":[13345,13397,13346],"product_tag":[],"class_list":{"0":"post-60867","1":"product","2":"type-product","3":"status-publish","4":"has-post-thumbnail","6":"product_brand-geissele","7":"product_cat-listy","8":"product_cat-puska","9":"product_cat-rifle-tuning","11":"first","12":"instock","13":"taxable","14":"shipping-taxable","15":"product-type-simple"},"acf":[],"_links":{"self":[{"href":"https:\/\/staging.nbg.eu\/sk\/wp-json\/wp\/v2\/product\/60867","targetHints":{"allow":["GET"]}}],"collection":[{"href":"https:\/\/staging.nbg.eu\/sk\/wp-json\/wp\/v2\/product"}],"about":[{"href":"https:\/\/staging.nbg.eu\/sk\/wp-json\/wp\/v2\/types\/product"}],"wp:featuredmedia":[{"embeddable":true,"href":"https:\/\/staging.nbg.eu\/sk\/wp-json\/wp\/v2\/media\/60868"}],"wp:attachment":[{"href":"https:\/\/staging.nbg.eu\/sk\/wp-json\/wp\/v2\/media?parent=60867"}],"wp:term":[{"taxonomy":"product_brand","embeddable":true,"href":"https:\/\/staging.nbg.eu\/sk\/wp-json\/wp\/v2\/product_brand?post=60867"},{"taxonomy":"product_cat","embeddable":true,"href":"https:\/\/staging.nbg.eu\/sk\/wp-json\/wp\/v2\/product_cat?post=60867"},{"taxonomy":"product_tag","embeddable":true,"href":"https:\/\/staging.nbg.eu\/sk\/wp-json\/wp\/v2\/product_tag?post=60867"}],"curies":[{"name":"wp","href":"https:\/\/api.w.org\/{rel}","templated":true}]}}