{"id":60450,"date":"2024-02-15T07:17:14","date_gmt":"2024-02-15T07:17:14","guid":{"rendered":"https:\/\/staging.nbg.eu\/product\/geissele-super-42-rifle-length-spring\/"},"modified":"2024-09-13T16:16:58","modified_gmt":"2024-09-13T16:16:58","slug":"geissele-super-42-pruzina-dlzky-pusky","status":"publish","type":"product","link":"https:\/\/staging.nbg.eu\/sk\/produkt\/geissele-super-42-pruzina-dlzky-pusky\/","title":{"rendered":"Geissele Super 42 pru\u017eina d\u013a\u017eky pu\u0161ky"},"content":{"rendered":"<p>\nGeissele Super 42 pru\u017eina pre pu\u0161ku s d\u013a\u017ekou M-16\/AR-15 m\u00e1 trojdr\u00f4tov\u00fd dizajn, ktor\u00fd funguje ako tlmi\u010d vibr\u00e1ci\u00ed. Absorbuje energiu a zni\u017euje riziko zlyhania pru\u017einy. Zlep\u0161uje spo\u013eahlivos\u0165, zni\u017euje zvuk &#8222;brnknutia&#8220; a je kompatibiln\u00e1 so \u0161tandardn\u00fdmi tlmi\u010dmi a r\u00farkami pre pu\u0161ky tejto d\u013a\u017eky.<\/p>\n","protected":false},"excerpt":{"rendered":"<p>Vylep\u0161ite v\u00fdkon AR-15 pomocou inovat\u00edvnej trojpramennej pru\u017einy od spolo\u010dnosti Geissele.<\/p>\n","protected":false},"featured_media":60451,"template":"","meta":{"_acf_changed":false},"product_brand":[11391],"product_cat":[13408,13397,13346],"product_tag":[],"class_list":{"0":"post-60450","1":"product","2":"type-product","3":"status-publish","4":"has-post-thumbnail","6":"product_brand-geissele","7":"product_cat-pruziny","8":"product_cat-puska","9":"product_cat-rifle-tuning","11":"first","12":"instock","13":"taxable","14":"shipping-taxable","15":"product-type-simple"},"acf":[],"_links":{"self":[{"href":"https:\/\/staging.nbg.eu\/sk\/wp-json\/wp\/v2\/product\/60450","targetHints":{"allow":["GET"]}}],"collection":[{"href":"https:\/\/staging.nbg.eu\/sk\/wp-json\/wp\/v2\/product"}],"about":[{"href":"https:\/\/staging.nbg.eu\/sk\/wp-json\/wp\/v2\/types\/product"}],"wp:featuredmedia":[{"embeddable":true,"href":"https:\/\/staging.nbg.eu\/sk\/wp-json\/wp\/v2\/media\/60451"}],"wp:attachment":[{"href":"https:\/\/staging.nbg.eu\/sk\/wp-json\/wp\/v2\/media?parent=60450"}],"wp:term":[{"taxonomy":"product_brand","embeddable":true,"href":"https:\/\/staging.nbg.eu\/sk\/wp-json\/wp\/v2\/product_brand?post=60450"},{"taxonomy":"product_cat","embeddable":true,"href":"https:\/\/staging.nbg.eu\/sk\/wp-json\/wp\/v2\/product_cat?post=60450"},{"taxonomy":"product_tag","embeddable":true,"href":"https:\/\/staging.nbg.eu\/sk\/wp-json\/wp\/v2\/product_tag?post=60450"}],"curies":[{"name":"wp","href":"https:\/\/api.w.org\/{rel}","templated":true}]}}