{"id":60340,"date":"2024-02-15T07:27:09","date_gmt":"2024-09-13T16:11:12","guid":{"rendered":"https:\/\/staging.nbg.eu\/product\/geissele-super-charging-handle-sch-5-56\/"},"modified":"2024-09-13T16:12:11","modified_gmt":"2024-09-13T16:12:11","slug":"geissele-super-nabijacia-paka-sch-762","status":"publish","type":"product","link":"https:\/\/staging.nbg.eu\/sk\/produkt\/geissele-super-nabijacia-paka-sch-762\/","title":{"rendered":"Geissele Super nab\u00edjacia p\u00e1ka (SCH) 7.62"},"content":{"rendered":"<div class=\"product-description\">\n<h2>Geissele Nab\u00edjacia rukov\u00e4\u0165 (SCH\u00ae) 5.56<\/h2>\n<p>Presne vyroben\u00e1 zo zliatiny hlin\u00edka 7075-T6, t\u00e1to obojstrann\u00e1 nab\u00edjacia rukov\u00e4\u0165 obsahuje:<\/p>\n<ul>\n<li>Dvojito tvarovan\u00e9 p\u00e1ky s vr\u00fabkovan\u00fdm povrchom<\/li>\n<li>Vylep\u0161en\u00e9 odv\u00e1dzanie plynov pre tlmen\u00e9 syst\u00e9my<\/li>\n<li>Povrchov\u00e1 \u00faprava tvrd\u00fdm eloxovan\u00edm typu 3<\/li>\n<li>Dostupn\u00e9 v \u010diernej farbe a DDC<\/li>\n<\/ul>\n<p>Zlep\u0161uje ergon\u00f3miu a odolnos\u0165 va\u0161ej AR-15.<\/p>\n<\/div>\n","protected":false},"excerpt":{"rendered":"<p>Obojru\u010dn\u00e1 nab\u00edjacia p\u00e1ka z hlin\u00edka 7075-T6. Dizajn zmier\u0148uj\u00faci \u00fanik plynov.<\/p>\n","protected":false},"featured_media":60341,"template":"","meta":{"_acf_changed":false},"product_brand":[11391],"product_cat":[13352,13397,13346],"product_tag":[],"class_list":{"0":"post-60340","1":"product","2":"type-product","3":"status-publish","4":"has-post-thumbnail","6":"product_brand-geissele","7":"product_cat-nabijacie-paky","8":"product_cat-puska","9":"product_cat-rifle-tuning","11":"first","12":"instock","13":"taxable","14":"shipping-taxable","15":"product-type-variable","16":"wvs-archive-product-wrapper"},"acf":[],"_links":{"self":[{"href":"https:\/\/staging.nbg.eu\/sk\/wp-json\/wp\/v2\/product\/60340","targetHints":{"allow":["GET"]}}],"collection":[{"href":"https:\/\/staging.nbg.eu\/sk\/wp-json\/wp\/v2\/product"}],"about":[{"href":"https:\/\/staging.nbg.eu\/sk\/wp-json\/wp\/v2\/types\/product"}],"wp:featuredmedia":[{"embeddable":true,"href":"https:\/\/staging.nbg.eu\/sk\/wp-json\/wp\/v2\/media\/60341"}],"wp:attachment":[{"href":"https:\/\/staging.nbg.eu\/sk\/wp-json\/wp\/v2\/media?parent=60340"}],"wp:term":[{"taxonomy":"product_brand","embeddable":true,"href":"https:\/\/staging.nbg.eu\/sk\/wp-json\/wp\/v2\/product_brand?post=60340"},{"taxonomy":"product_cat","embeddable":true,"href":"https:\/\/staging.nbg.eu\/sk\/wp-json\/wp\/v2\/product_cat?post=60340"},{"taxonomy":"product_tag","embeddable":true,"href":"https:\/\/staging.nbg.eu\/sk\/wp-json\/wp\/v2\/product_tag?post=60340"}],"curies":[{"name":"wp","href":"https:\/\/api.w.org\/{rel}","templated":true}]}}