{"id":60114,"date":"2024-02-15T07:54:43","date_gmt":"2024-09-13T16:09:33","guid":{"rendered":"https:\/\/staging.nbg.eu\/product\/geissele-super-charging-handle-sch-7-62\/"},"modified":"2024-09-13T16:10:32","modified_gmt":"2024-09-13T16:10:32","slug":"geissele-super-nastavitelny-bezpecnostny-volic-cierny","status":"publish","type":"product","link":"https:\/\/staging.nbg.eu\/sk\/produkt\/geissele-super-nastavitelny-bezpecnostny-volic-cierny\/","title":{"rendered":"Geissele Super nastavite\u013en\u00fd bezpe\u010dnostn\u00fd voli\u010d &#8211; \u010cierny"},"content":{"rendered":"<div class=\"product-description\">\n<h2>Geissele Nab\u00edjacia rukov\u00e4\u0165 (SCH\u00ae) 7.62<\/h2>\n<p>SCH\u00ae 7.62 je obojstrann\u00e1 nab\u00edjacia rukov\u00e4\u0165 vyroben\u00e1 z hlin\u00edka 7075-T6. M\u00e1 tvarovan\u00e9 p\u00e1ky s dr\u00e1\u017ekovan\u00fdm povrchom pre lep\u0161ie uchopenie. Zv\u00fd\u0161en\u00fd zadn\u00fd okraj zni\u017euje \u00fanik plynu. Je anodizovan\u00e1 a dostupn\u00e1 v \u010diernej farbe a farbe DDC.<\/p>\n<p>Kompatibiln\u00e1 s v\u00e4\u010d\u0161inou zbran\u00ed typu SR25, DPMS\/LR308 a AR10. Pred in\u0161tal\u00e1ciou overte kompatibilitu s v\u00fdrobcom va\u0161ej zbrane.<\/p>\n<p><strong>Nie je kompatibiln\u00e1 s:<\/strong> HK 762, Colt 901, DPMS GII, Adams Arms .308 Patrol Rifle, Daniel Defense DD5, Sig 716, BPM Long Range Marksman .308, Smith &amp; Wesson MP-10, Bushmaster BAR-10, Rock River Arms LAR-8.<\/p>\n<\/div>\n","protected":false},"excerpt":{"rendered":"<p>Obojru\u010dn\u00e1 nab\u00edjacia rukov\u00e4\u0165 z hlin\u00edka 7075-T6 pre pu\u0161ky kalibru 7,62.<\/p>\n","protected":false},"featured_media":60115,"template":"","meta":{"_acf_changed":false},"product_brand":[11391],"product_cat":[13352,13397,13346],"product_tag":[],"class_list":{"0":"post-60114","1":"product","2":"type-product","3":"status-publish","4":"has-post-thumbnail","6":"product_brand-geissele","7":"product_cat-nabijacie-paky","8":"product_cat-puska","9":"product_cat-rifle-tuning","11":"first","12":"instock","13":"taxable","14":"shipping-taxable","15":"product-type-variable","16":"wvs-archive-product-wrapper"},"acf":[],"_links":{"self":[{"href":"https:\/\/staging.nbg.eu\/sk\/wp-json\/wp\/v2\/product\/60114","targetHints":{"allow":["GET"]}}],"collection":[{"href":"https:\/\/staging.nbg.eu\/sk\/wp-json\/wp\/v2\/product"}],"about":[{"href":"https:\/\/staging.nbg.eu\/sk\/wp-json\/wp\/v2\/types\/product"}],"wp:featuredmedia":[{"embeddable":true,"href":"https:\/\/staging.nbg.eu\/sk\/wp-json\/wp\/v2\/media\/60115"}],"wp:attachment":[{"href":"https:\/\/staging.nbg.eu\/sk\/wp-json\/wp\/v2\/media?parent=60114"}],"wp:term":[{"taxonomy":"product_brand","embeddable":true,"href":"https:\/\/staging.nbg.eu\/sk\/wp-json\/wp\/v2\/product_brand?post=60114"},{"taxonomy":"product_cat","embeddable":true,"href":"https:\/\/staging.nbg.eu\/sk\/wp-json\/wp\/v2\/product_cat?post=60114"},{"taxonomy":"product_tag","embeddable":true,"href":"https:\/\/staging.nbg.eu\/sk\/wp-json\/wp\/v2\/product_tag?post=60114"}],"curies":[{"name":"wp","href":"https:\/\/api.w.org\/{rel}","templated":true}]}}